{"id":199,"date":"2025-08-02T11:56:07","date_gmt":"2025-08-02T11:56:07","guid":{"rendered":"https:\/\/casino-vergleichstest.net\/domov\/"},"modified":"2025-08-02T11:56:07","modified_gmt":"2025-08-02T11:56:07","slug":"domov","status":"publish","type":"page","link":"https:\/\/casino-vergleichstest.net\/cs\/","title":{"rendered":"Domov"},"content":{"rendered":"<h2>Porovn\u00e1n\u00ed a testov\u00e1n\u00ed online kasin<\/h2>\n<p><img loading=\"lazy\" decoding=\"async\" style=\"margin-bottom: 10px; margin-left: 10px; float: right;\" alt=\"Testov\u00e1n\u00ed online kasin\" src=\"images\/stories\/Jackpot1.jpg\" height=\"156\" width=\"234\" \/>Porovn\u00e1v\u00e1me a testujeme pro v\u00e1s nejlep\u0161\u00ed online kasina. Nab\u00eddka her, kvalita softwaru, bezpe\u010dnost a spolehlivost a v neposledn\u00ed \u0159ad\u011b bonusov\u00e9 nab\u00eddky online kasin jsou pro ka\u017ed\u00e9ho hr\u00e1\u010de kl\u00ed\u010dov\u00e9 \u2013 v\u0161echny tyto informace prezentujeme p\u0159ehledn\u011b. Abyste mohli vyu\u017e\u00edt nab\u00eddky kasina a kasinov\u00fd bonus, kter\u00fd z\u00edsk\u00e1te s prvn\u00edm vkladem, je v mnoha kasinech z\u00e1sadn\u00ed zadat spr\u00e1vn\u00fd kasinov\u00fd bonusov\u00fd k\u00f3d \u2013 zde najdete p\u0159\u00edslu\u0161n\u00fd kasinov\u00fd bonusov\u00fd k\u00f3d, kter\u00fd v\u00e1m zaru\u010d\u00ed maxim\u00e1ln\u00ed a nejlep\u0161\u00ed kasinov\u00fd bonus!<\/p>\n<p>Chcete-li z\u00edskat podrobn\u00e9 informace o jednotliv\u00fdch kasinech, klikn\u011bte v\u00fd\u0161e na nab\u00eddku \u201eNejlep\u0161\u00ed online kasina v testu\u201c. Pro ka\u017ed\u00e9ho z hlavn\u00edch poskytovatel\u016f online kasin jsme vytvo\u0159ili kasinov\u00fd test se v\u0161emi d\u016fle\u017eit\u00fdmi informacemi.<\/p>\n<p>D\u00e1le v\u00e1m poskytneme cenn\u00e9 tipy ohledn\u011b kasinov\u00e9 strategie pro nejobl\u00edben\u011bj\u0161\u00ed hry a odpov\u00edme na nej\u010dast\u011bj\u0161\u00ed ot\u00e1zky t\u00fdkaj\u00edc\u00ed se online kasin. V\u0161ichni poskytovatel\u00e9 v na\u0161em srovn\u00e1n\u00ed jsou naprosto seri\u00f3zn\u00ed. To plat\u00ed zejm\u00e9na pro bezpe\u010dnost vklad\u016f a v\u00fdb\u011br\u016f, stejn\u011b jako pro f\u00e9rov\u00e9 \u200b\u200bkurzy ve h\u0159e.<br \/>P\u0159ed v\u00fdb\u011brem kasina si nezapome\u0148te p\u0159e\u010d\u00edst na\u0161e informace a kasinov\u00e9 testy. Nejlep\u0161\u00ed online kasino nemus\u00ed b\u00fdt nutn\u011b to, kter\u00e9 nab\u00edz\u00ed nejlep\u0161\u00ed kasinov\u00fd bonusov\u00fd k\u00f3d \u2013 m\u011bli byste si porovnat sami a pot\u00e9 si vybrat kasino, kter\u00e9 v\u00e1s nejv\u00edce oslovuje a kde si nab\u00edzen\u00e9 hry u\u017e\u00edv\u00e1te.<\/p>\n<p>Mimochodem: v\u00fdplatn\u00ed sazby jsou prakticky ve v\u0161ech kasinech t\u00e9m\u011b\u0159 stejn\u00e9 \u2013 v kasinov\u00fdch testech se konzistentn\u011b pohybuj\u00ed kolem 97\u201398 procent!<\/p>\n","protected":false},"excerpt":{"rendered":"<p>Porovn\u00e1n\u00ed a testov\u00e1n\u00ed online kasin Porovn\u00e1v\u00e1me a testujeme pro v\u00e1s nejlep\u0161\u00ed online kasina. Nab\u00eddka her, kvalita softwaru, bezpe\u010dnost a spolehlivost a v neposledn\u00ed \u0159ad\u011b bonusov\u00e9 nab\u00eddky online kasin jsou pro ka\u017ed\u00e9ho hr\u00e1\u010de kl\u00ed\u010dov\u00e9 \u2013 v\u0161echny tyto informace prezentujeme p\u0159ehledn\u011b. Abyste mohli vyu\u017e\u00edt nab\u00eddky kasina a kasinov\u00fd bonus, kter\u00fd z\u00edsk\u00e1te s prvn\u00edm vkladem, je v mnoha &#8230; <a title=\"Domov\" class=\"read-more\" href=\"https:\/\/casino-vergleichstest.net\/cs\/\" aria-label=\"\u010c\u00edst v\u00edce o Domov\">\u010c\u00edst d\u00e1l<\/a><\/p>\n","protected":false},"author":1,"featured_media":0,"parent":0,"menu_order":0,"comment_status":"closed","ping_status":"closed","template":"","meta":{"footnotes":""},"class_list":["post-199","page","type-page","status-publish"],"yoast_head":"<!-- This site is optimized with the Yoast SEO plugin v27.4 - https:\/\/yoast.com\/product\/yoast-seo-wordpress\/ -->\n<title>Recenze online kasina | Porovn\u00e1n\u00ed online kasin<\/title>\n<meta name=\"robots\" content=\"index, follow, max-snippet:-1, max-image-preview:large, max-video-preview:-1\" \/>\n<link rel=\"canonical\" href=\"https:\/\/casino-vergleichstest.net\/cs\/\" \/>\n<meta property=\"og:locale\" content=\"cs_CZ\" \/>\n<meta property=\"og:type\" content=\"article\" \/>\n<meta property=\"og:title\" content=\"Recenze online kasina | Porovn\u00e1n\u00ed online kasin\" \/>\n<meta property=\"og:description\" content=\"Porovn\u00e1n\u00ed a testov\u00e1n\u00ed online kasin Porovn\u00e1v\u00e1me a testujeme pro v\u00e1s nejlep\u0161\u00ed online kasina. Nab\u00eddka her, kvalita softwaru, bezpe\u010dnost a spolehlivost a v neposledn\u00ed \u0159ad\u011b bonusov\u00e9 nab\u00eddky online kasin jsou pro ka\u017ed\u00e9ho hr\u00e1\u010de kl\u00ed\u010dov\u00e9 \u2013 v\u0161echny tyto informace prezentujeme p\u0159ehledn\u011b. Abyste mohli vyu\u017e\u00edt nab\u00eddky kasina a kasinov\u00fd bonus, kter\u00fd z\u00edsk\u00e1te s prvn\u00edm vkladem, je v mnoha ... \u010c\u00edst d\u00e1l\" \/>\n<meta property=\"og:url\" content=\"https:\/\/casino-vergleichstest.net\/cs\/\" \/>\n<meta name=\"twitter:card\" content=\"summary_large_image\" \/>\n<meta name=\"twitter:label1\" content=\"Odhadovan\u00e1 doba \u010dten\u00ed\" \/>\n\t<meta name=\"twitter:data1\" content=\"1 minuta\" \/>\n<script type=\"application\/ld+json\" class=\"yoast-schema-graph\">{\"@context\":\"https:\\\/\\\/schema.org\",\"@graph\":[{\"@type\":\"WebPage\",\"@id\":\"https:\\\/\\\/casino-vergleichstest.net\\\/cs\\\/\",\"url\":\"https:\\\/\\\/casino-vergleichstest.net\\\/cs\\\/\",\"name\":\"Recenze online kasina | Porovn\u00e1n\u00ed online kasin\",\"isPartOf\":{\"@id\":\"https:\\\/\\\/casino-vergleichstest.net\\\/cs\\\/#website\"},\"datePublished\":\"2025-08-02T11:56:07+00:00\",\"breadcrumb\":{\"@id\":\"https:\\\/\\\/casino-vergleichstest.net\\\/cs\\\/#breadcrumb\"},\"inLanguage\":\"cs\",\"potentialAction\":[{\"@type\":\"ReadAction\",\"target\":[\"https:\\\/\\\/casino-vergleichstest.net\\\/cs\\\/\"]}]},{\"@type\":\"BreadcrumbList\",\"@id\":\"https:\\\/\\\/casino-vergleichstest.net\\\/cs\\\/#breadcrumb\",\"itemListElement\":[{\"@type\":\"ListItem\",\"position\":1,\"name\":\"Home\",\"item\":\"https:\\\/\\\/casino-vergleichstest.net\\\/cs\\\/\"},{\"@type\":\"ListItem\",\"position\":2,\"name\":\"Domov\"}]},{\"@type\":\"WebSite\",\"@id\":\"https:\\\/\\\/casino-vergleichstest.net\\\/cs\\\/#website\",\"url\":\"https:\\\/\\\/casino-vergleichstest.net\\\/cs\\\/\",\"name\":\"\",\"description\":\"\",\"potentialAction\":[{\"@type\":\"SearchAction\",\"target\":{\"@type\":\"EntryPoint\",\"urlTemplate\":\"https:\\\/\\\/casino-vergleichstest.net\\\/cs\\\/?s={search_term_string}\"},\"query-input\":{\"@type\":\"PropertyValueSpecification\",\"valueRequired\":true,\"valueName\":\"search_term_string\"}}],\"inLanguage\":\"cs\"}]}<\/script>\n<!-- \/ Yoast SEO plugin. -->","yoast_head_json":{"title":"Recenze online kasina | Porovn\u00e1n\u00ed online kasin","robots":{"index":"index","follow":"follow","max-snippet":"max-snippet:-1","max-image-preview":"max-image-preview:large","max-video-preview":"max-video-preview:-1"},"canonical":"https:\/\/casino-vergleichstest.net\/cs\/","og_locale":"cs_CZ","og_type":"article","og_title":"Recenze online kasina | Porovn\u00e1n\u00ed online kasin","og_description":"Porovn\u00e1n\u00ed a testov\u00e1n\u00ed online kasin Porovn\u00e1v\u00e1me a testujeme pro v\u00e1s nejlep\u0161\u00ed online kasina. Nab\u00eddka her, kvalita softwaru, bezpe\u010dnost a spolehlivost a v neposledn\u00ed \u0159ad\u011b bonusov\u00e9 nab\u00eddky online kasin jsou pro ka\u017ed\u00e9ho hr\u00e1\u010de kl\u00ed\u010dov\u00e9 \u2013 v\u0161echny tyto informace prezentujeme p\u0159ehledn\u011b. Abyste mohli vyu\u017e\u00edt nab\u00eddky kasina a kasinov\u00fd bonus, kter\u00fd z\u00edsk\u00e1te s prvn\u00edm vkladem, je v mnoha ... \u010c\u00edst d\u00e1l","og_url":"https:\/\/casino-vergleichstest.net\/cs\/","twitter_card":"summary_large_image","twitter_misc":{"Odhadovan\u00e1 doba \u010dten\u00ed":"1 minuta"},"schema":{"@context":"https:\/\/schema.org","@graph":[{"@type":"WebPage","@id":"https:\/\/casino-vergleichstest.net\/cs\/","url":"https:\/\/casino-vergleichstest.net\/cs\/","name":"Recenze online kasina | Porovn\u00e1n\u00ed online kasin","isPartOf":{"@id":"https:\/\/casino-vergleichstest.net\/cs\/#website"},"datePublished":"2025-08-02T11:56:07+00:00","breadcrumb":{"@id":"https:\/\/casino-vergleichstest.net\/cs\/#breadcrumb"},"inLanguage":"cs","potentialAction":[{"@type":"ReadAction","target":["https:\/\/casino-vergleichstest.net\/cs\/"]}]},{"@type":"BreadcrumbList","@id":"https:\/\/casino-vergleichstest.net\/cs\/#breadcrumb","itemListElement":[{"@type":"ListItem","position":1,"name":"Home","item":"https:\/\/casino-vergleichstest.net\/cs\/"},{"@type":"ListItem","position":2,"name":"Domov"}]},{"@type":"WebSite","@id":"https:\/\/casino-vergleichstest.net\/cs\/#website","url":"https:\/\/casino-vergleichstest.net\/cs\/","name":"","description":"","potentialAction":[{"@type":"SearchAction","target":{"@type":"EntryPoint","urlTemplate":"https:\/\/casino-vergleichstest.net\/cs\/?s={search_term_string}"},"query-input":{"@type":"PropertyValueSpecification","valueRequired":true,"valueName":"search_term_string"}}],"inLanguage":"cs"}]}},"_links":{"self":[{"href":"https:\/\/casino-vergleichstest.net\/cs\/wp-json\/wp\/v2\/pages\/199","targetHints":{"allow":["GET"]}}],"collection":[{"href":"https:\/\/casino-vergleichstest.net\/cs\/wp-json\/wp\/v2\/pages"}],"about":[{"href":"https:\/\/casino-vergleichstest.net\/cs\/wp-json\/wp\/v2\/types\/page"}],"author":[{"embeddable":true,"href":"https:\/\/casino-vergleichstest.net\/cs\/wp-json\/wp\/v2\/users\/1"}],"replies":[{"embeddable":true,"href":"https:\/\/casino-vergleichstest.net\/cs\/wp-json\/wp\/v2\/comments?post=199"}],"version-history":[{"count":0,"href":"https:\/\/casino-vergleichstest.net\/cs\/wp-json\/wp\/v2\/pages\/199\/revisions"}],"wp:attachment":[{"href":"https:\/\/casino-vergleichstest.net\/cs\/wp-json\/wp\/v2\/media?parent=199"}],"curies":[{"name":"wp","href":"https:\/\/api.w.org\/{rel}","templated":true}]}}