{"id":200,"date":"2025-08-02T11:56:07","date_gmt":"2025-08-02T11:56:07","guid":{"rendered":"https:\/\/casino-vergleichstest.net\/hjem\/"},"modified":"2025-08-02T11:56:07","modified_gmt":"2025-08-02T11:56:07","slug":"hjem","status":"publish","type":"page","link":"https:\/\/casino-vergleichstest.net\/da\/","title":{"rendered":"Hjem"},"content":{"rendered":"<h2>Sammenligning og test af online casinoer<\/h2>\n<p><img loading=\"lazy\" decoding=\"async\" style=\"margin-bottom: 10px; margin-left: 10px; float: right;\" alt=\"Test af online casinoer\" src=\"images\/stories\/Jackpot1.jpg\" height=\"156\" width=\"234\" \/>Vi sammenligner og tester de bedste online casinoer for dig. Udvalget af spil, softwarekvalitet, sikkerhed og p\u00e5lidelighed, og sidst men ikke mindst, online casinoernes bonustilbud er afg\u00f8rende for enhver spiller \u2013 vi pr\u00e6senterer alle disse oplysninger tydeligt. For at drage fordel af casinotilbuddene og den casinobonus, du modtager med din f\u00f8rste indbetaling, er det afg\u00f8rende at indtaste den korrekte casinobonuskode p\u00e5 mange casinoer \u2013 her finder du den respektive casinobonuskode, der garanterer dig den maksimale, bedste casinobonus!<\/p>\n<p>For at f\u00e5 detaljerede oplysninger om de enkelte casinoer skal du klikke p\u00e5 menuen &#8220;Bedste online casinoer i test&#8221; ovenfor. Vi har lavet en casinotest for hver af de store online casinoudbydere med alle de vigtige oplysninger.<\/p>\n<p>Vi giver dig ogs\u00e5 v\u00e6rdifulde tips til casinostrategi for de mest popul\u00e6re spil og besvarer de oftest stillede sp\u00f8rgsm\u00e5l om online casinoer. Alle udbydere i vores sammenligning er absolut velrenommerede. Dette g\u00e6lder is\u00e6r med hensyn til sikkerheden ved ind- og udbetalinger, samt fair odds i spillet.<br \/>S\u00f8rg for at l\u00e6se vores information og casinotests, f\u00f8r du v\u00e6lger et casino. Det bedste online casino er ikke n\u00f8dvendigvis det, der tilbyder den bedste casinobonuskode &#8211; du b\u00f8r selv sammenligne og derefter v\u00e6lge det casino, der appellerer mest til dig, og hvor du nyder de tilbudte spil.<\/p>\n<p>Forresten: udbetalingsraterne er n\u00e6sten de samme p\u00e5 stort set alle casinoer &#8211; de ligger konsekvent omkring 97-98 procent i casinotests!<\/p>\n","protected":false},"excerpt":{"rendered":"<p>Sammenligning og test af online casinoer Vi sammenligner og tester de bedste online casinoer for dig. Udvalget af spil, softwarekvalitet, sikkerhed og p\u00e5lidelighed, og sidst men ikke mindst, online casinoernes bonustilbud er afg\u00f8rende for enhver spiller \u2013 vi pr\u00e6senterer alle disse oplysninger tydeligt. For at drage fordel af casinotilbuddene og den casinobonus, du modtager med &#8230; <a title=\"Hjem\" class=\"read-more\" href=\"https:\/\/casino-vergleichstest.net\/da\/\" aria-label=\"Read more about Hjem\">L\u00e6s mere <\/a><\/p>\n","protected":false},"author":1,"featured_media":0,"parent":0,"menu_order":0,"comment_status":"closed","ping_status":"closed","template":"","meta":{"footnotes":""},"class_list":["post-200","page","type-page","status-publish"],"yoast_head":"<!-- This site is optimized with the Yoast SEO plugin v27.4 - https:\/\/yoast.com\/product\/yoast-seo-wordpress\/ -->\n<title>Online Casino Anmeldelse | Online Casino Sammenligning<\/title>\n<meta name=\"robots\" content=\"index, follow, max-snippet:-1, max-image-preview:large, max-video-preview:-1\" \/>\n<link rel=\"canonical\" href=\"https:\/\/casino-vergleichstest.net\/da\/\" \/>\n<meta property=\"og:locale\" content=\"da_DK\" \/>\n<meta property=\"og:type\" content=\"article\" \/>\n<meta property=\"og:title\" content=\"Online Casino Anmeldelse | Online Casino Sammenligning\" \/>\n<meta property=\"og:description\" content=\"Sammenligning og test af online casinoer Vi sammenligner og tester de bedste online casinoer for dig. Udvalget af spil, softwarekvalitet, sikkerhed og p\u00e5lidelighed, og sidst men ikke mindst, online casinoernes bonustilbud er afg\u00f8rende for enhver spiller \u2013 vi pr\u00e6senterer alle disse oplysninger tydeligt. For at drage fordel af casinotilbuddene og den casinobonus, du modtager med ... L\u00e6s mere\" \/>\n<meta property=\"og:url\" content=\"https:\/\/casino-vergleichstest.net\/da\/\" \/>\n<meta name=\"twitter:card\" content=\"summary_large_image\" \/>\n<meta name=\"twitter:label1\" content=\"Estimeret l\u00e6setid\" \/>\n\t<meta name=\"twitter:data1\" content=\"1 minut\" \/>\n<script type=\"application\/ld+json\" class=\"yoast-schema-graph\">{\"@context\":\"https:\\\/\\\/schema.org\",\"@graph\":[{\"@type\":\"WebPage\",\"@id\":\"https:\\\/\\\/casino-vergleichstest.net\\\/da\\\/\",\"url\":\"https:\\\/\\\/casino-vergleichstest.net\\\/da\\\/\",\"name\":\"Online Casino Anmeldelse | Online Casino Sammenligning\",\"isPartOf\":{\"@id\":\"https:\\\/\\\/casino-vergleichstest.net\\\/da\\\/#website\"},\"datePublished\":\"2025-08-02T11:56:07+00:00\",\"breadcrumb\":{\"@id\":\"https:\\\/\\\/casino-vergleichstest.net\\\/da\\\/#breadcrumb\"},\"inLanguage\":\"da-DK\",\"potentialAction\":[{\"@type\":\"ReadAction\",\"target\":[\"https:\\\/\\\/casino-vergleichstest.net\\\/da\\\/\"]}]},{\"@type\":\"BreadcrumbList\",\"@id\":\"https:\\\/\\\/casino-vergleichstest.net\\\/da\\\/#breadcrumb\",\"itemListElement\":[{\"@type\":\"ListItem\",\"position\":1,\"name\":\"Home\",\"item\":\"https:\\\/\\\/casino-vergleichstest.net\\\/da\\\/\"},{\"@type\":\"ListItem\",\"position\":2,\"name\":\"Hjem\"}]},{\"@type\":\"WebSite\",\"@id\":\"https:\\\/\\\/casino-vergleichstest.net\\\/da\\\/#website\",\"url\":\"https:\\\/\\\/casino-vergleichstest.net\\\/da\\\/\",\"name\":\"\",\"description\":\"\",\"potentialAction\":[{\"@type\":\"SearchAction\",\"target\":{\"@type\":\"EntryPoint\",\"urlTemplate\":\"https:\\\/\\\/casino-vergleichstest.net\\\/da\\\/?s={search_term_string}\"},\"query-input\":{\"@type\":\"PropertyValueSpecification\",\"valueRequired\":true,\"valueName\":\"search_term_string\"}}],\"inLanguage\":\"da-DK\"}]}<\/script>\n<!-- \/ Yoast SEO plugin. -->","yoast_head_json":{"title":"Online Casino Anmeldelse | Online Casino Sammenligning","robots":{"index":"index","follow":"follow","max-snippet":"max-snippet:-1","max-image-preview":"max-image-preview:large","max-video-preview":"max-video-preview:-1"},"canonical":"https:\/\/casino-vergleichstest.net\/da\/","og_locale":"da_DK","og_type":"article","og_title":"Online Casino Anmeldelse | Online Casino Sammenligning","og_description":"Sammenligning og test af online casinoer Vi sammenligner og tester de bedste online casinoer for dig. Udvalget af spil, softwarekvalitet, sikkerhed og p\u00e5lidelighed, og sidst men ikke mindst, online casinoernes bonustilbud er afg\u00f8rende for enhver spiller \u2013 vi pr\u00e6senterer alle disse oplysninger tydeligt. For at drage fordel af casinotilbuddene og den casinobonus, du modtager med ... L\u00e6s mere","og_url":"https:\/\/casino-vergleichstest.net\/da\/","twitter_card":"summary_large_image","twitter_misc":{"Estimeret l\u00e6setid":"1 minut"},"schema":{"@context":"https:\/\/schema.org","@graph":[{"@type":"WebPage","@id":"https:\/\/casino-vergleichstest.net\/da\/","url":"https:\/\/casino-vergleichstest.net\/da\/","name":"Online Casino Anmeldelse | Online Casino Sammenligning","isPartOf":{"@id":"https:\/\/casino-vergleichstest.net\/da\/#website"},"datePublished":"2025-08-02T11:56:07+00:00","breadcrumb":{"@id":"https:\/\/casino-vergleichstest.net\/da\/#breadcrumb"},"inLanguage":"da-DK","potentialAction":[{"@type":"ReadAction","target":["https:\/\/casino-vergleichstest.net\/da\/"]}]},{"@type":"BreadcrumbList","@id":"https:\/\/casino-vergleichstest.net\/da\/#breadcrumb","itemListElement":[{"@type":"ListItem","position":1,"name":"Home","item":"https:\/\/casino-vergleichstest.net\/da\/"},{"@type":"ListItem","position":2,"name":"Hjem"}]},{"@type":"WebSite","@id":"https:\/\/casino-vergleichstest.net\/da\/#website","url":"https:\/\/casino-vergleichstest.net\/da\/","name":"","description":"","potentialAction":[{"@type":"SearchAction","target":{"@type":"EntryPoint","urlTemplate":"https:\/\/casino-vergleichstest.net\/da\/?s={search_term_string}"},"query-input":{"@type":"PropertyValueSpecification","valueRequired":true,"valueName":"search_term_string"}}],"inLanguage":"da-DK"}]}},"_links":{"self":[{"href":"https:\/\/casino-vergleichstest.net\/da\/wp-json\/wp\/v2\/pages\/200","targetHints":{"allow":["GET"]}}],"collection":[{"href":"https:\/\/casino-vergleichstest.net\/da\/wp-json\/wp\/v2\/pages"}],"about":[{"href":"https:\/\/casino-vergleichstest.net\/da\/wp-json\/wp\/v2\/types\/page"}],"author":[{"embeddable":true,"href":"https:\/\/casino-vergleichstest.net\/da\/wp-json\/wp\/v2\/users\/1"}],"replies":[{"embeddable":true,"href":"https:\/\/casino-vergleichstest.net\/da\/wp-json\/wp\/v2\/comments?post=200"}],"version-history":[{"count":0,"href":"https:\/\/casino-vergleichstest.net\/da\/wp-json\/wp\/v2\/pages\/200\/revisions"}],"wp:attachment":[{"href":"https:\/\/casino-vergleichstest.net\/da\/wp-json\/wp\/v2\/media?parent=200"}],"curies":[{"name":"wp","href":"https:\/\/api.w.org\/{rel}","templated":true}]}}