{"id":222,"date":"2025-08-02T11:56:07","date_gmt":"2025-08-02T11:56:07","guid":{"rendered":"https:\/\/casino-vergleichstest.net\/hogar\/"},"modified":"2025-08-02T11:56:07","modified_gmt":"2025-08-02T11:56:07","slug":"hogar","status":"publish","type":"page","link":"https:\/\/casino-vergleichstest.net\/es\/","title":{"rendered":"Hogar"},"content":{"rendered":"<p>Comparaci\u00f3n y prueba de casinos en l\u00ednea<\/p>\n<p>Comparamos y probamos los mejores casinos en l\u00ednea para ti. La gama de juegos, la calidad del software, la seguridad y la fiabilidad, y por \u00faltimo, pero no menos importante, las ofertas de bonos de los casinos en l\u00ednea son cruciales para cada jugador. Presentamos toda esta informaci\u00f3n de forma clara. Para aprovechar las ofertas y el bono que recibes con tu primer dep\u00f3sito, introducir el c\u00f3digo de bono correcto es crucial en muchos casinos. \u00a1Aqu\u00ed encontrar\u00e1s el c\u00f3digo de bono que te garantiza el mejor bono! Para obtener informaci\u00f3n detallada sobre cada casino, haz clic en el men\u00fa superior \u00abMejores casinos en l\u00ednea en prueba\u00bb. Hemos creado una prueba de casino para cada uno de los principales proveedores de casinos en l\u00ednea con toda la informaci\u00f3n importante.<\/p>\n<p>Tambi\u00e9n te ofrecemos valiosos consejos sobre estrategias de casino para los juegos m\u00e1s populares y respondemos a las preguntas m\u00e1s frecuentes sobre casinos en l\u00ednea. Todos los proveedores en nuestra comparaci\u00f3n gozan de una excelente reputaci\u00f3n, especialmente en lo que respecta a la seguridad de los dep\u00f3sitos y retiros, as\u00ed como a las probabilidades justas en el juego.<br \/>Aseg\u00farate de leer nuestra informaci\u00f3n y las pruebas de casino antes de elegir un casino. El mejor casino en l\u00ednea no es necesariamente el que ofrece el mejor c\u00f3digo de bono; debes comparar por ti mismo y luego elegir el casino que m\u00e1s te guste y donde disfrutes de los juegos que ofrece.<\/p>\n<p>Por cierto: las tasas de pago son casi las mismas en pr\u00e1cticamente todos los casinos: \u00a1rondan constantemente el 97-98 % en las pruebas de casino!<\/p>\n","protected":false},"excerpt":{"rendered":"<p>Comparaci\u00f3n y prueba de casinos en l\u00ednea Comparamos y probamos los mejores casinos en l\u00ednea para ti. La gama de juegos, la calidad del software, la seguridad y la fiabilidad, y por \u00faltimo, pero no menos importante, las ofertas de bonos de los casinos en l\u00ednea son cruciales para cada jugador. Presentamos toda esta informaci\u00f3n &#8230; <a title=\"Hogar\" class=\"read-more\" href=\"https:\/\/casino-vergleichstest.net\/es\/\" aria-label=\"Leer m\u00e1s sobre Hogar\">Leer m\u00e1s<\/a><\/p>\n","protected":false},"author":1,"featured_media":0,"parent":0,"menu_order":0,"comment_status":"closed","ping_status":"closed","template":"","meta":{"footnotes":""},"class_list":["post-222","page","type-page","status-publish"],"yoast_head":"<!-- This site is optimized with the Yoast SEO plugin v27.4 - https:\/\/yoast.com\/product\/yoast-seo-wordpress\/ -->\n<title>Rese\u00f1a de casinos en l\u00ednea | Comparaci\u00f3n de casinos en l\u00ednea<\/title>\n<meta name=\"robots\" content=\"index, follow, max-snippet:-1, max-image-preview:large, max-video-preview:-1\" \/>\n<link rel=\"canonical\" href=\"https:\/\/casino-vergleichstest.net\/es\/\" \/>\n<meta property=\"og:locale\" content=\"es_ES\" \/>\n<meta property=\"og:type\" content=\"article\" \/>\n<meta property=\"og:title\" content=\"Rese\u00f1a de casinos en l\u00ednea | Comparaci\u00f3n de casinos en l\u00ednea\" \/>\n<meta property=\"og:description\" content=\"Comparaci\u00f3n y prueba de casinos en l\u00ednea Comparamos y probamos los mejores casinos en l\u00ednea para ti. La gama de juegos, la calidad del software, la seguridad y la fiabilidad, y por \u00faltimo, pero no menos importante, las ofertas de bonos de los casinos en l\u00ednea son cruciales para cada jugador. Presentamos toda esta informaci\u00f3n ... Leer m\u00e1s\" \/>\n<meta property=\"og:url\" content=\"https:\/\/casino-vergleichstest.net\/es\/\" \/>\n<meta name=\"twitter:card\" content=\"summary_large_image\" \/>\n<meta name=\"twitter:label1\" content=\"Tiempo de lectura\" \/>\n\t<meta name=\"twitter:data1\" content=\"1 minuto\" \/>\n<script type=\"application\/ld+json\" class=\"yoast-schema-graph\">{\"@context\":\"https:\\\/\\\/schema.org\",\"@graph\":[{\"@type\":\"WebPage\",\"@id\":\"https:\\\/\\\/casino-vergleichstest.net\\\/es\\\/\",\"url\":\"https:\\\/\\\/casino-vergleichstest.net\\\/es\\\/\",\"name\":\"Rese\u00f1a de casinos en l\u00ednea | Comparaci\u00f3n de casinos en l\u00ednea\",\"isPartOf\":{\"@id\":\"https:\\\/\\\/casino-vergleichstest.net\\\/es\\\/#website\"},\"datePublished\":\"2025-08-02T11:56:07+00:00\",\"breadcrumb\":{\"@id\":\"https:\\\/\\\/casino-vergleichstest.net\\\/es\\\/#breadcrumb\"},\"inLanguage\":\"es\",\"potentialAction\":[{\"@type\":\"ReadAction\",\"target\":[\"https:\\\/\\\/casino-vergleichstest.net\\\/es\\\/\"]}]},{\"@type\":\"BreadcrumbList\",\"@id\":\"https:\\\/\\\/casino-vergleichstest.net\\\/es\\\/#breadcrumb\",\"itemListElement\":[{\"@type\":\"ListItem\",\"position\":1,\"name\":\"Home\",\"item\":\"https:\\\/\\\/casino-vergleichstest.net\\\/es\\\/\"},{\"@type\":\"ListItem\",\"position\":2,\"name\":\"Hogar\"}]},{\"@type\":\"WebSite\",\"@id\":\"https:\\\/\\\/casino-vergleichstest.net\\\/es\\\/#website\",\"url\":\"https:\\\/\\\/casino-vergleichstest.net\\\/es\\\/\",\"name\":\"\",\"description\":\"\",\"potentialAction\":[{\"@type\":\"SearchAction\",\"target\":{\"@type\":\"EntryPoint\",\"urlTemplate\":\"https:\\\/\\\/casino-vergleichstest.net\\\/es\\\/?s={search_term_string}\"},\"query-input\":{\"@type\":\"PropertyValueSpecification\",\"valueRequired\":true,\"valueName\":\"search_term_string\"}}],\"inLanguage\":\"es\"}]}<\/script>\n<!-- \/ Yoast SEO plugin. -->","yoast_head_json":{"title":"Rese\u00f1a de casinos en l\u00ednea | Comparaci\u00f3n de casinos en l\u00ednea","robots":{"index":"index","follow":"follow","max-snippet":"max-snippet:-1","max-image-preview":"max-image-preview:large","max-video-preview":"max-video-preview:-1"},"canonical":"https:\/\/casino-vergleichstest.net\/es\/","og_locale":"es_ES","og_type":"article","og_title":"Rese\u00f1a de casinos en l\u00ednea | Comparaci\u00f3n de casinos en l\u00ednea","og_description":"Comparaci\u00f3n y prueba de casinos en l\u00ednea Comparamos y probamos los mejores casinos en l\u00ednea para ti. La gama de juegos, la calidad del software, la seguridad y la fiabilidad, y por \u00faltimo, pero no menos importante, las ofertas de bonos de los casinos en l\u00ednea son cruciales para cada jugador. Presentamos toda esta informaci\u00f3n ... Leer m\u00e1s","og_url":"https:\/\/casino-vergleichstest.net\/es\/","twitter_card":"summary_large_image","twitter_misc":{"Tiempo de lectura":"1 minuto"},"schema":{"@context":"https:\/\/schema.org","@graph":[{"@type":"WebPage","@id":"https:\/\/casino-vergleichstest.net\/es\/","url":"https:\/\/casino-vergleichstest.net\/es\/","name":"Rese\u00f1a de casinos en l\u00ednea | Comparaci\u00f3n de casinos en l\u00ednea","isPartOf":{"@id":"https:\/\/casino-vergleichstest.net\/es\/#website"},"datePublished":"2025-08-02T11:56:07+00:00","breadcrumb":{"@id":"https:\/\/casino-vergleichstest.net\/es\/#breadcrumb"},"inLanguage":"es","potentialAction":[{"@type":"ReadAction","target":["https:\/\/casino-vergleichstest.net\/es\/"]}]},{"@type":"BreadcrumbList","@id":"https:\/\/casino-vergleichstest.net\/es\/#breadcrumb","itemListElement":[{"@type":"ListItem","position":1,"name":"Home","item":"https:\/\/casino-vergleichstest.net\/es\/"},{"@type":"ListItem","position":2,"name":"Hogar"}]},{"@type":"WebSite","@id":"https:\/\/casino-vergleichstest.net\/es\/#website","url":"https:\/\/casino-vergleichstest.net\/es\/","name":"","description":"","potentialAction":[{"@type":"SearchAction","target":{"@type":"EntryPoint","urlTemplate":"https:\/\/casino-vergleichstest.net\/es\/?s={search_term_string}"},"query-input":{"@type":"PropertyValueSpecification","valueRequired":true,"valueName":"search_term_string"}}],"inLanguage":"es"}]}},"_links":{"self":[{"href":"https:\/\/casino-vergleichstest.net\/es\/wp-json\/wp\/v2\/pages\/222","targetHints":{"allow":["GET"]}}],"collection":[{"href":"https:\/\/casino-vergleichstest.net\/es\/wp-json\/wp\/v2\/pages"}],"about":[{"href":"https:\/\/casino-vergleichstest.net\/es\/wp-json\/wp\/v2\/types\/page"}],"author":[{"embeddable":true,"href":"https:\/\/casino-vergleichstest.net\/es\/wp-json\/wp\/v2\/users\/1"}],"replies":[{"embeddable":true,"href":"https:\/\/casino-vergleichstest.net\/es\/wp-json\/wp\/v2\/comments?post=222"}],"version-history":[{"count":0,"href":"https:\/\/casino-vergleichstest.net\/es\/wp-json\/wp\/v2\/pages\/222\/revisions"}],"wp:attachment":[{"href":"https:\/\/casino-vergleichstest.net\/es\/wp-json\/wp\/v2\/media?parent=222"}],"curies":[{"name":"wp","href":"https:\/\/api.w.org\/{rel}","templated":true}]}}