{"id":202,"date":"2025-08-02T11:56:07","date_gmt":"2025-08-02T11:56:07","guid":{"rendered":"https:\/\/casino-vergleichstest.net\/avaleht\/"},"modified":"2025-08-02T11:56:07","modified_gmt":"2025-08-02T11:56:07","slug":"avaleht","status":"publish","type":"page","link":"https:\/\/casino-vergleichstest.net\/et\/","title":{"rendered":"Avaleht"},"content":{"rendered":"<h2>Online-kasiinode v\u00f5rdlus ja test<\/h2>\n<p><img loading=\"lazy\" decoding=\"async\" style=\"margin-bottom: 10px; margin-left: 10px; float: right;\" alt=\"Online-kasiino test\" src=\"images\/stories\/Jackpot1.jpg\" height=\"156\" width=\"234\" \/>V\u00f5rdleme ja testime teie jaoks parimaid online-kasiinosid. M\u00e4ngude valik, tarkvara kvaliteet, turvalisus ja usaldusv\u00e4\u00e4rsus ning mis k\u00f5ige t\u00e4htsam, online-kasiinode boonuspakkumised on iga m\u00e4ngija jaoks \u00fcliolulised \u2013 esitame kogu selle teabe selgelt. Kasiinopakkumiste ja esimese sissemaksega saadava kasiinoboonuse \u00e4rakasutamiseks on paljudes kasiinodes \u00f5ige kasiinoboonuskoodi sisestamine \u00fclioluline \u2013 siit leiate vastava kasiinoboonuskoodi, mis garanteerib teile maksimaalse ja parima kasiinoboonuse!<\/p>\n<p>\u00dcksikasjaliku teabe saamiseks \u00fcksikute kasiinode kohta kl\u00f5psake \u00fclaloleval men\u00fc\u00fcl &#8220;Parimad online-kasiinod Testis&#8221;. Oleme loonud iga suurema online-kasiino pakkuja jaoks kasiinotesti koos kogu olulise teabega.<\/p>\n<p>Samuti anname teile v\u00e4\u00e4rtuslikke n\u00e4pun\u00e4iteid kasiinostrateegia kohta k\u00f5ige populaarsemate m\u00e4ngude jaoks ja vastame online-kasiinode kohta k\u00f5ige sagedamini esitatavatele k\u00fcsimustele. K\u00f5ik meie v\u00f5rdluses olevad pakkujad on t\u00e4iesti hea mainega. See kehtib eriti sisse- ja v\u00e4ljamaksete turvalisuse ning m\u00e4ngu \u00f5iglaste koefitsientide kohta.<br \/>Enne kasiino valimist lugege kindlasti meie teavet ja kasiinoteste. Parim online-kasiino ei ole tingimata see, mis pakub parimat kasiino boonuskoodi \u2013 peaksite ise v\u00f5rdlema ja seej\u00e4rel valima kasiino, mis teile k\u00f5ige rohkem meeldib ja kus pakutavaid m\u00e4nge naudite.<\/p>\n<p>Muide: v\u00e4ljamaksem\u00e4\u00e4rad on praktiliselt k\u00f5igis kasiinodes peaaegu samad \u2013 kasiinotestides on need pidevalt umbes 97\u201398 protsenti!<\/p>\n","protected":false},"excerpt":{"rendered":"<p>Online-kasiinode v\u00f5rdlus ja test V\u00f5rdleme ja testime teie jaoks parimaid online-kasiinosid. M\u00e4ngude valik, tarkvara kvaliteet, turvalisus ja usaldusv\u00e4\u00e4rsus ning mis k\u00f5ige t\u00e4htsam, online-kasiinode boonuspakkumised on iga m\u00e4ngija jaoks \u00fcliolulised \u2013 esitame kogu selle teabe selgelt. Kasiinopakkumiste ja esimese sissemaksega saadava kasiinoboonuse \u00e4rakasutamiseks on paljudes kasiinodes \u00f5ige kasiinoboonuskoodi sisestamine \u00fclioluline \u2013 siit leiate vastava kasiinoboonuskoodi, mis &#8230; <a title=\"Avaleht\" class=\"read-more\" href=\"https:\/\/casino-vergleichstest.net\/et\/\" aria-label=\"Read more about Avaleht\">Read more<\/a><\/p>\n","protected":false},"author":1,"featured_media":0,"parent":0,"menu_order":0,"comment_status":"closed","ping_status":"closed","template":"","meta":{"footnotes":""},"class_list":["post-202","page","type-page","status-publish"],"yoast_head":"<!-- This site is optimized with the Yoast SEO plugin v27.5 - https:\/\/yoast.com\/product\/yoast-seo-wordpress\/ -->\n<title>Online-kasiino \u00fclevaade | Online-kasiinode v\u00f5rdlus<\/title>\n<meta name=\"robots\" content=\"index, follow, max-snippet:-1, max-image-preview:large, max-video-preview:-1\" \/>\n<link rel=\"canonical\" href=\"https:\/\/casino-vergleichstest.net\/et\/\" \/>\n<meta property=\"og:locale\" content=\"et_EE\" \/>\n<meta property=\"og:type\" content=\"article\" \/>\n<meta property=\"og:title\" content=\"Online-kasiino \u00fclevaade | Online-kasiinode v\u00f5rdlus\" \/>\n<meta property=\"og:description\" content=\"Online-kasiinode v\u00f5rdlus ja test V\u00f5rdleme ja testime teie jaoks parimaid online-kasiinosid. M\u00e4ngude valik, tarkvara kvaliteet, turvalisus ja usaldusv\u00e4\u00e4rsus ning mis k\u00f5ige t\u00e4htsam, online-kasiinode boonuspakkumised on iga m\u00e4ngija jaoks \u00fcliolulised \u2013 esitame kogu selle teabe selgelt. Kasiinopakkumiste ja esimese sissemaksega saadava kasiinoboonuse \u00e4rakasutamiseks on paljudes kasiinodes \u00f5ige kasiinoboonuskoodi sisestamine \u00fclioluline \u2013 siit leiate vastava kasiinoboonuskoodi, mis ... Read more\" \/>\n<meta property=\"og:url\" content=\"https:\/\/casino-vergleichstest.net\/et\/\" \/>\n<meta name=\"twitter:card\" content=\"summary_large_image\" \/>\n<meta name=\"twitter:label1\" content=\"Est. reading time\" \/>\n\t<meta name=\"twitter:data1\" content=\"1 minut\" \/>\n<script type=\"application\/ld+json\" class=\"yoast-schema-graph\">{\"@context\":\"https:\\\/\\\/schema.org\",\"@graph\":[{\"@type\":\"WebPage\",\"@id\":\"https:\\\/\\\/casino-vergleichstest.net\\\/et\\\/\",\"url\":\"https:\\\/\\\/casino-vergleichstest.net\\\/et\\\/\",\"name\":\"Online-kasiino \u00fclevaade | Online-kasiinode v\u00f5rdlus\",\"isPartOf\":{\"@id\":\"https:\\\/\\\/casino-vergleichstest.net\\\/et\\\/#website\"},\"datePublished\":\"2025-08-02T11:56:07+00:00\",\"breadcrumb\":{\"@id\":\"https:\\\/\\\/casino-vergleichstest.net\\\/et\\\/#breadcrumb\"},\"inLanguage\":\"et\",\"potentialAction\":[{\"@type\":\"ReadAction\",\"target\":[\"https:\\\/\\\/casino-vergleichstest.net\\\/et\\\/\"]}]},{\"@type\":\"BreadcrumbList\",\"@id\":\"https:\\\/\\\/casino-vergleichstest.net\\\/et\\\/#breadcrumb\",\"itemListElement\":[{\"@type\":\"ListItem\",\"position\":1,\"name\":\"Home\",\"item\":\"https:\\\/\\\/casino-vergleichstest.net\\\/et\\\/\"},{\"@type\":\"ListItem\",\"position\":2,\"name\":\"Avaleht\"}]},{\"@type\":\"WebSite\",\"@id\":\"https:\\\/\\\/casino-vergleichstest.net\\\/et\\\/#website\",\"url\":\"https:\\\/\\\/casino-vergleichstest.net\\\/et\\\/\",\"name\":\"\",\"description\":\"\",\"potentialAction\":[{\"@type\":\"SearchAction\",\"target\":{\"@type\":\"EntryPoint\",\"urlTemplate\":\"https:\\\/\\\/casino-vergleichstest.net\\\/et\\\/?s={search_term_string}\"},\"query-input\":{\"@type\":\"PropertyValueSpecification\",\"valueRequired\":true,\"valueName\":\"search_term_string\"}}],\"inLanguage\":\"et\"}]}<\/script>\n<!-- \/ Yoast SEO plugin. -->","yoast_head_json":{"title":"Online-kasiino \u00fclevaade | Online-kasiinode v\u00f5rdlus","robots":{"index":"index","follow":"follow","max-snippet":"max-snippet:-1","max-image-preview":"max-image-preview:large","max-video-preview":"max-video-preview:-1"},"canonical":"https:\/\/casino-vergleichstest.net\/et\/","og_locale":"et_EE","og_type":"article","og_title":"Online-kasiino \u00fclevaade | Online-kasiinode v\u00f5rdlus","og_description":"Online-kasiinode v\u00f5rdlus ja test V\u00f5rdleme ja testime teie jaoks parimaid online-kasiinosid. M\u00e4ngude valik, tarkvara kvaliteet, turvalisus ja usaldusv\u00e4\u00e4rsus ning mis k\u00f5ige t\u00e4htsam, online-kasiinode boonuspakkumised on iga m\u00e4ngija jaoks \u00fcliolulised \u2013 esitame kogu selle teabe selgelt. Kasiinopakkumiste ja esimese sissemaksega saadava kasiinoboonuse \u00e4rakasutamiseks on paljudes kasiinodes \u00f5ige kasiinoboonuskoodi sisestamine \u00fclioluline \u2013 siit leiate vastava kasiinoboonuskoodi, mis ... Read more","og_url":"https:\/\/casino-vergleichstest.net\/et\/","twitter_card":"summary_large_image","twitter_misc":{"Est. reading time":"1 minut"},"schema":{"@context":"https:\/\/schema.org","@graph":[{"@type":"WebPage","@id":"https:\/\/casino-vergleichstest.net\/et\/","url":"https:\/\/casino-vergleichstest.net\/et\/","name":"Online-kasiino \u00fclevaade | Online-kasiinode v\u00f5rdlus","isPartOf":{"@id":"https:\/\/casino-vergleichstest.net\/et\/#website"},"datePublished":"2025-08-02T11:56:07+00:00","breadcrumb":{"@id":"https:\/\/casino-vergleichstest.net\/et\/#breadcrumb"},"inLanguage":"et","potentialAction":[{"@type":"ReadAction","target":["https:\/\/casino-vergleichstest.net\/et\/"]}]},{"@type":"BreadcrumbList","@id":"https:\/\/casino-vergleichstest.net\/et\/#breadcrumb","itemListElement":[{"@type":"ListItem","position":1,"name":"Home","item":"https:\/\/casino-vergleichstest.net\/et\/"},{"@type":"ListItem","position":2,"name":"Avaleht"}]},{"@type":"WebSite","@id":"https:\/\/casino-vergleichstest.net\/et\/#website","url":"https:\/\/casino-vergleichstest.net\/et\/","name":"","description":"","potentialAction":[{"@type":"SearchAction","target":{"@type":"EntryPoint","urlTemplate":"https:\/\/casino-vergleichstest.net\/et\/?s={search_term_string}"},"query-input":{"@type":"PropertyValueSpecification","valueRequired":true,"valueName":"search_term_string"}}],"inLanguage":"et"}]}},"_links":{"self":[{"href":"https:\/\/casino-vergleichstest.net\/et\/wp-json\/wp\/v2\/pages\/202","targetHints":{"allow":["GET"]}}],"collection":[{"href":"https:\/\/casino-vergleichstest.net\/et\/wp-json\/wp\/v2\/pages"}],"about":[{"href":"https:\/\/casino-vergleichstest.net\/et\/wp-json\/wp\/v2\/types\/page"}],"author":[{"embeddable":true,"href":"https:\/\/casino-vergleichstest.net\/et\/wp-json\/wp\/v2\/users\/1"}],"replies":[{"embeddable":true,"href":"https:\/\/casino-vergleichstest.net\/et\/wp-json\/wp\/v2\/comments?post=202"}],"version-history":[{"count":0,"href":"https:\/\/casino-vergleichstest.net\/et\/wp-json\/wp\/v2\/pages\/202\/revisions"}],"wp:attachment":[{"href":"https:\/\/casino-vergleichstest.net\/et\/wp-json\/wp\/v2\/media?parent=202"}],"curies":[{"name":"wp","href":"https:\/\/api.w.org\/{rel}","templated":true}]}}