{"id":203,"date":"2025-08-02T11:56:07","date_gmt":"2025-08-02T11:56:07","guid":{"rendered":"https:\/\/casino-vergleichstest.net\/kotiin\/"},"modified":"2025-08-02T11:56:07","modified_gmt":"2025-08-02T11:56:07","slug":"kotiin","status":"publish","type":"page","link":"https:\/\/casino-vergleichstest.net\/fi\/","title":{"rendered":"Kotiin"},"content":{"rendered":"<h2>Nettikasinoiden vertailu ja testi<\/h2>\n<p><img loading=\"lazy\" decoding=\"async\" style=\"margin-bottom: 10px; margin-left: 10px; float: right;\" alt=\"Nettikasinoiden testi\" src=\"images\/stories\/Jackpot1.jpg\" height=\"156\" width=\"234\" \/>Vertailemme ja testaamme parhaita nettikasinoita puolestasi. Pelivalikoima, ohjelmistojen laatu, turvallisuus ja luotettavuus sek\u00e4 viimeisen\u00e4 muttei v\u00e4h\u00e4isimp\u00e4n\u00e4 nettikasinoiden bonustarjoukset ovat ratkaisevan t\u00e4rkeit\u00e4 jokaiselle pelaajalle \u2013 esittelemme kaikki n\u00e4m\u00e4 tiedot selke\u00e4sti. Jotta voit hy\u00f6dynt\u00e4\u00e4 kasinotarjouksia ja ensimm\u00e4isen talletuksesi yhteydess\u00e4 saamasi kasinobonuksen, oikean kasinobonuskoodin sy\u00f6tt\u00e4minen on ratkaisevan t\u00e4rke\u00e4\u00e4 monilla kasinoilla \u2013 t\u00e4\u00e4lt\u00e4 l\u00f6yd\u00e4t kunkin kasinobonuskoodin, joka takaa sinulle maksimaalisen ja parhaan kasinobonuksen!<\/p>\n<p>Saat yksityiskohtaisia \u200b\u200btietoja yksitt\u00e4isist\u00e4 kasinoista napsauttamalla yll\u00e4 olevaa &#8221;Parhaat nettikasinot testiss\u00e4&#8221; -valikkoa. Olemme luoneet kasinotestin jokaiselle suurimmalle nettikasinotarjoajalle, joka sis\u00e4lt\u00e4\u00e4 kaikki t\u00e4rke\u00e4t tiedot.<\/p>\n<p>Annamme my\u00f6s arvokkaita vinkkej\u00e4 kasinostrategiaan suosituimmissa peleiss\u00e4 ja vastaamme nettikasinoita koskeviin usein kysyttyihin kysymyksiin. Kaikki vertailussamme olevat tarjoajat ovat ehdottoman hyv\u00e4maineisia. T\u00e4m\u00e4 p\u00e4tee erityisesti talletusten ja nostojen turvallisuuteen sek\u00e4 pelin reiluihin kertoimiin.<br \/>Muista lukea tietomme ja kasinotestimme ennen kasinon valitsemista. Paras nettikasino ei v\u00e4ltt\u00e4m\u00e4tt\u00e4 ole se, joka tarjoaa parhaan kasinobonuskoodin \u2013 sinun kannattaa vertailla itse ja valita sitten kasino, joka vetoaa sinuun eniten ja jossa nautit tarjotuista peleist\u00e4.<\/p>\n<p>Muuten: voittoprosentit ovat l\u00e4hes samat k\u00e4yt\u00e4nn\u00f6ss\u00e4 kaikissa kasinoissa \u2013 ne py\u00f6riv\u00e4t jatkuvasti noin 97\u201398 prosentin paikkeilla kasinotesteiss\u00e4!<\/p>\n","protected":false},"excerpt":{"rendered":"<p>Nettikasinoiden vertailu ja testi Vertailemme ja testaamme parhaita nettikasinoita puolestasi. Pelivalikoima, ohjelmistojen laatu, turvallisuus ja luotettavuus sek\u00e4 viimeisen\u00e4 muttei v\u00e4h\u00e4isimp\u00e4n\u00e4 nettikasinoiden bonustarjoukset ovat ratkaisevan t\u00e4rkeit\u00e4 jokaiselle pelaajalle \u2013 esittelemme kaikki n\u00e4m\u00e4 tiedot selke\u00e4sti. Jotta voit hy\u00f6dynt\u00e4\u00e4 kasinotarjouksia ja ensimm\u00e4isen talletuksesi yhteydess\u00e4 saamasi kasinobonuksen, oikean kasinobonuskoodin sy\u00f6tt\u00e4minen on ratkaisevan t\u00e4rke\u00e4\u00e4 monilla kasinoilla \u2013 t\u00e4\u00e4lt\u00e4 l\u00f6yd\u00e4t kunkin &#8230; <a title=\"Kotiin\" class=\"read-more\" href=\"https:\/\/casino-vergleichstest.net\/fi\/\" aria-label=\"Lue lis\u00e4\u00e4 aiheesta Kotiin\">Lue lis\u00e4\u00e4<\/a><\/p>\n","protected":false},"author":1,"featured_media":0,"parent":0,"menu_order":0,"comment_status":"closed","ping_status":"closed","template":"","meta":{"footnotes":""},"class_list":["post-203","page","type-page","status-publish"],"yoast_head":"<!-- This site is optimized with the Yoast SEO plugin v27.5 - https:\/\/yoast.com\/product\/yoast-seo-wordpress\/ -->\n<title>Nettikasinoiden arvostelu | Nettikasinoiden vertailu<\/title>\n<meta name=\"robots\" content=\"index, follow, max-snippet:-1, max-image-preview:large, max-video-preview:-1\" \/>\n<link rel=\"canonical\" href=\"https:\/\/casino-vergleichstest.net\/fi\/\" \/>\n<meta property=\"og:locale\" content=\"fi_FI\" \/>\n<meta property=\"og:type\" content=\"article\" \/>\n<meta property=\"og:title\" content=\"Nettikasinoiden arvostelu | Nettikasinoiden vertailu\" \/>\n<meta property=\"og:description\" content=\"Nettikasinoiden vertailu ja testi Vertailemme ja testaamme parhaita nettikasinoita puolestasi. Pelivalikoima, ohjelmistojen laatu, turvallisuus ja luotettavuus sek\u00e4 viimeisen\u00e4 muttei v\u00e4h\u00e4isimp\u00e4n\u00e4 nettikasinoiden bonustarjoukset ovat ratkaisevan t\u00e4rkeit\u00e4 jokaiselle pelaajalle \u2013 esittelemme kaikki n\u00e4m\u00e4 tiedot selke\u00e4sti. Jotta voit hy\u00f6dynt\u00e4\u00e4 kasinotarjouksia ja ensimm\u00e4isen talletuksesi yhteydess\u00e4 saamasi kasinobonuksen, oikean kasinobonuskoodin sy\u00f6tt\u00e4minen on ratkaisevan t\u00e4rke\u00e4\u00e4 monilla kasinoilla \u2013 t\u00e4\u00e4lt\u00e4 l\u00f6yd\u00e4t kunkin ... Lue lis\u00e4\u00e4\" \/>\n<meta property=\"og:url\" content=\"https:\/\/casino-vergleichstest.net\/fi\/\" \/>\n<meta name=\"twitter:card\" content=\"summary_large_image\" \/>\n<meta name=\"twitter:label1\" content=\"Arvioitu lukuaika\" \/>\n\t<meta name=\"twitter:data1\" content=\"1 minuutti\" \/>\n<script type=\"application\/ld+json\" class=\"yoast-schema-graph\">{\"@context\":\"https:\\\/\\\/schema.org\",\"@graph\":[{\"@type\":\"WebPage\",\"@id\":\"https:\\\/\\\/casino-vergleichstest.net\\\/fi\\\/\",\"url\":\"https:\\\/\\\/casino-vergleichstest.net\\\/fi\\\/\",\"name\":\"Nettikasinoiden arvostelu | Nettikasinoiden vertailu\",\"isPartOf\":{\"@id\":\"https:\\\/\\\/casino-vergleichstest.net\\\/fi\\\/#website\"},\"datePublished\":\"2025-08-02T11:56:07+00:00\",\"breadcrumb\":{\"@id\":\"https:\\\/\\\/casino-vergleichstest.net\\\/fi\\\/#breadcrumb\"},\"inLanguage\":\"fi\",\"potentialAction\":[{\"@type\":\"ReadAction\",\"target\":[\"https:\\\/\\\/casino-vergleichstest.net\\\/fi\\\/\"]}]},{\"@type\":\"BreadcrumbList\",\"@id\":\"https:\\\/\\\/casino-vergleichstest.net\\\/fi\\\/#breadcrumb\",\"itemListElement\":[{\"@type\":\"ListItem\",\"position\":1,\"name\":\"Home\",\"item\":\"https:\\\/\\\/casino-vergleichstest.net\\\/fi\\\/\"},{\"@type\":\"ListItem\",\"position\":2,\"name\":\"Kotiin\"}]},{\"@type\":\"WebSite\",\"@id\":\"https:\\\/\\\/casino-vergleichstest.net\\\/fi\\\/#website\",\"url\":\"https:\\\/\\\/casino-vergleichstest.net\\\/fi\\\/\",\"name\":\"\",\"description\":\"\",\"potentialAction\":[{\"@type\":\"SearchAction\",\"target\":{\"@type\":\"EntryPoint\",\"urlTemplate\":\"https:\\\/\\\/casino-vergleichstest.net\\\/fi\\\/?s={search_term_string}\"},\"query-input\":{\"@type\":\"PropertyValueSpecification\",\"valueRequired\":true,\"valueName\":\"search_term_string\"}}],\"inLanguage\":\"fi\"}]}<\/script>\n<!-- \/ Yoast SEO plugin. -->","yoast_head_json":{"title":"Nettikasinoiden arvostelu | Nettikasinoiden vertailu","robots":{"index":"index","follow":"follow","max-snippet":"max-snippet:-1","max-image-preview":"max-image-preview:large","max-video-preview":"max-video-preview:-1"},"canonical":"https:\/\/casino-vergleichstest.net\/fi\/","og_locale":"fi_FI","og_type":"article","og_title":"Nettikasinoiden arvostelu | Nettikasinoiden vertailu","og_description":"Nettikasinoiden vertailu ja testi Vertailemme ja testaamme parhaita nettikasinoita puolestasi. Pelivalikoima, ohjelmistojen laatu, turvallisuus ja luotettavuus sek\u00e4 viimeisen\u00e4 muttei v\u00e4h\u00e4isimp\u00e4n\u00e4 nettikasinoiden bonustarjoukset ovat ratkaisevan t\u00e4rkeit\u00e4 jokaiselle pelaajalle \u2013 esittelemme kaikki n\u00e4m\u00e4 tiedot selke\u00e4sti. Jotta voit hy\u00f6dynt\u00e4\u00e4 kasinotarjouksia ja ensimm\u00e4isen talletuksesi yhteydess\u00e4 saamasi kasinobonuksen, oikean kasinobonuskoodin sy\u00f6tt\u00e4minen on ratkaisevan t\u00e4rke\u00e4\u00e4 monilla kasinoilla \u2013 t\u00e4\u00e4lt\u00e4 l\u00f6yd\u00e4t kunkin ... Lue lis\u00e4\u00e4","og_url":"https:\/\/casino-vergleichstest.net\/fi\/","twitter_card":"summary_large_image","twitter_misc":{"Arvioitu lukuaika":"1 minuutti"},"schema":{"@context":"https:\/\/schema.org","@graph":[{"@type":"WebPage","@id":"https:\/\/casino-vergleichstest.net\/fi\/","url":"https:\/\/casino-vergleichstest.net\/fi\/","name":"Nettikasinoiden arvostelu | Nettikasinoiden vertailu","isPartOf":{"@id":"https:\/\/casino-vergleichstest.net\/fi\/#website"},"datePublished":"2025-08-02T11:56:07+00:00","breadcrumb":{"@id":"https:\/\/casino-vergleichstest.net\/fi\/#breadcrumb"},"inLanguage":"fi","potentialAction":[{"@type":"ReadAction","target":["https:\/\/casino-vergleichstest.net\/fi\/"]}]},{"@type":"BreadcrumbList","@id":"https:\/\/casino-vergleichstest.net\/fi\/#breadcrumb","itemListElement":[{"@type":"ListItem","position":1,"name":"Home","item":"https:\/\/casino-vergleichstest.net\/fi\/"},{"@type":"ListItem","position":2,"name":"Kotiin"}]},{"@type":"WebSite","@id":"https:\/\/casino-vergleichstest.net\/fi\/#website","url":"https:\/\/casino-vergleichstest.net\/fi\/","name":"","description":"","potentialAction":[{"@type":"SearchAction","target":{"@type":"EntryPoint","urlTemplate":"https:\/\/casino-vergleichstest.net\/fi\/?s={search_term_string}"},"query-input":{"@type":"PropertyValueSpecification","valueRequired":true,"valueName":"search_term_string"}}],"inLanguage":"fi"}]}},"_links":{"self":[{"href":"https:\/\/casino-vergleichstest.net\/fi\/wp-json\/wp\/v2\/pages\/203","targetHints":{"allow":["GET"]}}],"collection":[{"href":"https:\/\/casino-vergleichstest.net\/fi\/wp-json\/wp\/v2\/pages"}],"about":[{"href":"https:\/\/casino-vergleichstest.net\/fi\/wp-json\/wp\/v2\/types\/page"}],"author":[{"embeddable":true,"href":"https:\/\/casino-vergleichstest.net\/fi\/wp-json\/wp\/v2\/users\/1"}],"replies":[{"embeddable":true,"href":"https:\/\/casino-vergleichstest.net\/fi\/wp-json\/wp\/v2\/comments?post=203"}],"version-history":[{"count":0,"href":"https:\/\/casino-vergleichstest.net\/fi\/wp-json\/wp\/v2\/pages\/203\/revisions"}],"wp:attachment":[{"href":"https:\/\/casino-vergleichstest.net\/fi\/wp-json\/wp\/v2\/media?parent=203"}],"curies":[{"name":"wp","href":"https:\/\/api.w.org\/{rel}","templated":true}]}}