{"id":204,"date":"2025-08-02T11:56:07","date_gmt":"2025-08-02T11:56:07","guid":{"rendered":"https:\/\/casino-vergleichstest.net\/maison\/"},"modified":"2025-08-02T11:56:07","modified_gmt":"2025-08-02T11:56:07","slug":"maison","status":"publish","type":"page","link":"https:\/\/casino-vergleichstest.net\/fr\/","title":{"rendered":"Maison"},"content":{"rendered":"<h2>Comparaison et test des casinos en ligne<\/h2>\n<p><img loading=\"lazy\" decoding=\"async\" style=\"margin-bottom: 10px; margin-left: 10px; float: right;\" alt=\"Test des casinos en ligne\" src=\"images\/stories\/Jackpot1.jpg\" height=\"156\" width=\"234\" \/>Nous comparons et testons les meilleurs casinos en ligne pour vous. La gamme de jeux, la qualit\u00e9 du logiciel, la s\u00e9curit\u00e9 et la fiabilit\u00e9, et surtout les offres de bonus des casinos en ligne sont des crit\u00e8res essentiels pour chaque joueur\u00a0; nous pr\u00e9sentons toutes ces informations clairement. Pour profiter des offres et du bonus de premier d\u00e9p\u00f4t, il est essentiel de saisir le bon code bonus dans de nombreux casinos. Vous trouverez ici le code bonus correspondant qui vous garantit le meilleur bonus\u00a0!<\/p>\n<p>Pour obtenir des informations d\u00e9taill\u00e9es sur chaque casino, cliquez sur le menu \u00ab\u00a0Meilleurs casinos en ligne en test\u00a0\u00bb ci-dessus. Nous avons cr\u00e9\u00e9 un test de casino pour chacun des principaux fournisseurs de casinos en ligne, contenant toutes les informations importantes.<\/p>\n<p>Nous vous donnons \u00e9galement de pr\u00e9cieux conseils sur la strat\u00e9gie de casino pour les jeux les plus populaires et r\u00e9pondons aux questions les plus fr\u00e9quentes sur les casinos en ligne. Tous les fournisseurs de notre comparatif sont d&rsquo;une excellente r\u00e9putation. Cela est particuli\u00e8rement vrai en ce qui concerne la s\u00e9curit\u00e9 des d\u00e9p\u00f4ts et des retraits, ainsi que l&rsquo;\u00e9quit\u00e9 des cotes.<br \/>Assurez-vous de lire nos informations et nos tests de casino avant de choisir un casino. Le meilleur casino en ligne n&rsquo;est pas forc\u00e9ment celui qui propose le meilleur code bonus\u00a0: comparez par vous-m\u00eame, puis choisissez celui qui vous int\u00e9resse le plus et o\u00f9 vous appr\u00e9ciez les jeux propos\u00e9s.<\/p>\n<p>\u00c0 propos\u00a0: les taux de redistribution sont presque identiques dans presque tous les casinos\u00a0: ils oscillent syst\u00e9matiquement autour de 97-98\u00a0% lors des tests de casino\u00a0!<\/p>\n","protected":false},"excerpt":{"rendered":"<p>Comparaison et test des casinos en ligne Nous comparons et testons les meilleurs casinos en ligne pour vous. La gamme de jeux, la qualit\u00e9 du logiciel, la s\u00e9curit\u00e9 et la fiabilit\u00e9, et surtout les offres de bonus des casinos en ligne sont des crit\u00e8res essentiels pour chaque joueur\u00a0; nous pr\u00e9sentons toutes ces informations clairement. Pour &#8230; <a title=\"Maison\" class=\"read-more\" href=\"https:\/\/casino-vergleichstest.net\/fr\/\" aria-label=\"En savoir plus sur Maison\">Lire la suite<\/a><\/p>\n","protected":false},"author":1,"featured_media":0,"parent":0,"menu_order":0,"comment_status":"closed","ping_status":"closed","template":"","meta":{"footnotes":""},"class_list":["post-204","page","type-page","status-publish"],"yoast_head":"<!-- This site is optimized with the Yoast SEO plugin v27.4 - https:\/\/yoast.com\/product\/yoast-seo-wordpress\/ -->\n<title>Revue de casino en ligne | Comparaison de casinos en ligne<\/title>\n<meta name=\"robots\" content=\"index, follow, max-snippet:-1, max-image-preview:large, max-video-preview:-1\" \/>\n<link rel=\"canonical\" href=\"https:\/\/casino-vergleichstest.net\/fr\/\" \/>\n<meta property=\"og:locale\" content=\"fr_FR\" \/>\n<meta property=\"og:type\" content=\"article\" \/>\n<meta property=\"og:title\" content=\"Revue de casino en ligne | Comparaison de casinos en ligne\" \/>\n<meta property=\"og:description\" content=\"Comparaison et test des casinos en ligne Nous comparons et testons les meilleurs casinos en ligne pour vous. La gamme de jeux, la qualit\u00e9 du logiciel, la s\u00e9curit\u00e9 et la fiabilit\u00e9, et surtout les offres de bonus des casinos en ligne sont des crit\u00e8res essentiels pour chaque joueur\u00a0; nous pr\u00e9sentons toutes ces informations clairement. Pour ... Lire la suite\" \/>\n<meta property=\"og:url\" content=\"https:\/\/casino-vergleichstest.net\/fr\/\" \/>\n<meta name=\"twitter:card\" content=\"summary_large_image\" \/>\n<meta name=\"twitter:label1\" content=\"Dur\u00e9e de lecture estim\u00e9e\" \/>\n\t<meta name=\"twitter:data1\" content=\"1 minute\" \/>\n<script type=\"application\/ld+json\" class=\"yoast-schema-graph\">{\"@context\":\"https:\\\/\\\/schema.org\",\"@graph\":[{\"@type\":\"WebPage\",\"@id\":\"https:\\\/\\\/casino-vergleichstest.net\\\/fr\\\/\",\"url\":\"https:\\\/\\\/casino-vergleichstest.net\\\/fr\\\/\",\"name\":\"Revue de casino en ligne | Comparaison de casinos en ligne\",\"isPartOf\":{\"@id\":\"https:\\\/\\\/casino-vergleichstest.net\\\/fr\\\/#website\"},\"datePublished\":\"2025-08-02T11:56:07+00:00\",\"breadcrumb\":{\"@id\":\"https:\\\/\\\/casino-vergleichstest.net\\\/fr\\\/#breadcrumb\"},\"inLanguage\":\"fr-FR\",\"potentialAction\":[{\"@type\":\"ReadAction\",\"target\":[\"https:\\\/\\\/casino-vergleichstest.net\\\/fr\\\/\"]}]},{\"@type\":\"BreadcrumbList\",\"@id\":\"https:\\\/\\\/casino-vergleichstest.net\\\/fr\\\/#breadcrumb\",\"itemListElement\":[{\"@type\":\"ListItem\",\"position\":1,\"name\":\"Home\",\"item\":\"https:\\\/\\\/casino-vergleichstest.net\\\/fr\\\/\"},{\"@type\":\"ListItem\",\"position\":2,\"name\":\"Maison\"}]},{\"@type\":\"WebSite\",\"@id\":\"https:\\\/\\\/casino-vergleichstest.net\\\/fr\\\/#website\",\"url\":\"https:\\\/\\\/casino-vergleichstest.net\\\/fr\\\/\",\"name\":\"\",\"description\":\"\",\"potentialAction\":[{\"@type\":\"SearchAction\",\"target\":{\"@type\":\"EntryPoint\",\"urlTemplate\":\"https:\\\/\\\/casino-vergleichstest.net\\\/fr\\\/?s={search_term_string}\"},\"query-input\":{\"@type\":\"PropertyValueSpecification\",\"valueRequired\":true,\"valueName\":\"search_term_string\"}}],\"inLanguage\":\"fr-FR\"}]}<\/script>\n<!-- \/ Yoast SEO plugin. -->","yoast_head_json":{"title":"Revue de casino en ligne | Comparaison de casinos en ligne","robots":{"index":"index","follow":"follow","max-snippet":"max-snippet:-1","max-image-preview":"max-image-preview:large","max-video-preview":"max-video-preview:-1"},"canonical":"https:\/\/casino-vergleichstest.net\/fr\/","og_locale":"fr_FR","og_type":"article","og_title":"Revue de casino en ligne | Comparaison de casinos en ligne","og_description":"Comparaison et test des casinos en ligne Nous comparons et testons les meilleurs casinos en ligne pour vous. La gamme de jeux, la qualit\u00e9 du logiciel, la s\u00e9curit\u00e9 et la fiabilit\u00e9, et surtout les offres de bonus des casinos en ligne sont des crit\u00e8res essentiels pour chaque joueur\u00a0; nous pr\u00e9sentons toutes ces informations clairement. Pour ... Lire la suite","og_url":"https:\/\/casino-vergleichstest.net\/fr\/","twitter_card":"summary_large_image","twitter_misc":{"Dur\u00e9e de lecture estim\u00e9e":"1 minute"},"schema":{"@context":"https:\/\/schema.org","@graph":[{"@type":"WebPage","@id":"https:\/\/casino-vergleichstest.net\/fr\/","url":"https:\/\/casino-vergleichstest.net\/fr\/","name":"Revue de casino en ligne | Comparaison de casinos en ligne","isPartOf":{"@id":"https:\/\/casino-vergleichstest.net\/fr\/#website"},"datePublished":"2025-08-02T11:56:07+00:00","breadcrumb":{"@id":"https:\/\/casino-vergleichstest.net\/fr\/#breadcrumb"},"inLanguage":"fr-FR","potentialAction":[{"@type":"ReadAction","target":["https:\/\/casino-vergleichstest.net\/fr\/"]}]},{"@type":"BreadcrumbList","@id":"https:\/\/casino-vergleichstest.net\/fr\/#breadcrumb","itemListElement":[{"@type":"ListItem","position":1,"name":"Home","item":"https:\/\/casino-vergleichstest.net\/fr\/"},{"@type":"ListItem","position":2,"name":"Maison"}]},{"@type":"WebSite","@id":"https:\/\/casino-vergleichstest.net\/fr\/#website","url":"https:\/\/casino-vergleichstest.net\/fr\/","name":"","description":"","potentialAction":[{"@type":"SearchAction","target":{"@type":"EntryPoint","urlTemplate":"https:\/\/casino-vergleichstest.net\/fr\/?s={search_term_string}"},"query-input":{"@type":"PropertyValueSpecification","valueRequired":true,"valueName":"search_term_string"}}],"inLanguage":"fr-FR"}]}},"_links":{"self":[{"href":"https:\/\/casino-vergleichstest.net\/fr\/wp-json\/wp\/v2\/pages\/204","targetHints":{"allow":["GET"]}}],"collection":[{"href":"https:\/\/casino-vergleichstest.net\/fr\/wp-json\/wp\/v2\/pages"}],"about":[{"href":"https:\/\/casino-vergleichstest.net\/fr\/wp-json\/wp\/v2\/types\/page"}],"author":[{"embeddable":true,"href":"https:\/\/casino-vergleichstest.net\/fr\/wp-json\/wp\/v2\/users\/1"}],"replies":[{"embeddable":true,"href":"https:\/\/casino-vergleichstest.net\/fr\/wp-json\/wp\/v2\/comments?post=204"}],"version-history":[{"count":0,"href":"https:\/\/casino-vergleichstest.net\/fr\/wp-json\/wp\/v2\/pages\/204\/revisions"}],"wp:attachment":[{"href":"https:\/\/casino-vergleichstest.net\/fr\/wp-json\/wp\/v2\/media?parent=204"}],"curies":[{"name":"wp","href":"https:\/\/api.w.org\/{rel}","templated":true}]}}