{"id":198,"date":"2025-08-02T11:56:07","date_gmt":"2025-08-02T11:56:07","guid":{"rendered":"https:\/\/casino-vergleichstest.net\/dom\/"},"modified":"2025-08-02T11:56:07","modified_gmt":"2025-08-02T11:56:07","slug":"dom","status":"publish","type":"page","link":"https:\/\/casino-vergleichstest.net\/hr\/","title":{"rendered":"Dom"},"content":{"rendered":"<h2>Usporedba i testiranje online kasina<\/h2>\n<p><img loading=\"lazy\" decoding=\"async\" style=\"margin-bottom: 10px; margin-left: 10px; float: right;\" alt=\"Testiranje online kasina\" src=\"images\/stories\/Jackpot1.jpg\" height=\"156\" width=\"234\" \/>Uspore\u0111ujemo i testiramo najbolje online kasina za vas. Raspon igara, kvaliteta softvera, sigurnost i pouzdanost te, na kraju, bonus ponude online kasina klju\u010dni su za svakog igra\u010da \u2013 sve te informacije jasno predstavljamo. Da biste iskoristili ponude kasina i bonus kasina koji dobivate s prvim depozitom, unos ispravnog bonus koda kasina klju\u010dan je u mnogim kasinima \u2013 ovdje \u0107ete prona\u0107i odgovaraju\u0107i bonus kod kasina koji vam jam\u010di maksimalni, najbolji bonus kasina!<\/p>\n<p>Za detaljne informacije o pojedina\u010dnim kasinima kliknite na izbornik &#8220;Najbolji online kasina u testiranju&#8221; iznad. Za svakog od glavnih pru\u017eatelja online casino usluga kreirali smo casino test sa svim va\u017enim informacijama.<\/p>\n<p>Tako\u0111er vam dajemo vrijedne savjete o casino strategiji za najpopularnije igre i odgovaramo na naj\u010de\u0161\u0107e postavljana pitanja o online casinima. Svi pru\u017eatelji usluga u na\u0161oj usporedbi su apsolutno ugledni. To se posebno odnosi na sigurnost uplata i isplata, kao i na fer izglede u igri.<br \/>Prije odabira casina obavezno pro\u010ditajte na\u0161e informacije i casino testove. Najbolji online casino nije nu\u017eno onaj koji nudi najbolji casino bonus kod &#8211; trebali biste sami usporediti, a zatim odabrati casino koji vam se najvi\u0161e svi\u0111a i u kojem u\u017eivate u ponu\u0111enim igrama.<\/p>\n<p>Usput: stope isplate gotovo su iste u prakti\u010dki svim casinima &#8211; u casino testovima se konstantno kre\u0107u oko 97-98 posto!<\/p>\n","protected":false},"excerpt":{"rendered":"<p>Usporedba i testiranje online kasina Uspore\u0111ujemo i testiramo najbolje online kasina za vas. Raspon igara, kvaliteta softvera, sigurnost i pouzdanost te, na kraju, bonus ponude online kasina klju\u010dni su za svakog igra\u010da \u2013 sve te informacije jasno predstavljamo. Da biste iskoristili ponude kasina i bonus kasina koji dobivate s prvim depozitom, unos ispravnog bonus koda &#8230; <a title=\"Dom\" class=\"read-more\" href=\"https:\/\/casino-vergleichstest.net\/hr\/\" aria-label=\"Read more about Dom\">Op\u0161irnije<\/a><\/p>\n","protected":false},"author":1,"featured_media":0,"parent":0,"menu_order":0,"comment_status":"closed","ping_status":"closed","template":"","meta":{"footnotes":""},"class_list":["post-198","page","type-page","status-publish"],"yoast_head":"<!-- This site is optimized with the Yoast SEO plugin v27.4 - https:\/\/yoast.com\/product\/yoast-seo-wordpress\/ -->\n<title>Recenzija online kasina | Usporedba online kasina<\/title>\n<meta name=\"robots\" content=\"index, follow, max-snippet:-1, max-image-preview:large, max-video-preview:-1\" \/>\n<link rel=\"canonical\" href=\"https:\/\/casino-vergleichstest.net\/hr\/\" \/>\n<meta property=\"og:locale\" content=\"hr_HR\" \/>\n<meta property=\"og:type\" content=\"article\" \/>\n<meta property=\"og:title\" content=\"Recenzija online kasina | Usporedba online kasina\" \/>\n<meta property=\"og:description\" content=\"Usporedba i testiranje online kasina Uspore\u0111ujemo i testiramo najbolje online kasina za vas. Raspon igara, kvaliteta softvera, sigurnost i pouzdanost te, na kraju, bonus ponude online kasina klju\u010dni su za svakog igra\u010da \u2013 sve te informacije jasno predstavljamo. Da biste iskoristili ponude kasina i bonus kasina koji dobivate s prvim depozitom, unos ispravnog bonus koda ... Op\u0161irnije\" \/>\n<meta property=\"og:url\" content=\"https:\/\/casino-vergleichstest.net\/hr\/\" \/>\n<meta name=\"twitter:card\" content=\"summary_large_image\" \/>\n<meta name=\"twitter:label1\" content=\"Procijenjeno vrijeme \u010ditanja\" \/>\n\t<meta name=\"twitter:data1\" content=\"1 minuta\" \/>\n<script type=\"application\/ld+json\" class=\"yoast-schema-graph\">{\"@context\":\"https:\\\/\\\/schema.org\",\"@graph\":[{\"@type\":\"WebPage\",\"@id\":\"https:\\\/\\\/casino-vergleichstest.net\\\/hr\\\/\",\"url\":\"https:\\\/\\\/casino-vergleichstest.net\\\/hr\\\/\",\"name\":\"Recenzija online kasina | Usporedba online kasina\",\"isPartOf\":{\"@id\":\"https:\\\/\\\/casino-vergleichstest.net\\\/hr\\\/#website\"},\"datePublished\":\"2025-08-02T11:56:07+00:00\",\"breadcrumb\":{\"@id\":\"https:\\\/\\\/casino-vergleichstest.net\\\/hr\\\/#breadcrumb\"},\"inLanguage\":\"hr\",\"potentialAction\":[{\"@type\":\"ReadAction\",\"target\":[\"https:\\\/\\\/casino-vergleichstest.net\\\/hr\\\/\"]}]},{\"@type\":\"BreadcrumbList\",\"@id\":\"https:\\\/\\\/casino-vergleichstest.net\\\/hr\\\/#breadcrumb\",\"itemListElement\":[{\"@type\":\"ListItem\",\"position\":1,\"name\":\"Home\",\"item\":\"https:\\\/\\\/casino-vergleichstest.net\\\/hr\\\/\"},{\"@type\":\"ListItem\",\"position\":2,\"name\":\"Dom\"}]},{\"@type\":\"WebSite\",\"@id\":\"https:\\\/\\\/casino-vergleichstest.net\\\/hr\\\/#website\",\"url\":\"https:\\\/\\\/casino-vergleichstest.net\\\/hr\\\/\",\"name\":\"\",\"description\":\"\",\"potentialAction\":[{\"@type\":\"SearchAction\",\"target\":{\"@type\":\"EntryPoint\",\"urlTemplate\":\"https:\\\/\\\/casino-vergleichstest.net\\\/hr\\\/?s={search_term_string}\"},\"query-input\":{\"@type\":\"PropertyValueSpecification\",\"valueRequired\":true,\"valueName\":\"search_term_string\"}}],\"inLanguage\":\"hr\"}]}<\/script>\n<!-- \/ Yoast SEO plugin. -->","yoast_head_json":{"title":"Recenzija online kasina | Usporedba online kasina","robots":{"index":"index","follow":"follow","max-snippet":"max-snippet:-1","max-image-preview":"max-image-preview:large","max-video-preview":"max-video-preview:-1"},"canonical":"https:\/\/casino-vergleichstest.net\/hr\/","og_locale":"hr_HR","og_type":"article","og_title":"Recenzija online kasina | Usporedba online kasina","og_description":"Usporedba i testiranje online kasina Uspore\u0111ujemo i testiramo najbolje online kasina za vas. Raspon igara, kvaliteta softvera, sigurnost i pouzdanost te, na kraju, bonus ponude online kasina klju\u010dni su za svakog igra\u010da \u2013 sve te informacije jasno predstavljamo. Da biste iskoristili ponude kasina i bonus kasina koji dobivate s prvim depozitom, unos ispravnog bonus koda ... Op\u0161irnije","og_url":"https:\/\/casino-vergleichstest.net\/hr\/","twitter_card":"summary_large_image","twitter_misc":{"Procijenjeno vrijeme \u010ditanja":"1 minuta"},"schema":{"@context":"https:\/\/schema.org","@graph":[{"@type":"WebPage","@id":"https:\/\/casino-vergleichstest.net\/hr\/","url":"https:\/\/casino-vergleichstest.net\/hr\/","name":"Recenzija online kasina | Usporedba online kasina","isPartOf":{"@id":"https:\/\/casino-vergleichstest.net\/hr\/#website"},"datePublished":"2025-08-02T11:56:07+00:00","breadcrumb":{"@id":"https:\/\/casino-vergleichstest.net\/hr\/#breadcrumb"},"inLanguage":"hr","potentialAction":[{"@type":"ReadAction","target":["https:\/\/casino-vergleichstest.net\/hr\/"]}]},{"@type":"BreadcrumbList","@id":"https:\/\/casino-vergleichstest.net\/hr\/#breadcrumb","itemListElement":[{"@type":"ListItem","position":1,"name":"Home","item":"https:\/\/casino-vergleichstest.net\/hr\/"},{"@type":"ListItem","position":2,"name":"Dom"}]},{"@type":"WebSite","@id":"https:\/\/casino-vergleichstest.net\/hr\/#website","url":"https:\/\/casino-vergleichstest.net\/hr\/","name":"","description":"","potentialAction":[{"@type":"SearchAction","target":{"@type":"EntryPoint","urlTemplate":"https:\/\/casino-vergleichstest.net\/hr\/?s={search_term_string}"},"query-input":{"@type":"PropertyValueSpecification","valueRequired":true,"valueName":"search_term_string"}}],"inLanguage":"hr"}]}},"_links":{"self":[{"href":"https:\/\/casino-vergleichstest.net\/hr\/wp-json\/wp\/v2\/pages\/198","targetHints":{"allow":["GET"]}}],"collection":[{"href":"https:\/\/casino-vergleichstest.net\/hr\/wp-json\/wp\/v2\/pages"}],"about":[{"href":"https:\/\/casino-vergleichstest.net\/hr\/wp-json\/wp\/v2\/types\/page"}],"author":[{"embeddable":true,"href":"https:\/\/casino-vergleichstest.net\/hr\/wp-json\/wp\/v2\/users\/1"}],"replies":[{"embeddable":true,"href":"https:\/\/casino-vergleichstest.net\/hr\/wp-json\/wp\/v2\/comments?post=198"}],"version-history":[{"count":0,"href":"https:\/\/casino-vergleichstest.net\/hr\/wp-json\/wp\/v2\/pages\/198\/revisions"}],"wp:attachment":[{"href":"https:\/\/casino-vergleichstest.net\/hr\/wp-json\/wp\/v2\/media?parent=198"}],"curies":[{"name":"wp","href":"https:\/\/api.w.org\/{rel}","templated":true}]}}