{"id":206,"date":"2025-08-02T11:56:07","date_gmt":"2025-08-02T11:56:07","guid":{"rendered":"https:\/\/casino-vergleichstest.net\/otthon\/"},"modified":"2025-08-02T11:56:07","modified_gmt":"2025-08-02T11:56:07","slug":"otthon","status":"publish","type":"page","link":"https:\/\/casino-vergleichstest.net\/hu\/","title":{"rendered":"Otthon"},"content":{"rendered":"<h2>Online kaszin\u00f3k \u00f6sszehasonl\u00edt\u00e1sa \u00e9s tesztje<\/h2>\n<p><img loading=\"lazy\" decoding=\"async\" style=\"margin-bottom: 10px; margin-left: 10px; float: right;\" alt=\"Online kaszin\u00f3 teszt\" src=\"images\/stories\/Jackpot1.jpg\" height=\"156\" width=\"234\" \/>\u00d6sszehasonl\u00edtjuk \u00e9s tesztelj\u00fck a legjobb online kaszin\u00f3kat az \u00d6n sz\u00e1m\u00e1ra. A j\u00e1t\u00e9kok v\u00e1laszt\u00e9ka, a szoftver min\u0151s\u00e9ge, a biztons\u00e1g \u00e9s a megb\u00edzhat\u00f3s\u00e1g, \u00e9s v\u00e9g\u00fcl, de nem utols\u00f3sorban az online kaszin\u00f3k b\u00f3nuszaj\u00e1nlatai kulcsfontoss\u00e1g\u00faak minden j\u00e1t\u00e9kos sz\u00e1m\u00e1ra \u2013 ezeket az inform\u00e1ci\u00f3kat vil\u00e1gosan bemutatjuk. Ahhoz, hogy kihaszn\u00e1lhassa a kaszin\u00f3aj\u00e1nlatokat \u00e9s az els\u0151 befizet\u00e9s\u00e9vel kapott kaszin\u00f3b\u00f3nuszt, sok kaszin\u00f3ban elengedhetetlen a helyes kaszin\u00f3b\u00f3nuszk\u00f3d megad\u00e1sa \u2013 itt megtal\u00e1lja az adott kaszin\u00f3b\u00f3nuszk\u00f3dot, amely garant\u00e1lja a maxim\u00e1lis, legjobb kaszin\u00f3b\u00f3nuszt!<\/p>\n<p>Az egyes kaszin\u00f3kr\u00f3l r\u00e9szletes inform\u00e1ci\u00f3k\u00e9rt kattintson a fenti &#8222;A legjobb online kaszin\u00f3k Tesztben&#8221; men\u00fcre. L\u00e9trehoztunk egy kaszin\u00f3tesztet minden nagyobb online kaszin\u00f3szolg\u00e1ltat\u00f3hoz, amely tartalmazza az \u00f6sszes fontos inform\u00e1ci\u00f3t.<\/p>\n<p>\u00c9rt\u00e9kes tippeket adunk a kaszin\u00f3strat\u00e9gi\u00e1kr\u00f3l a legn\u00e9pszer\u0171bb j\u00e1t\u00e9kokhoz, \u00e9s megv\u00e1laszoljuk az online kaszin\u00f3kkal kapcsolatos leggyakrabban feltett k\u00e9rd\u00e9seket. \u00d6sszehasonl\u00edt\u00e1sunkban szerepl\u0151 \u00f6sszes szolg\u00e1ltat\u00f3 abszol\u00fat megb\u00edzhat\u00f3. Ez k\u00fcl\u00f6n\u00f6sen igaz a befizet\u00e9sek \u00e9s kifizet\u00e9sek biztons\u00e1g\u00e1ra, valamint a j\u00e1t\u00e9kban rejl\u0151 tisztess\u00e9ges es\u00e9lyekre.<br \/>Mindenk\u00e9ppen olvasd el t\u00e1j\u00e9koztat\u00f3inkat \u00e9s kaszin\u00f3tesztjeinket, miel\u0151tt kaszin\u00f3t v\u00e1lasztasz. A legjobb online kaszin\u00f3 nem felt\u00e9tlen\u00fcl az, amelyik a legjobb kaszin\u00f3 b\u00f3nuszk\u00f3dot k\u00edn\u00e1lja \u2013 neked kell \u00f6sszehasonl\u00edtanod, majd kiv\u00e1lasztanod azt a kaszin\u00f3t, amelyik a legjobban tetszik, \u00e9s ahol \u00e9lvezed a k\u00edn\u00e1lt j\u00e1t\u00e9kokat.<\/p>\n<p>Egy\u00e9bk\u00e9nt: a kifizet\u00e9si ar\u00e1nyok gyakorlatilag minden kaszin\u00f3ban szinte azonosak \u2013 a kaszin\u00f3tesztekben k\u00f6vetkezetesen 97-98 sz\u00e1zal\u00e9k k\u00f6r\u00fcl mozognak!<\/p>\n","protected":false},"excerpt":{"rendered":"<p>Online kaszin\u00f3k \u00f6sszehasonl\u00edt\u00e1sa \u00e9s tesztje \u00d6sszehasonl\u00edtjuk \u00e9s tesztelj\u00fck a legjobb online kaszin\u00f3kat az \u00d6n sz\u00e1m\u00e1ra. A j\u00e1t\u00e9kok v\u00e1laszt\u00e9ka, a szoftver min\u0151s\u00e9ge, a biztons\u00e1g \u00e9s a megb\u00edzhat\u00f3s\u00e1g, \u00e9s v\u00e9g\u00fcl, de nem utols\u00f3sorban az online kaszin\u00f3k b\u00f3nuszaj\u00e1nlatai kulcsfontoss\u00e1g\u00faak minden j\u00e1t\u00e9kos sz\u00e1m\u00e1ra \u2013 ezeket az inform\u00e1ci\u00f3kat vil\u00e1gosan bemutatjuk. Ahhoz, hogy kihaszn\u00e1lhassa a kaszin\u00f3aj\u00e1nlatokat \u00e9s az els\u0151 befizet\u00e9s\u00e9vel kapott &#8230; <a title=\"Otthon\" class=\"read-more\" href=\"https:\/\/casino-vergleichstest.net\/hu\/\" aria-label=\"Read more about Otthon\">Olvass tov\u00e1bb<\/a><\/p>\n","protected":false},"author":1,"featured_media":0,"parent":0,"menu_order":0,"comment_status":"closed","ping_status":"closed","template":"","meta":{"footnotes":""},"class_list":["post-206","page","type-page","status-publish"],"yoast_head":"<!-- This site is optimized with the Yoast SEO plugin v27.4 - https:\/\/yoast.com\/product\/yoast-seo-wordpress\/ -->\n<title>Online kaszin\u00f3 \u00e1ttekint\u00e9s | Online kaszin\u00f3 \u00f6sszehasonl\u00edt\u00e1s<\/title>\n<meta name=\"robots\" content=\"index, follow, max-snippet:-1, max-image-preview:large, max-video-preview:-1\" \/>\n<link rel=\"canonical\" href=\"https:\/\/casino-vergleichstest.net\/hu\/\" \/>\n<meta property=\"og:locale\" content=\"hu_HU\" \/>\n<meta property=\"og:type\" content=\"article\" \/>\n<meta property=\"og:title\" content=\"Online kaszin\u00f3 \u00e1ttekint\u00e9s | Online kaszin\u00f3 \u00f6sszehasonl\u00edt\u00e1s\" \/>\n<meta property=\"og:description\" content=\"Online kaszin\u00f3k \u00f6sszehasonl\u00edt\u00e1sa \u00e9s tesztje \u00d6sszehasonl\u00edtjuk \u00e9s tesztelj\u00fck a legjobb online kaszin\u00f3kat az \u00d6n sz\u00e1m\u00e1ra. A j\u00e1t\u00e9kok v\u00e1laszt\u00e9ka, a szoftver min\u0151s\u00e9ge, a biztons\u00e1g \u00e9s a megb\u00edzhat\u00f3s\u00e1g, \u00e9s v\u00e9g\u00fcl, de nem utols\u00f3sorban az online kaszin\u00f3k b\u00f3nuszaj\u00e1nlatai kulcsfontoss\u00e1g\u00faak minden j\u00e1t\u00e9kos sz\u00e1m\u00e1ra \u2013 ezeket az inform\u00e1ci\u00f3kat vil\u00e1gosan bemutatjuk. Ahhoz, hogy kihaszn\u00e1lhassa a kaszin\u00f3aj\u00e1nlatokat \u00e9s az els\u0151 befizet\u00e9s\u00e9vel kapott ... Olvass tov\u00e1bb\" \/>\n<meta property=\"og:url\" content=\"https:\/\/casino-vergleichstest.net\/hu\/\" \/>\n<meta name=\"twitter:card\" content=\"summary_large_image\" \/>\n<meta name=\"twitter:label1\" content=\"Becs\u00fclt olvas\u00e1si id\u0151\" \/>\n\t<meta name=\"twitter:data1\" content=\"2 perc\" \/>\n<script type=\"application\/ld+json\" class=\"yoast-schema-graph\">{\"@context\":\"https:\\\/\\\/schema.org\",\"@graph\":[{\"@type\":\"WebPage\",\"@id\":\"https:\\\/\\\/casino-vergleichstest.net\\\/hu\\\/\",\"url\":\"https:\\\/\\\/casino-vergleichstest.net\\\/hu\\\/\",\"name\":\"Online kaszin\u00f3 \u00e1ttekint\u00e9s | Online kaszin\u00f3 \u00f6sszehasonl\u00edt\u00e1s\",\"isPartOf\":{\"@id\":\"https:\\\/\\\/casino-vergleichstest.net\\\/hu\\\/#website\"},\"datePublished\":\"2025-08-02T11:56:07+00:00\",\"breadcrumb\":{\"@id\":\"https:\\\/\\\/casino-vergleichstest.net\\\/hu\\\/#breadcrumb\"},\"inLanguage\":\"hu\",\"potentialAction\":[{\"@type\":\"ReadAction\",\"target\":[\"https:\\\/\\\/casino-vergleichstest.net\\\/hu\\\/\"]}]},{\"@type\":\"BreadcrumbList\",\"@id\":\"https:\\\/\\\/casino-vergleichstest.net\\\/hu\\\/#breadcrumb\",\"itemListElement\":[{\"@type\":\"ListItem\",\"position\":1,\"name\":\"Home\",\"item\":\"https:\\\/\\\/casino-vergleichstest.net\\\/hu\\\/\"},{\"@type\":\"ListItem\",\"position\":2,\"name\":\"Otthon\"}]},{\"@type\":\"WebSite\",\"@id\":\"https:\\\/\\\/casino-vergleichstest.net\\\/hu\\\/#website\",\"url\":\"https:\\\/\\\/casino-vergleichstest.net\\\/hu\\\/\",\"name\":\"\",\"description\":\"\",\"potentialAction\":[{\"@type\":\"SearchAction\",\"target\":{\"@type\":\"EntryPoint\",\"urlTemplate\":\"https:\\\/\\\/casino-vergleichstest.net\\\/hu\\\/?s={search_term_string}\"},\"query-input\":{\"@type\":\"PropertyValueSpecification\",\"valueRequired\":true,\"valueName\":\"search_term_string\"}}],\"inLanguage\":\"hu\"}]}<\/script>\n<!-- \/ Yoast SEO plugin. -->","yoast_head_json":{"title":"Online kaszin\u00f3 \u00e1ttekint\u00e9s | Online kaszin\u00f3 \u00f6sszehasonl\u00edt\u00e1s","robots":{"index":"index","follow":"follow","max-snippet":"max-snippet:-1","max-image-preview":"max-image-preview:large","max-video-preview":"max-video-preview:-1"},"canonical":"https:\/\/casino-vergleichstest.net\/hu\/","og_locale":"hu_HU","og_type":"article","og_title":"Online kaszin\u00f3 \u00e1ttekint\u00e9s | Online kaszin\u00f3 \u00f6sszehasonl\u00edt\u00e1s","og_description":"Online kaszin\u00f3k \u00f6sszehasonl\u00edt\u00e1sa \u00e9s tesztje \u00d6sszehasonl\u00edtjuk \u00e9s tesztelj\u00fck a legjobb online kaszin\u00f3kat az \u00d6n sz\u00e1m\u00e1ra. A j\u00e1t\u00e9kok v\u00e1laszt\u00e9ka, a szoftver min\u0151s\u00e9ge, a biztons\u00e1g \u00e9s a megb\u00edzhat\u00f3s\u00e1g, \u00e9s v\u00e9g\u00fcl, de nem utols\u00f3sorban az online kaszin\u00f3k b\u00f3nuszaj\u00e1nlatai kulcsfontoss\u00e1g\u00faak minden j\u00e1t\u00e9kos sz\u00e1m\u00e1ra \u2013 ezeket az inform\u00e1ci\u00f3kat vil\u00e1gosan bemutatjuk. Ahhoz, hogy kihaszn\u00e1lhassa a kaszin\u00f3aj\u00e1nlatokat \u00e9s az els\u0151 befizet\u00e9s\u00e9vel kapott ... Olvass tov\u00e1bb","og_url":"https:\/\/casino-vergleichstest.net\/hu\/","twitter_card":"summary_large_image","twitter_misc":{"Becs\u00fclt olvas\u00e1si id\u0151":"2 perc"},"schema":{"@context":"https:\/\/schema.org","@graph":[{"@type":"WebPage","@id":"https:\/\/casino-vergleichstest.net\/hu\/","url":"https:\/\/casino-vergleichstest.net\/hu\/","name":"Online kaszin\u00f3 \u00e1ttekint\u00e9s | Online kaszin\u00f3 \u00f6sszehasonl\u00edt\u00e1s","isPartOf":{"@id":"https:\/\/casino-vergleichstest.net\/hu\/#website"},"datePublished":"2025-08-02T11:56:07+00:00","breadcrumb":{"@id":"https:\/\/casino-vergleichstest.net\/hu\/#breadcrumb"},"inLanguage":"hu","potentialAction":[{"@type":"ReadAction","target":["https:\/\/casino-vergleichstest.net\/hu\/"]}]},{"@type":"BreadcrumbList","@id":"https:\/\/casino-vergleichstest.net\/hu\/#breadcrumb","itemListElement":[{"@type":"ListItem","position":1,"name":"Home","item":"https:\/\/casino-vergleichstest.net\/hu\/"},{"@type":"ListItem","position":2,"name":"Otthon"}]},{"@type":"WebSite","@id":"https:\/\/casino-vergleichstest.net\/hu\/#website","url":"https:\/\/casino-vergleichstest.net\/hu\/","name":"","description":"","potentialAction":[{"@type":"SearchAction","target":{"@type":"EntryPoint","urlTemplate":"https:\/\/casino-vergleichstest.net\/hu\/?s={search_term_string}"},"query-input":{"@type":"PropertyValueSpecification","valueRequired":true,"valueName":"search_term_string"}}],"inLanguage":"hu"}]}},"_links":{"self":[{"href":"https:\/\/casino-vergleichstest.net\/hu\/wp-json\/wp\/v2\/pages\/206","targetHints":{"allow":["GET"]}}],"collection":[{"href":"https:\/\/casino-vergleichstest.net\/hu\/wp-json\/wp\/v2\/pages"}],"about":[{"href":"https:\/\/casino-vergleichstest.net\/hu\/wp-json\/wp\/v2\/types\/page"}],"author":[{"embeddable":true,"href":"https:\/\/casino-vergleichstest.net\/hu\/wp-json\/wp\/v2\/users\/1"}],"replies":[{"embeddable":true,"href":"https:\/\/casino-vergleichstest.net\/hu\/wp-json\/wp\/v2\/comments?post=206"}],"version-history":[{"count":0,"href":"https:\/\/casino-vergleichstest.net\/hu\/wp-json\/wp\/v2\/pages\/206\/revisions"}],"wp:attachment":[{"href":"https:\/\/casino-vergleichstest.net\/hu\/wp-json\/wp\/v2\/media?parent=206"}],"curies":[{"name":"wp","href":"https:\/\/api.w.org\/{rel}","templated":true}]}}