{"id":208,"date":"2025-08-02T11:56:07","date_gmt":"2025-08-02T11:56:07","guid":{"rendered":"https:\/\/casino-vergleichstest.net\/casa\/"},"modified":"2025-08-02T11:56:07","modified_gmt":"2025-08-02T11:56:07","slug":"casa","status":"publish","type":"page","link":"https:\/\/casino-vergleichstest.net\/it\/","title":{"rendered":"Casa"},"content":{"rendered":"<h2>Confronto e test dei casin\u00f2 online<\/h2>\n<p><img loading=\"lazy\" decoding=\"async\" style=\"margin-bottom: 10px; margin-left: 10px; float: right;\" alt=\"Test dei casin\u00f2 online\" src=\"images\/stories\/Jackpot1.jpg\" height=\"156\" width=\"234\" \/>Confrontiamo e testiamo i migliori casin\u00f2 online per te. La gamma di giochi, la qualit\u00e0 del software, la sicurezza e l&#8217;affidabilit\u00e0 e, ultimo ma non meno importante, le offerte bonus dei casin\u00f2 online sono cruciali per ogni giocatore: presentiamo tutte queste informazioni in modo chiaro. Per approfittare delle offerte e del bonus casin\u00f2 che ricevi con il tuo primo deposito, inserire il codice bonus casin\u00f2 corretto \u00e8 fondamentale in molti casin\u00f2: qui troverai il codice bonus casin\u00f2 che ti garantisce il bonus casin\u00f2 migliore e pi\u00f9 alto!<\/p>\n<p>Per ottenere informazioni dettagliate sui singoli casin\u00f2, clicca sul menu &#8220;I migliori casin\u00f2 online in prova&#8221; in alto. Abbiamo creato un test di casin\u00f2 per ciascuno dei principali provider di casin\u00f2 online, con tutte le informazioni importanti.<\/p>\n<p>Vi forniamo anche preziosi consigli sulla strategia di gioco per i giochi pi\u00f9 popolari e rispondiamo alle domande pi\u00f9 frequenti sui casin\u00f2 online. Tutti i provider nel nostro confronto sono assolutamente affidabili. Questo \u00e8 particolarmente vero per quanto riguarda la sicurezza di depositi e prelievi, nonch\u00e9 le quote di gioco eque.<br \/>Assicuratevi di leggere le nostre informazioni e i test sui casin\u00f2 prima di sceglierne uno. Il miglior casin\u00f2 online non \u00e8 necessariamente quello che offre il miglior codice bonus: dovreste confrontare voi stessi e poi scegliere il casin\u00f2 che pi\u00f9 vi attrae e dove vi piacciono i giochi offerti.<\/p>\n<p>A proposito: le percentuali di pagamento sono quasi le stesse in quasi tutti i casin\u00f2: si aggirano costantemente intorno al 97-98% nei test sui casin\u00f2!<\/p>\n","protected":false},"excerpt":{"rendered":"<p>Confronto e test dei casin\u00f2 online Confrontiamo e testiamo i migliori casin\u00f2 online per te. La gamma di giochi, la qualit\u00e0 del software, la sicurezza e l&#8217;affidabilit\u00e0 e, ultimo ma non meno importante, le offerte bonus dei casin\u00f2 online sono cruciali per ogni giocatore: presentiamo tutte queste informazioni in modo chiaro. Per approfittare delle offerte &#8230; <a title=\"Casa\" class=\"read-more\" href=\"https:\/\/casino-vergleichstest.net\/it\/\" aria-label=\"Per saperne di pi\u00f9 su Casa\">Leggi tutto<\/a><\/p>\n","protected":false},"author":1,"featured_media":0,"parent":0,"menu_order":0,"comment_status":"closed","ping_status":"closed","template":"","meta":{"footnotes":""},"class_list":["post-208","page","type-page","status-publish"],"yoast_head":"<!-- This site is optimized with the Yoast SEO plugin v27.4 - https:\/\/yoast.com\/product\/yoast-seo-wordpress\/ -->\n<title>Recensione del casin\u00f2 online | Confronto dei casin\u00f2 online<\/title>\n<meta name=\"robots\" content=\"index, follow, max-snippet:-1, max-image-preview:large, max-video-preview:-1\" \/>\n<link rel=\"canonical\" href=\"https:\/\/casino-vergleichstest.net\/it\/\" \/>\n<meta property=\"og:locale\" content=\"it_IT\" \/>\n<meta property=\"og:type\" content=\"article\" \/>\n<meta property=\"og:title\" content=\"Recensione del casin\u00f2 online | Confronto dei casin\u00f2 online\" \/>\n<meta property=\"og:description\" content=\"Confronto e test dei casin\u00f2 online Confrontiamo e testiamo i migliori casin\u00f2 online per te. La gamma di giochi, la qualit\u00e0 del software, la sicurezza e l&#8217;affidabilit\u00e0 e, ultimo ma non meno importante, le offerte bonus dei casin\u00f2 online sono cruciali per ogni giocatore: presentiamo tutte queste informazioni in modo chiaro. Per approfittare delle offerte ... Leggi tutto\" \/>\n<meta property=\"og:url\" content=\"https:\/\/casino-vergleichstest.net\/it\/\" \/>\n<meta name=\"twitter:card\" content=\"summary_large_image\" \/>\n<meta name=\"twitter:label1\" content=\"Tempo di lettura stimato\" \/>\n\t<meta name=\"twitter:data1\" content=\"1 minuto\" \/>\n<script type=\"application\/ld+json\" class=\"yoast-schema-graph\">{\"@context\":\"https:\\\/\\\/schema.org\",\"@graph\":[{\"@type\":\"WebPage\",\"@id\":\"https:\\\/\\\/casino-vergleichstest.net\\\/it\\\/\",\"url\":\"https:\\\/\\\/casino-vergleichstest.net\\\/it\\\/\",\"name\":\"Recensione del casin\u00f2 online | Confronto dei casin\u00f2 online\",\"isPartOf\":{\"@id\":\"https:\\\/\\\/casino-vergleichstest.net\\\/it\\\/#website\"},\"datePublished\":\"2025-08-02T11:56:07+00:00\",\"breadcrumb\":{\"@id\":\"https:\\\/\\\/casino-vergleichstest.net\\\/it\\\/#breadcrumb\"},\"inLanguage\":\"it-IT\",\"potentialAction\":[{\"@type\":\"ReadAction\",\"target\":[\"https:\\\/\\\/casino-vergleichstest.net\\\/it\\\/\"]}]},{\"@type\":\"BreadcrumbList\",\"@id\":\"https:\\\/\\\/casino-vergleichstest.net\\\/it\\\/#breadcrumb\",\"itemListElement\":[{\"@type\":\"ListItem\",\"position\":1,\"name\":\"Home\",\"item\":\"https:\\\/\\\/casino-vergleichstest.net\\\/it\\\/\"},{\"@type\":\"ListItem\",\"position\":2,\"name\":\"Casa\"}]},{\"@type\":\"WebSite\",\"@id\":\"https:\\\/\\\/casino-vergleichstest.net\\\/it\\\/#website\",\"url\":\"https:\\\/\\\/casino-vergleichstest.net\\\/it\\\/\",\"name\":\"\",\"description\":\"\",\"potentialAction\":[{\"@type\":\"SearchAction\",\"target\":{\"@type\":\"EntryPoint\",\"urlTemplate\":\"https:\\\/\\\/casino-vergleichstest.net\\\/it\\\/?s={search_term_string}\"},\"query-input\":{\"@type\":\"PropertyValueSpecification\",\"valueRequired\":true,\"valueName\":\"search_term_string\"}}],\"inLanguage\":\"it-IT\"}]}<\/script>\n<!-- \/ Yoast SEO plugin. -->","yoast_head_json":{"title":"Recensione del casin\u00f2 online | Confronto dei casin\u00f2 online","robots":{"index":"index","follow":"follow","max-snippet":"max-snippet:-1","max-image-preview":"max-image-preview:large","max-video-preview":"max-video-preview:-1"},"canonical":"https:\/\/casino-vergleichstest.net\/it\/","og_locale":"it_IT","og_type":"article","og_title":"Recensione del casin\u00f2 online | Confronto dei casin\u00f2 online","og_description":"Confronto e test dei casin\u00f2 online Confrontiamo e testiamo i migliori casin\u00f2 online per te. La gamma di giochi, la qualit\u00e0 del software, la sicurezza e l&#8217;affidabilit\u00e0 e, ultimo ma non meno importante, le offerte bonus dei casin\u00f2 online sono cruciali per ogni giocatore: presentiamo tutte queste informazioni in modo chiaro. Per approfittare delle offerte ... Leggi tutto","og_url":"https:\/\/casino-vergleichstest.net\/it\/","twitter_card":"summary_large_image","twitter_misc":{"Tempo di lettura stimato":"1 minuto"},"schema":{"@context":"https:\/\/schema.org","@graph":[{"@type":"WebPage","@id":"https:\/\/casino-vergleichstest.net\/it\/","url":"https:\/\/casino-vergleichstest.net\/it\/","name":"Recensione del casin\u00f2 online | Confronto dei casin\u00f2 online","isPartOf":{"@id":"https:\/\/casino-vergleichstest.net\/it\/#website"},"datePublished":"2025-08-02T11:56:07+00:00","breadcrumb":{"@id":"https:\/\/casino-vergleichstest.net\/it\/#breadcrumb"},"inLanguage":"it-IT","potentialAction":[{"@type":"ReadAction","target":["https:\/\/casino-vergleichstest.net\/it\/"]}]},{"@type":"BreadcrumbList","@id":"https:\/\/casino-vergleichstest.net\/it\/#breadcrumb","itemListElement":[{"@type":"ListItem","position":1,"name":"Home","item":"https:\/\/casino-vergleichstest.net\/it\/"},{"@type":"ListItem","position":2,"name":"Casa"}]},{"@type":"WebSite","@id":"https:\/\/casino-vergleichstest.net\/it\/#website","url":"https:\/\/casino-vergleichstest.net\/it\/","name":"","description":"","potentialAction":[{"@type":"SearchAction","target":{"@type":"EntryPoint","urlTemplate":"https:\/\/casino-vergleichstest.net\/it\/?s={search_term_string}"},"query-input":{"@type":"PropertyValueSpecification","valueRequired":true,"valueName":"search_term_string"}}],"inLanguage":"it-IT"}]}},"_links":{"self":[{"href":"https:\/\/casino-vergleichstest.net\/it\/wp-json\/wp\/v2\/pages\/208","targetHints":{"allow":["GET"]}}],"collection":[{"href":"https:\/\/casino-vergleichstest.net\/it\/wp-json\/wp\/v2\/pages"}],"about":[{"href":"https:\/\/casino-vergleichstest.net\/it\/wp-json\/wp\/v2\/types\/page"}],"author":[{"embeddable":true,"href":"https:\/\/casino-vergleichstest.net\/it\/wp-json\/wp\/v2\/users\/1"}],"replies":[{"embeddable":true,"href":"https:\/\/casino-vergleichstest.net\/it\/wp-json\/wp\/v2\/comments?post=208"}],"version-history":[{"count":0,"href":"https:\/\/casino-vergleichstest.net\/it\/wp-json\/wp\/v2\/pages\/208\/revisions"}],"wp:attachment":[{"href":"https:\/\/casino-vergleichstest.net\/it\/wp-json\/wp\/v2\/media?parent=208"}],"curies":[{"name":"wp","href":"https:\/\/api.w.org\/{rel}","templated":true}]}}