{"id":212,"date":"2025-08-02T11:56:07","date_gmt":"2025-08-02T11:56:07","guid":{"rendered":"https:\/\/casino-vergleichstest.net\/pradzia\/"},"modified":"2025-08-02T11:56:07","modified_gmt":"2025-08-02T11:56:07","slug":"pradzia","status":"publish","type":"page","link":"https:\/\/casino-vergleichstest.net\/lt\/","title":{"rendered":"Prad\u017eia"},"content":{"rendered":"<h2>Internetini\u0173 kazino palyginimas ir testas<\/h2>\n<p><img loading=\"lazy\" decoding=\"async\" style=\"margin-bottom: 10px; margin-left: 10px; float: right;\" alt=\"Internetinio kazino testas\" src=\"images\/stories\/Jackpot1.jpg\" height=\"156\" width=\"234\" \/>Mes lyginame ir testuojame geriausius internetinius kazino jums. \u017daidim\u0173 asortimentas, programin\u0117s \u012frangos kokyb\u0117, saugumas ir patikimumas bei, galiausiai, internetini\u0173 kazino premij\u0173 pasi\u016blymai yra labai svarb\u016bs kiekvienam \u017eaid\u0117jui \u2013 vis\u0105 \u0161i\u0105 informacij\u0105 pateikiame ai\u0161kiai. Norint pasinaudoti kazino pasi\u016blymais ir kazino premija, kuri\u0105 gaunate atlikdami pirm\u0105j\u012f \u012fna\u0161\u0105, daugelyje kazino labai svarbu \u012fvesti teising\u0105 kazino premijos kod\u0105 \u2013 \u010dia rasite atitinkam\u0105 kazino premijos kod\u0105, kuris garantuoja jums maksimali\u0105, geriausi\u0105 kazino premij\u0105!<\/p>\n<p>Nor\u0117dami gauti i\u0161samios informacijos apie atskirus kazino, spustel\u0117kite auk\u0161\u010diau esant\u012f meniu \u201eGeriausi internetiniai kazino Teste\u201c. Kiekvienam pagrindiniam internetini\u0173 kazino tiek\u0117jui suk\u016br\u0117me kazino test\u0105 su visa svarbia informacija.<\/p>\n<p>Taip pat pateikiame verting\u0173 patarim\u0173 apie kazino strategij\u0105 populiariausiems \u017eaidimams ir atsakome \u012f da\u017eniausiai u\u017eduodamus klausimus apie internetinius kazino. Visi m\u016bs\u0173 palyginime esantys tiek\u0117jai yra absoliu\u010diai patikimi. Tai ypa\u010d pasakytina apie \u012fmok\u0173 ir i\u0161\u0117mim\u0173 saugum\u0105, taip pat apie s\u0105\u017einingas \u017eaidimo galimybes.<br \/>Prie\u0161 rinkdamiesi kazino, b\u016btinai perskaitykite m\u016bs\u0173 informacij\u0105 ir kazino testus. Geriausias internetinis kazino neb\u016btinai yra tas, kuris si\u016blo geriausi\u0105 kazino premijos kod\u0105 \u2013 tur\u0117tum\u0117te palyginti patys ir tada pasirinkti kazino, kuris jums labiausiai patinka ir kuriame m\u0117gstate si\u016blomus \u017eaidimus.<\/p>\n<p>Beje: i\u0161mok\u0173 rodikliai prakti\u0161kai visuose kazino yra beveik vienodi \u2013 kazino testuose jie nuolat svyruoja apie 97\u201398 procentus!<\/p>\n","protected":false},"excerpt":{"rendered":"<p>Internetini\u0173 kazino palyginimas ir testas Mes lyginame ir testuojame geriausius internetinius kazino jums. \u017daidim\u0173 asortimentas, programin\u0117s \u012frangos kokyb\u0117, saugumas ir patikimumas bei, galiausiai, internetini\u0173 kazino premij\u0173 pasi\u016blymai yra labai svarb\u016bs kiekvienam \u017eaid\u0117jui \u2013 vis\u0105 \u0161i\u0105 informacij\u0105 pateikiame ai\u0161kiai. Norint pasinaudoti kazino pasi\u016blymais ir kazino premija, kuri\u0105 gaunate atlikdami pirm\u0105j\u012f \u012fna\u0161\u0105, daugelyje kazino labai svarbu \u012fvesti &#8230; <a title=\"Prad\u017eia\" class=\"read-more\" href=\"https:\/\/casino-vergleichstest.net\/lt\/\" aria-label=\"Read more about Prad\u017eia\">Skaityti toliau<\/a><\/p>\n","protected":false},"author":1,"featured_media":0,"parent":0,"menu_order":0,"comment_status":"closed","ping_status":"closed","template":"","meta":{"footnotes":""},"class_list":["post-212","page","type-page","status-publish"],"yoast_head":"<!-- This site is optimized with the Yoast SEO plugin v27.4 - https:\/\/yoast.com\/product\/yoast-seo-wordpress\/ -->\n<title>Internetinio kazino ap\u017evalga | Internetini\u0173 kazino palyginimas<\/title>\n<meta name=\"robots\" content=\"index, follow, max-snippet:-1, max-image-preview:large, max-video-preview:-1\" \/>\n<link rel=\"canonical\" href=\"https:\/\/casino-vergleichstest.net\/lt\/\" \/>\n<meta property=\"og:locale\" content=\"lt_LT\" \/>\n<meta property=\"og:type\" content=\"article\" \/>\n<meta property=\"og:title\" content=\"Internetinio kazino ap\u017evalga | Internetini\u0173 kazino palyginimas\" \/>\n<meta property=\"og:description\" content=\"Internetini\u0173 kazino palyginimas ir testas Mes lyginame ir testuojame geriausius internetinius kazino jums. \u017daidim\u0173 asortimentas, programin\u0117s \u012frangos kokyb\u0117, saugumas ir patikimumas bei, galiausiai, internetini\u0173 kazino premij\u0173 pasi\u016blymai yra labai svarb\u016bs kiekvienam \u017eaid\u0117jui \u2013 vis\u0105 \u0161i\u0105 informacij\u0105 pateikiame ai\u0161kiai. Norint pasinaudoti kazino pasi\u016blymais ir kazino premija, kuri\u0105 gaunate atlikdami pirm\u0105j\u012f \u012fna\u0161\u0105, daugelyje kazino labai svarbu \u012fvesti ... Skaityti toliau\" \/>\n<meta property=\"og:url\" content=\"https:\/\/casino-vergleichstest.net\/lt\/\" \/>\n<meta name=\"twitter:card\" content=\"summary_large_image\" \/>\n<meta name=\"twitter:label1\" content=\"Est. reading time\" \/>\n\t<meta name=\"twitter:data1\" content=\"1 minut\u0117\" \/>\n<script type=\"application\/ld+json\" class=\"yoast-schema-graph\">{\"@context\":\"https:\\\/\\\/schema.org\",\"@graph\":[{\"@type\":\"WebPage\",\"@id\":\"https:\\\/\\\/casino-vergleichstest.net\\\/lt\\\/\",\"url\":\"https:\\\/\\\/casino-vergleichstest.net\\\/lt\\\/\",\"name\":\"Internetinio kazino ap\u017evalga | Internetini\u0173 kazino palyginimas\",\"isPartOf\":{\"@id\":\"https:\\\/\\\/casino-vergleichstest.net\\\/lt\\\/#website\"},\"datePublished\":\"2025-08-02T11:56:07+00:00\",\"breadcrumb\":{\"@id\":\"https:\\\/\\\/casino-vergleichstest.net\\\/lt\\\/#breadcrumb\"},\"inLanguage\":\"lt-LT\",\"potentialAction\":[{\"@type\":\"ReadAction\",\"target\":[\"https:\\\/\\\/casino-vergleichstest.net\\\/lt\\\/\"]}]},{\"@type\":\"BreadcrumbList\",\"@id\":\"https:\\\/\\\/casino-vergleichstest.net\\\/lt\\\/#breadcrumb\",\"itemListElement\":[{\"@type\":\"ListItem\",\"position\":1,\"name\":\"Home\",\"item\":\"https:\\\/\\\/casino-vergleichstest.net\\\/lt\\\/\"},{\"@type\":\"ListItem\",\"position\":2,\"name\":\"Prad\u017eia\"}]},{\"@type\":\"WebSite\",\"@id\":\"https:\\\/\\\/casino-vergleichstest.net\\\/lt\\\/#website\",\"url\":\"https:\\\/\\\/casino-vergleichstest.net\\\/lt\\\/\",\"name\":\"\",\"description\":\"\",\"potentialAction\":[{\"@type\":\"SearchAction\",\"target\":{\"@type\":\"EntryPoint\",\"urlTemplate\":\"https:\\\/\\\/casino-vergleichstest.net\\\/lt\\\/?s={search_term_string}\"},\"query-input\":{\"@type\":\"PropertyValueSpecification\",\"valueRequired\":true,\"valueName\":\"search_term_string\"}}],\"inLanguage\":\"lt-LT\"}]}<\/script>\n<!-- \/ Yoast SEO plugin. -->","yoast_head_json":{"title":"Internetinio kazino ap\u017evalga | Internetini\u0173 kazino palyginimas","robots":{"index":"index","follow":"follow","max-snippet":"max-snippet:-1","max-image-preview":"max-image-preview:large","max-video-preview":"max-video-preview:-1"},"canonical":"https:\/\/casino-vergleichstest.net\/lt\/","og_locale":"lt_LT","og_type":"article","og_title":"Internetinio kazino ap\u017evalga | Internetini\u0173 kazino palyginimas","og_description":"Internetini\u0173 kazino palyginimas ir testas Mes lyginame ir testuojame geriausius internetinius kazino jums. \u017daidim\u0173 asortimentas, programin\u0117s \u012frangos kokyb\u0117, saugumas ir patikimumas bei, galiausiai, internetini\u0173 kazino premij\u0173 pasi\u016blymai yra labai svarb\u016bs kiekvienam \u017eaid\u0117jui \u2013 vis\u0105 \u0161i\u0105 informacij\u0105 pateikiame ai\u0161kiai. Norint pasinaudoti kazino pasi\u016blymais ir kazino premija, kuri\u0105 gaunate atlikdami pirm\u0105j\u012f \u012fna\u0161\u0105, daugelyje kazino labai svarbu \u012fvesti ... Skaityti toliau","og_url":"https:\/\/casino-vergleichstest.net\/lt\/","twitter_card":"summary_large_image","twitter_misc":{"Est. reading time":"1 minut\u0117"},"schema":{"@context":"https:\/\/schema.org","@graph":[{"@type":"WebPage","@id":"https:\/\/casino-vergleichstest.net\/lt\/","url":"https:\/\/casino-vergleichstest.net\/lt\/","name":"Internetinio kazino ap\u017evalga | Internetini\u0173 kazino palyginimas","isPartOf":{"@id":"https:\/\/casino-vergleichstest.net\/lt\/#website"},"datePublished":"2025-08-02T11:56:07+00:00","breadcrumb":{"@id":"https:\/\/casino-vergleichstest.net\/lt\/#breadcrumb"},"inLanguage":"lt-LT","potentialAction":[{"@type":"ReadAction","target":["https:\/\/casino-vergleichstest.net\/lt\/"]}]},{"@type":"BreadcrumbList","@id":"https:\/\/casino-vergleichstest.net\/lt\/#breadcrumb","itemListElement":[{"@type":"ListItem","position":1,"name":"Home","item":"https:\/\/casino-vergleichstest.net\/lt\/"},{"@type":"ListItem","position":2,"name":"Prad\u017eia"}]},{"@type":"WebSite","@id":"https:\/\/casino-vergleichstest.net\/lt\/#website","url":"https:\/\/casino-vergleichstest.net\/lt\/","name":"","description":"","potentialAction":[{"@type":"SearchAction","target":{"@type":"EntryPoint","urlTemplate":"https:\/\/casino-vergleichstest.net\/lt\/?s={search_term_string}"},"query-input":{"@type":"PropertyValueSpecification","valueRequired":true,"valueName":"search_term_string"}}],"inLanguage":"lt-LT"}]}},"_links":{"self":[{"href":"https:\/\/casino-vergleichstest.net\/lt\/wp-json\/wp\/v2\/pages\/212","targetHints":{"allow":["GET"]}}],"collection":[{"href":"https:\/\/casino-vergleichstest.net\/lt\/wp-json\/wp\/v2\/pages"}],"about":[{"href":"https:\/\/casino-vergleichstest.net\/lt\/wp-json\/wp\/v2\/types\/page"}],"author":[{"embeddable":true,"href":"https:\/\/casino-vergleichstest.net\/lt\/wp-json\/wp\/v2\/users\/1"}],"replies":[{"embeddable":true,"href":"https:\/\/casino-vergleichstest.net\/lt\/wp-json\/wp\/v2\/comments?post=212"}],"version-history":[{"count":0,"href":"https:\/\/casino-vergleichstest.net\/lt\/wp-json\/wp\/v2\/pages\/212\/revisions"}],"wp:attachment":[{"href":"https:\/\/casino-vergleichstest.net\/lt\/wp-json\/wp\/v2\/media?parent=212"}],"curies":[{"name":"wp","href":"https:\/\/api.w.org\/{rel}","templated":true}]}}