{"id":211,"date":"2025-08-02T11:56:07","date_gmt":"2025-08-02T11:56:07","guid":{"rendered":"https:\/\/casino-vergleichstest.net\/sakums\/"},"modified":"2025-08-02T11:56:07","modified_gmt":"2025-08-02T11:56:07","slug":"sakums","status":"publish","type":"page","link":"https:\/\/casino-vergleichstest.net\/lv\/","title":{"rendered":"S\u0101kums"},"content":{"rendered":"<h2>Tie\u0161saistes kazino sal\u012bdzin\u0101jums un tests<\/h2>\n<p><img loading=\"lazy\" decoding=\"async\" style=\"margin-bottom: 10px; margin-left: 10px; float: right;\" alt=\"Tie\u0161saistes kazino tests\" src=\"images\/stories\/Jackpot1.jpg\" height=\"156\" width=\"234\" \/>M\u0113s sal\u012bdzin\u0101m un test\u0113jam lab\u0101kos tie\u0161saistes kazino j\u016bsu viet\u0101. Sp\u0113\u013cu kl\u0101sts, programmat\u016bras kvalit\u0101te, dro\u0161\u012bba un uzticam\u012bba, un, visbeidzot, tie\u0161saistes kazino bonusa pied\u0101v\u0101jumi ir \u013coti svar\u012bgi katram sp\u0113l\u0113t\u0101jam \u2013 m\u0113s visu \u0161o inform\u0101ciju sniedzam skaidri. Lai izmantotu kazino pied\u0101v\u0101jumus un kazino bonusu, ko sa\u0146emat, veicot pirmo iemaksu, daudzos kazino ir \u013coti svar\u012bgi ievad\u012bt pareizo kazino bonusa kodu \u2013 \u0161eit atrad\u012bsiet attiec\u012bgo kazino bonusa kodu, kas garant\u0113 jums maksim\u0101lo, lab\u0101ko kazino bonusu!<\/p>\n<p>Lai ieg\u016btu detaliz\u0113tu inform\u0101ciju par atsevi\u0161\u0137iem kazino, noklik\u0161\u0137iniet uz izv\u0113lnes &#8220;Lab\u0101kie tie\u0161saistes kazino test\u0101&#8221; iepriek\u0161. Esam izveidoju\u0161i kazino testu katram no liel\u0101kajiem tie\u0161saistes kazino pakalpojumu sniedz\u0113jiem ar visu svar\u012bgo inform\u0101ciju.<\/p>\n<p>M\u0113s ar\u012b sniedzam v\u0113rt\u012bgus padomus par kazino strat\u0113\u0123iju popul\u0101r\u0101kaj\u0101m sp\u0113l\u0113m un atbildam uz bie\u017e\u0101k uzdotajiem jaut\u0101jumiem par tie\u0161saistes kazino. Visi m\u016bsu sal\u012bdzin\u0101jum\u0101 iek\u013cautie pakalpojumu sniedz\u0113ji ir absol\u016bti cien\u012bjami. Tas jo \u012bpa\u0161i attiecas uz iemaksu un izmaksu dro\u0161\u012bbu, k\u0101 ar\u012b god\u012bg\u0101m sp\u0113les izredz\u0113m.<br \/>Pirms kazino izv\u0113les noteikti izlasiet m\u016bsu inform\u0101ciju un kazino testus. Lab\u0101kais tie\u0161saistes kazino ne vienm\u0113r ir tas, kas pied\u0101v\u0101 lab\u0101ko kazino bonusa kodu \u2014 jums vajadz\u0113tu sal\u012bdzin\u0101t pa\u0161iem un p\u0113c tam izv\u0113l\u0113ties kazino, kas j\u016bs visvair\u0101k uzrun\u0101 un kur\u0101 jums pat\u012bk pied\u0101v\u0101t\u0101s sp\u0113les.<\/p>\n<p>Starp citu: izmaksu likmes praktiski visos kazino ir gandr\u012bz vien\u0101das \u2014 kazino testos t\u0101s past\u0101v\u012bgi sv\u0101rst\u0101s ap 97\u201398 procentiem!<\/p>\n","protected":false},"excerpt":{"rendered":"<p>Tie\u0161saistes kazino sal\u012bdzin\u0101jums un tests M\u0113s sal\u012bdzin\u0101m un test\u0113jam lab\u0101kos tie\u0161saistes kazino j\u016bsu viet\u0101. Sp\u0113\u013cu kl\u0101sts, programmat\u016bras kvalit\u0101te, dro\u0161\u012bba un uzticam\u012bba, un, visbeidzot, tie\u0161saistes kazino bonusa pied\u0101v\u0101jumi ir \u013coti svar\u012bgi katram sp\u0113l\u0113t\u0101jam \u2013 m\u0113s visu \u0161o inform\u0101ciju sniedzam skaidri. Lai izmantotu kazino pied\u0101v\u0101jumus un kazino bonusu, ko sa\u0146emat, veicot pirmo iemaksu, daudzos kazino ir \u013coti &#8230; <a title=\"S\u0101kums\" class=\"read-more\" href=\"https:\/\/casino-vergleichstest.net\/lv\/\" aria-label=\"Read more about S\u0101kums\">Read more<\/a><\/p>\n","protected":false},"author":1,"featured_media":0,"parent":0,"menu_order":0,"comment_status":"closed","ping_status":"closed","template":"","meta":{"footnotes":""},"class_list":["post-211","page","type-page","status-publish"],"yoast_head":"<!-- This site is optimized with the Yoast SEO plugin v27.4 - https:\/\/yoast.com\/product\/yoast-seo-wordpress\/ -->\n<title>Tie\u0161saistes kazino apskats | Tie\u0161saistes kazino sal\u012bdzin\u0101jums<\/title>\n<meta name=\"robots\" content=\"index, follow, max-snippet:-1, max-image-preview:large, max-video-preview:-1\" \/>\n<link rel=\"canonical\" href=\"https:\/\/casino-vergleichstest.net\/lv\/\" \/>\n<meta property=\"og:locale\" content=\"lv_LV\" \/>\n<meta property=\"og:type\" content=\"article\" \/>\n<meta property=\"og:title\" content=\"Tie\u0161saistes kazino apskats | Tie\u0161saistes kazino sal\u012bdzin\u0101jums\" \/>\n<meta property=\"og:description\" content=\"Tie\u0161saistes kazino sal\u012bdzin\u0101jums un tests M\u0113s sal\u012bdzin\u0101m un test\u0113jam lab\u0101kos tie\u0161saistes kazino j\u016bsu viet\u0101. Sp\u0113\u013cu kl\u0101sts, programmat\u016bras kvalit\u0101te, dro\u0161\u012bba un uzticam\u012bba, un, visbeidzot, tie\u0161saistes kazino bonusa pied\u0101v\u0101jumi ir \u013coti svar\u012bgi katram sp\u0113l\u0113t\u0101jam \u2013 m\u0113s visu \u0161o inform\u0101ciju sniedzam skaidri. Lai izmantotu kazino pied\u0101v\u0101jumus un kazino bonusu, ko sa\u0146emat, veicot pirmo iemaksu, daudzos kazino ir \u013coti ... Read more\" \/>\n<meta property=\"og:url\" content=\"https:\/\/casino-vergleichstest.net\/lv\/\" \/>\n<meta name=\"twitter:card\" content=\"summary_large_image\" \/>\n<meta name=\"twitter:label1\" content=\"Est. reading time\" \/>\n\t<meta name=\"twitter:data1\" content=\"2 minutes\" \/>\n<script type=\"application\/ld+json\" class=\"yoast-schema-graph\">{\"@context\":\"https:\\\/\\\/schema.org\",\"@graph\":[{\"@type\":\"WebPage\",\"@id\":\"https:\\\/\\\/casino-vergleichstest.net\\\/lv\\\/\",\"url\":\"https:\\\/\\\/casino-vergleichstest.net\\\/lv\\\/\",\"name\":\"Tie\u0161saistes kazino apskats | Tie\u0161saistes kazino sal\u012bdzin\u0101jums\",\"isPartOf\":{\"@id\":\"https:\\\/\\\/casino-vergleichstest.net\\\/lv\\\/#website\"},\"datePublished\":\"2025-08-02T11:56:07+00:00\",\"breadcrumb\":{\"@id\":\"https:\\\/\\\/casino-vergleichstest.net\\\/lv\\\/#breadcrumb\"},\"inLanguage\":\"lv-LV\",\"potentialAction\":[{\"@type\":\"ReadAction\",\"target\":[\"https:\\\/\\\/casino-vergleichstest.net\\\/lv\\\/\"]}]},{\"@type\":\"BreadcrumbList\",\"@id\":\"https:\\\/\\\/casino-vergleichstest.net\\\/lv\\\/#breadcrumb\",\"itemListElement\":[{\"@type\":\"ListItem\",\"position\":1,\"name\":\"Home\",\"item\":\"https:\\\/\\\/casino-vergleichstest.net\\\/lv\\\/\"},{\"@type\":\"ListItem\",\"position\":2,\"name\":\"S\u0101kums\"}]},{\"@type\":\"WebSite\",\"@id\":\"https:\\\/\\\/casino-vergleichstest.net\\\/lv\\\/#website\",\"url\":\"https:\\\/\\\/casino-vergleichstest.net\\\/lv\\\/\",\"name\":\"\",\"description\":\"\",\"potentialAction\":[{\"@type\":\"SearchAction\",\"target\":{\"@type\":\"EntryPoint\",\"urlTemplate\":\"https:\\\/\\\/casino-vergleichstest.net\\\/lv\\\/?s={search_term_string}\"},\"query-input\":{\"@type\":\"PropertyValueSpecification\",\"valueRequired\":true,\"valueName\":\"search_term_string\"}}],\"inLanguage\":\"lv-LV\"}]}<\/script>\n<!-- \/ Yoast SEO plugin. -->","yoast_head_json":{"title":"Tie\u0161saistes kazino apskats | Tie\u0161saistes kazino sal\u012bdzin\u0101jums","robots":{"index":"index","follow":"follow","max-snippet":"max-snippet:-1","max-image-preview":"max-image-preview:large","max-video-preview":"max-video-preview:-1"},"canonical":"https:\/\/casino-vergleichstest.net\/lv\/","og_locale":"lv_LV","og_type":"article","og_title":"Tie\u0161saistes kazino apskats | Tie\u0161saistes kazino sal\u012bdzin\u0101jums","og_description":"Tie\u0161saistes kazino sal\u012bdzin\u0101jums un tests M\u0113s sal\u012bdzin\u0101m un test\u0113jam lab\u0101kos tie\u0161saistes kazino j\u016bsu viet\u0101. Sp\u0113\u013cu kl\u0101sts, programmat\u016bras kvalit\u0101te, dro\u0161\u012bba un uzticam\u012bba, un, visbeidzot, tie\u0161saistes kazino bonusa pied\u0101v\u0101jumi ir \u013coti svar\u012bgi katram sp\u0113l\u0113t\u0101jam \u2013 m\u0113s visu \u0161o inform\u0101ciju sniedzam skaidri. Lai izmantotu kazino pied\u0101v\u0101jumus un kazino bonusu, ko sa\u0146emat, veicot pirmo iemaksu, daudzos kazino ir \u013coti ... Read more","og_url":"https:\/\/casino-vergleichstest.net\/lv\/","twitter_card":"summary_large_image","twitter_misc":{"Est. reading time":"2 minutes"},"schema":{"@context":"https:\/\/schema.org","@graph":[{"@type":"WebPage","@id":"https:\/\/casino-vergleichstest.net\/lv\/","url":"https:\/\/casino-vergleichstest.net\/lv\/","name":"Tie\u0161saistes kazino apskats | Tie\u0161saistes kazino sal\u012bdzin\u0101jums","isPartOf":{"@id":"https:\/\/casino-vergleichstest.net\/lv\/#website"},"datePublished":"2025-08-02T11:56:07+00:00","breadcrumb":{"@id":"https:\/\/casino-vergleichstest.net\/lv\/#breadcrumb"},"inLanguage":"lv-LV","potentialAction":[{"@type":"ReadAction","target":["https:\/\/casino-vergleichstest.net\/lv\/"]}]},{"@type":"BreadcrumbList","@id":"https:\/\/casino-vergleichstest.net\/lv\/#breadcrumb","itemListElement":[{"@type":"ListItem","position":1,"name":"Home","item":"https:\/\/casino-vergleichstest.net\/lv\/"},{"@type":"ListItem","position":2,"name":"S\u0101kums"}]},{"@type":"WebSite","@id":"https:\/\/casino-vergleichstest.net\/lv\/#website","url":"https:\/\/casino-vergleichstest.net\/lv\/","name":"","description":"","potentialAction":[{"@type":"SearchAction","target":{"@type":"EntryPoint","urlTemplate":"https:\/\/casino-vergleichstest.net\/lv\/?s={search_term_string}"},"query-input":{"@type":"PropertyValueSpecification","valueRequired":true,"valueName":"search_term_string"}}],"inLanguage":"lv-LV"}]}},"_links":{"self":[{"href":"https:\/\/casino-vergleichstest.net\/lv\/wp-json\/wp\/v2\/pages\/211","targetHints":{"allow":["GET"]}}],"collection":[{"href":"https:\/\/casino-vergleichstest.net\/lv\/wp-json\/wp\/v2\/pages"}],"about":[{"href":"https:\/\/casino-vergleichstest.net\/lv\/wp-json\/wp\/v2\/types\/page"}],"author":[{"embeddable":true,"href":"https:\/\/casino-vergleichstest.net\/lv\/wp-json\/wp\/v2\/users\/1"}],"replies":[{"embeddable":true,"href":"https:\/\/casino-vergleichstest.net\/lv\/wp-json\/wp\/v2\/comments?post=211"}],"version-history":[{"count":0,"href":"https:\/\/casino-vergleichstest.net\/lv\/wp-json\/wp\/v2\/pages\/211\/revisions"}],"wp:attachment":[{"href":"https:\/\/casino-vergleichstest.net\/lv\/wp-json\/wp\/v2\/media?parent=211"}],"curies":[{"name":"wp","href":"https:\/\/api.w.org\/{rel}","templated":true}]}}