{"id":214,"date":"2025-08-02T11:56:07","date_gmt":"2025-08-02T11:56:07","guid":{"rendered":"https:\/\/casino-vergleichstest.net\/hjem\/"},"modified":"2025-08-02T11:56:07","modified_gmt":"2025-08-02T11:56:07","slug":"hjem","status":"publish","type":"page","link":"https:\/\/casino-vergleichstest.net\/no\/","title":{"rendered":"Hjem"},"content":{"rendered":"<h2>Sammenligning og test av nettcasinoer<\/h2>\n<p><img loading=\"lazy\" decoding=\"async\" style=\"margin-bottom: 10px; margin-left: 10px; float: right;\" alt=\"Test av nettcasinoer\" src=\"images\/stories\/Jackpot1.jpg\" height=\"156\" width=\"234\" \/>Vi sammenligner og tester de beste nettcasinoene for deg. Utvalget av spill, programvarekvalitet, sikkerhet og p\u00e5litelighet, og sist men ikke minst, bonustilbudene fra nettcasinoer er avgj\u00f8rende for hver spiller \u2013 vi presenterer all denne informasjonen tydelig. For \u00e5 dra nytte av casinotilbudene og casinobonusen du mottar med ditt f\u00f8rste innskudd, er det avgj\u00f8rende \u00e5 oppgi riktig casinobonuskode p\u00e5 mange casinoer \u2013 her finner du den respektive casinobonuskoden som garanterer deg den maksimale, beste casinobonusen!<\/p>\n<p>For \u00e5 f\u00e5 detaljert informasjon om de enkelte casinoene, klikk p\u00e5 menyen &laquo;Beste nettcasinoer i test&raquo; ovenfor. Vi har laget en casinotest for hver av de store leverand\u00f8rene av nettcasinoer med all viktig informasjon.<\/p>\n<p>Vi gir deg ogs\u00e5 verdifulle tips om casinostrategi for de mest popul\u00e6re spillene og svarer p\u00e5 de vanligste sp\u00f8rsm\u00e5lene om nettcasinoer. Alle leverand\u00f8rene i v\u00e5r sammenligning er absolutt anerkjente. Dette gjelder spesielt med tanke p\u00e5 sikkerheten ved innskudd og uttak, samt rettferdige odds i spillet.<br \/>S\u00f8rg for \u00e5 lese informasjonen og casinotester f\u00f8r du velger et casino. Det beste nettcasinoet er ikke n\u00f8dvendigvis det som tilbyr den beste casinobonuskoden \u2013 du b\u00f8r sammenligne selv og deretter velge casinoet som appellerer til deg mest og hvor du liker spillene som tilbys.<\/p>\n<p>Forresten: utbetalingsratene er nesten de samme p\u00e5 praktisk talt alle casinoer \u2013 de ligger konsekvent rundt 97\u201398 prosent i casinotester!<\/p>\n","protected":false},"excerpt":{"rendered":"<p>Sammenligning og test av nettcasinoer Vi sammenligner og tester de beste nettcasinoene for deg. Utvalget av spill, programvarekvalitet, sikkerhet og p\u00e5litelighet, og sist men ikke minst, bonustilbudene fra nettcasinoer er avgj\u00f8rende for hver spiller \u2013 vi presenterer all denne informasjonen tydelig. For \u00e5 dra nytte av casinotilbudene og casinobonusen du mottar med ditt f\u00f8rste innskudd, &#8230; <a title=\"Hjem\" class=\"read-more\" href=\"https:\/\/casino-vergleichstest.net\/no\/\" aria-label=\"Read more about Hjem\">Les mer<\/a><\/p>\n","protected":false},"author":1,"featured_media":0,"parent":0,"menu_order":0,"comment_status":"closed","ping_status":"closed","template":"","meta":{"footnotes":""},"class_list":["post-214","page","type-page","status-publish"],"yoast_head":"<!-- This site is optimized with the Yoast SEO plugin v27.4 - https:\/\/yoast.com\/product\/yoast-seo-wordpress\/ -->\n<title>Anmeldelse av nettkasino | Sammenligning av nettkasinoer<\/title>\n<meta name=\"robots\" content=\"index, follow, max-snippet:-1, max-image-preview:large, max-video-preview:-1\" \/>\n<link rel=\"canonical\" href=\"https:\/\/casino-vergleichstest.net\/no\/\" \/>\n<meta property=\"og:locale\" content=\"nb_NO\" \/>\n<meta property=\"og:type\" content=\"article\" \/>\n<meta property=\"og:title\" content=\"Anmeldelse av nettkasino | Sammenligning av nettkasinoer\" \/>\n<meta property=\"og:description\" content=\"Sammenligning og test av nettcasinoer Vi sammenligner og tester de beste nettcasinoene for deg. Utvalget av spill, programvarekvalitet, sikkerhet og p\u00e5litelighet, og sist men ikke minst, bonustilbudene fra nettcasinoer er avgj\u00f8rende for hver spiller \u2013 vi presenterer all denne informasjonen tydelig. For \u00e5 dra nytte av casinotilbudene og casinobonusen du mottar med ditt f\u00f8rste innskudd, ... Les mer\" \/>\n<meta property=\"og:url\" content=\"https:\/\/casino-vergleichstest.net\/no\/\" \/>\n<meta name=\"twitter:card\" content=\"summary_large_image\" \/>\n<meta name=\"twitter:label1\" content=\"Ansl. lesetid\" \/>\n\t<meta name=\"twitter:data1\" content=\"1 minutt\" \/>\n<script type=\"application\/ld+json\" class=\"yoast-schema-graph\">{\"@context\":\"https:\\\/\\\/schema.org\",\"@graph\":[{\"@type\":\"WebPage\",\"@id\":\"https:\\\/\\\/casino-vergleichstest.net\\\/no\\\/\",\"url\":\"https:\\\/\\\/casino-vergleichstest.net\\\/no\\\/\",\"name\":\"Anmeldelse av nettkasino | Sammenligning av nettkasinoer\",\"isPartOf\":{\"@id\":\"https:\\\/\\\/casino-vergleichstest.net\\\/no\\\/#website\"},\"datePublished\":\"2025-08-02T11:56:07+00:00\",\"breadcrumb\":{\"@id\":\"https:\\\/\\\/casino-vergleichstest.net\\\/no\\\/#breadcrumb\"},\"inLanguage\":\"nb-NO\",\"potentialAction\":[{\"@type\":\"ReadAction\",\"target\":[\"https:\\\/\\\/casino-vergleichstest.net\\\/no\\\/\"]}]},{\"@type\":\"BreadcrumbList\",\"@id\":\"https:\\\/\\\/casino-vergleichstest.net\\\/no\\\/#breadcrumb\",\"itemListElement\":[{\"@type\":\"ListItem\",\"position\":1,\"name\":\"Home\",\"item\":\"https:\\\/\\\/casino-vergleichstest.net\\\/no\\\/\"},{\"@type\":\"ListItem\",\"position\":2,\"name\":\"Hjem\"}]},{\"@type\":\"WebSite\",\"@id\":\"https:\\\/\\\/casino-vergleichstest.net\\\/no\\\/#website\",\"url\":\"https:\\\/\\\/casino-vergleichstest.net\\\/no\\\/\",\"name\":\"\",\"description\":\"\",\"potentialAction\":[{\"@type\":\"SearchAction\",\"target\":{\"@type\":\"EntryPoint\",\"urlTemplate\":\"https:\\\/\\\/casino-vergleichstest.net\\\/no\\\/?s={search_term_string}\"},\"query-input\":{\"@type\":\"PropertyValueSpecification\",\"valueRequired\":true,\"valueName\":\"search_term_string\"}}],\"inLanguage\":\"nb-NO\"}]}<\/script>\n<!-- \/ Yoast SEO plugin. -->","yoast_head_json":{"title":"Anmeldelse av nettkasino | Sammenligning av nettkasinoer","robots":{"index":"index","follow":"follow","max-snippet":"max-snippet:-1","max-image-preview":"max-image-preview:large","max-video-preview":"max-video-preview:-1"},"canonical":"https:\/\/casino-vergleichstest.net\/no\/","og_locale":"nb_NO","og_type":"article","og_title":"Anmeldelse av nettkasino | Sammenligning av nettkasinoer","og_description":"Sammenligning og test av nettcasinoer Vi sammenligner og tester de beste nettcasinoene for deg. Utvalget av spill, programvarekvalitet, sikkerhet og p\u00e5litelighet, og sist men ikke minst, bonustilbudene fra nettcasinoer er avgj\u00f8rende for hver spiller \u2013 vi presenterer all denne informasjonen tydelig. For \u00e5 dra nytte av casinotilbudene og casinobonusen du mottar med ditt f\u00f8rste innskudd, ... Les mer","og_url":"https:\/\/casino-vergleichstest.net\/no\/","twitter_card":"summary_large_image","twitter_misc":{"Ansl. lesetid":"1 minutt"},"schema":{"@context":"https:\/\/schema.org","@graph":[{"@type":"WebPage","@id":"https:\/\/casino-vergleichstest.net\/no\/","url":"https:\/\/casino-vergleichstest.net\/no\/","name":"Anmeldelse av nettkasino | Sammenligning av nettkasinoer","isPartOf":{"@id":"https:\/\/casino-vergleichstest.net\/no\/#website"},"datePublished":"2025-08-02T11:56:07+00:00","breadcrumb":{"@id":"https:\/\/casino-vergleichstest.net\/no\/#breadcrumb"},"inLanguage":"nb-NO","potentialAction":[{"@type":"ReadAction","target":["https:\/\/casino-vergleichstest.net\/no\/"]}]},{"@type":"BreadcrumbList","@id":"https:\/\/casino-vergleichstest.net\/no\/#breadcrumb","itemListElement":[{"@type":"ListItem","position":1,"name":"Home","item":"https:\/\/casino-vergleichstest.net\/no\/"},{"@type":"ListItem","position":2,"name":"Hjem"}]},{"@type":"WebSite","@id":"https:\/\/casino-vergleichstest.net\/no\/#website","url":"https:\/\/casino-vergleichstest.net\/no\/","name":"","description":"","potentialAction":[{"@type":"SearchAction","target":{"@type":"EntryPoint","urlTemplate":"https:\/\/casino-vergleichstest.net\/no\/?s={search_term_string}"},"query-input":{"@type":"PropertyValueSpecification","valueRequired":true,"valueName":"search_term_string"}}],"inLanguage":"nb-NO"}]}},"_links":{"self":[{"href":"https:\/\/casino-vergleichstest.net\/no\/wp-json\/wp\/v2\/pages\/214","targetHints":{"allow":["GET"]}}],"collection":[{"href":"https:\/\/casino-vergleichstest.net\/no\/wp-json\/wp\/v2\/pages"}],"about":[{"href":"https:\/\/casino-vergleichstest.net\/no\/wp-json\/wp\/v2\/types\/page"}],"author":[{"embeddable":true,"href":"https:\/\/casino-vergleichstest.net\/no\/wp-json\/wp\/v2\/users\/1"}],"replies":[{"embeddable":true,"href":"https:\/\/casino-vergleichstest.net\/no\/wp-json\/wp\/v2\/comments?post=214"}],"version-history":[{"count":0,"href":"https:\/\/casino-vergleichstest.net\/no\/wp-json\/wp\/v2\/pages\/214\/revisions"}],"wp:attachment":[{"href":"https:\/\/casino-vergleichstest.net\/no\/wp-json\/wp\/v2\/media?parent=214"}],"curies":[{"name":"wp","href":"https:\/\/api.w.org\/{rel}","templated":true}]}}