{"id":215,"date":"2025-08-02T11:56:07","date_gmt":"2025-08-02T11:56:07","guid":{"rendered":"https:\/\/casino-vergleichstest.net\/dom\/"},"modified":"2025-08-02T11:56:07","modified_gmt":"2025-08-02T11:56:07","slug":"dom","status":"publish","type":"page","link":"https:\/\/casino-vergleichstest.net\/pl\/","title":{"rendered":"Dom"},"content":{"rendered":"<h2>Por\u00f3wnanie i test kasyn online<\/h2>\n<p><img loading=\"lazy\" decoding=\"async\" style=\"margin-bottom: 10px; margin-left: 10px; float: right;\" alt=\"Test kasyna online\" src=\"images\/stories\/Jackpot1.jpg\" height=\"156\" width=\"234\" \/>Por\u00f3wnujemy i testujemy dla Ciebie najlepsze kasyna online. Oferta gier, jako\u015b\u0107 oprogramowania, bezpiecze\u0144stwo i niezawodno\u015b\u0107, a tak\u017ce, co nie mniej wa\u017cne, oferty bonusowe kasyn online s\u0105 kluczowe dla ka\u017cdego gracza \u2013 wszystkie te informacje przedstawiamy w przejrzysty spos\u00f3b. Aby skorzysta\u0107 z ofert kasyn i bonusu kasynowego otrzymanego przy pierwszej wp\u0142acie, w wielu kasynach kluczowe jest wprowadzenie prawid\u0142owego kodu bonusowego \u2013 tutaj znajdziesz odpowiedni kod bonusowy, kt\u00f3ry gwarantuje Ci maksymalny, najlepszy bonus kasynowy!<\/p>\n<p>Aby uzyska\u0107 szczeg\u00f3\u0142owe informacje o poszczeg\u00f3lnych kasynach, kliknij menu \u201eNajlepsze kasyna online w te\u015bcie\u201d powy\u017cej. Stworzyli\u015bmy test kasyna dla ka\u017cdego z g\u0142\u00f3wnych dostawc\u00f3w kasyn online, zawieraj\u0105cy wszystkie wa\u017cne informacje.<\/p>\n<p>Udzielamy r\u00f3wnie\u017c cennych wskaz\u00f3wek dotycz\u0105cych strategii gry w kasynie w najpopularniejszych grach i odpowiadamy na najcz\u0119\u015bciej zadawane pytania dotycz\u0105ce kasyn online. Wszyscy dostawcy w naszym por\u00f3wnaniu ciesz\u0105 si\u0119 absolutn\u0105 renom\u0105. Dotyczy to zw\u0142aszcza bezpiecze\u0144stwa depozyt\u00f3w i wyp\u0142at, a tak\u017ce uczciwych kurs\u00f3w w grze.<br \/>Przed wyborem kasyna koniecznie zapoznaj si\u0119 z naszymi informacjami i testami kasyn. Najlepsze kasyno online to niekoniecznie to, kt\u00f3re oferuje najlepszy kod bonusowy \u2013 powiniene\u015b por\u00f3wna\u0107 oferty samodzielnie, a nast\u0119pnie wybra\u0107 kasyno, kt\u00f3re najbardziej Ci odpowiada i w kt\u00f3rym lubisz oferowane gry.<\/p>\n<p>Przy okazji: wska\u017aniki wyp\u0142at s\u0105 praktycznie takie same w praktycznie wszystkich kasynach \u2013 w testach kasyn konsekwentnie oscyluj\u0105 wok\u00f3\u0142 97-98%!<\/p>\n","protected":false},"excerpt":{"rendered":"<p>Por\u00f3wnanie i test kasyn online Por\u00f3wnujemy i testujemy dla Ciebie najlepsze kasyna online. Oferta gier, jako\u015b\u0107 oprogramowania, bezpiecze\u0144stwo i niezawodno\u015b\u0107, a tak\u017ce, co nie mniej wa\u017cne, oferty bonusowe kasyn online s\u0105 kluczowe dla ka\u017cdego gracza \u2013 wszystkie te informacje przedstawiamy w przejrzysty spos\u00f3b. Aby skorzysta\u0107 z ofert kasyn i bonusu kasynowego otrzymanego przy pierwszej wp\u0142acie, &#8230; <a title=\"Dom\" class=\"read-more\" href=\"https:\/\/casino-vergleichstest.net\/pl\/\" aria-label=\"Dowiedz si\u0119 wi\u0119cej o Dom\">Dowiedz si\u0119 wi\u0119cej<\/a><\/p>\n","protected":false},"author":1,"featured_media":0,"parent":0,"menu_order":0,"comment_status":"closed","ping_status":"closed","template":"","meta":{"footnotes":""},"class_list":["post-215","page","type-page","status-publish"],"yoast_head":"<!-- This site is optimized with the Yoast SEO plugin v27.4 - https:\/\/yoast.com\/product\/yoast-seo-wordpress\/ -->\n<title>Recenzja kasyna online | Por\u00f3wnanie kasyn online<\/title>\n<meta name=\"robots\" content=\"index, follow, max-snippet:-1, max-image-preview:large, max-video-preview:-1\" \/>\n<link rel=\"canonical\" href=\"https:\/\/casino-vergleichstest.net\/pl\/\" \/>\n<meta property=\"og:locale\" content=\"pl_PL\" \/>\n<meta property=\"og:type\" content=\"article\" \/>\n<meta property=\"og:title\" content=\"Recenzja kasyna online | Por\u00f3wnanie kasyn online\" \/>\n<meta property=\"og:description\" content=\"Por\u00f3wnanie i test kasyn online Por\u00f3wnujemy i testujemy dla Ciebie najlepsze kasyna online. Oferta gier, jako\u015b\u0107 oprogramowania, bezpiecze\u0144stwo i niezawodno\u015b\u0107, a tak\u017ce, co nie mniej wa\u017cne, oferty bonusowe kasyn online s\u0105 kluczowe dla ka\u017cdego gracza \u2013 wszystkie te informacje przedstawiamy w przejrzysty spos\u00f3b. Aby skorzysta\u0107 z ofert kasyn i bonusu kasynowego otrzymanego przy pierwszej wp\u0142acie, ... Dowiedz si\u0119 wi\u0119cej\" \/>\n<meta property=\"og:url\" content=\"https:\/\/casino-vergleichstest.net\/pl\/\" \/>\n<meta name=\"twitter:card\" content=\"summary_large_image\" \/>\n<meta name=\"twitter:label1\" content=\"Szacowany czas czytania\" \/>\n\t<meta name=\"twitter:data1\" content=\"1 minuta\" \/>\n<script type=\"application\/ld+json\" class=\"yoast-schema-graph\">{\"@context\":\"https:\\\/\\\/schema.org\",\"@graph\":[{\"@type\":\"WebPage\",\"@id\":\"https:\\\/\\\/casino-vergleichstest.net\\\/pl\\\/\",\"url\":\"https:\\\/\\\/casino-vergleichstest.net\\\/pl\\\/\",\"name\":\"Recenzja kasyna online | Por\u00f3wnanie kasyn online\",\"isPartOf\":{\"@id\":\"https:\\\/\\\/casino-vergleichstest.net\\\/pl\\\/#website\"},\"datePublished\":\"2025-08-02T11:56:07+00:00\",\"breadcrumb\":{\"@id\":\"https:\\\/\\\/casino-vergleichstest.net\\\/pl\\\/#breadcrumb\"},\"inLanguage\":\"pl-PL\",\"potentialAction\":[{\"@type\":\"ReadAction\",\"target\":[\"https:\\\/\\\/casino-vergleichstest.net\\\/pl\\\/\"]}]},{\"@type\":\"BreadcrumbList\",\"@id\":\"https:\\\/\\\/casino-vergleichstest.net\\\/pl\\\/#breadcrumb\",\"itemListElement\":[{\"@type\":\"ListItem\",\"position\":1,\"name\":\"Home\",\"item\":\"https:\\\/\\\/casino-vergleichstest.net\\\/pl\\\/\"},{\"@type\":\"ListItem\",\"position\":2,\"name\":\"Dom\"}]},{\"@type\":\"WebSite\",\"@id\":\"https:\\\/\\\/casino-vergleichstest.net\\\/pl\\\/#website\",\"url\":\"https:\\\/\\\/casino-vergleichstest.net\\\/pl\\\/\",\"name\":\"\",\"description\":\"\",\"potentialAction\":[{\"@type\":\"SearchAction\",\"target\":{\"@type\":\"EntryPoint\",\"urlTemplate\":\"https:\\\/\\\/casino-vergleichstest.net\\\/pl\\\/?s={search_term_string}\"},\"query-input\":{\"@type\":\"PropertyValueSpecification\",\"valueRequired\":true,\"valueName\":\"search_term_string\"}}],\"inLanguage\":\"pl-PL\"}]}<\/script>\n<!-- \/ Yoast SEO plugin. -->","yoast_head_json":{"title":"Recenzja kasyna online | Por\u00f3wnanie kasyn online","robots":{"index":"index","follow":"follow","max-snippet":"max-snippet:-1","max-image-preview":"max-image-preview:large","max-video-preview":"max-video-preview:-1"},"canonical":"https:\/\/casino-vergleichstest.net\/pl\/","og_locale":"pl_PL","og_type":"article","og_title":"Recenzja kasyna online | Por\u00f3wnanie kasyn online","og_description":"Por\u00f3wnanie i test kasyn online Por\u00f3wnujemy i testujemy dla Ciebie najlepsze kasyna online. Oferta gier, jako\u015b\u0107 oprogramowania, bezpiecze\u0144stwo i niezawodno\u015b\u0107, a tak\u017ce, co nie mniej wa\u017cne, oferty bonusowe kasyn online s\u0105 kluczowe dla ka\u017cdego gracza \u2013 wszystkie te informacje przedstawiamy w przejrzysty spos\u00f3b. Aby skorzysta\u0107 z ofert kasyn i bonusu kasynowego otrzymanego przy pierwszej wp\u0142acie, ... Dowiedz si\u0119 wi\u0119cej","og_url":"https:\/\/casino-vergleichstest.net\/pl\/","twitter_card":"summary_large_image","twitter_misc":{"Szacowany czas czytania":"1 minuta"},"schema":{"@context":"https:\/\/schema.org","@graph":[{"@type":"WebPage","@id":"https:\/\/casino-vergleichstest.net\/pl\/","url":"https:\/\/casino-vergleichstest.net\/pl\/","name":"Recenzja kasyna online | Por\u00f3wnanie kasyn online","isPartOf":{"@id":"https:\/\/casino-vergleichstest.net\/pl\/#website"},"datePublished":"2025-08-02T11:56:07+00:00","breadcrumb":{"@id":"https:\/\/casino-vergleichstest.net\/pl\/#breadcrumb"},"inLanguage":"pl-PL","potentialAction":[{"@type":"ReadAction","target":["https:\/\/casino-vergleichstest.net\/pl\/"]}]},{"@type":"BreadcrumbList","@id":"https:\/\/casino-vergleichstest.net\/pl\/#breadcrumb","itemListElement":[{"@type":"ListItem","position":1,"name":"Home","item":"https:\/\/casino-vergleichstest.net\/pl\/"},{"@type":"ListItem","position":2,"name":"Dom"}]},{"@type":"WebSite","@id":"https:\/\/casino-vergleichstest.net\/pl\/#website","url":"https:\/\/casino-vergleichstest.net\/pl\/","name":"","description":"","potentialAction":[{"@type":"SearchAction","target":{"@type":"EntryPoint","urlTemplate":"https:\/\/casino-vergleichstest.net\/pl\/?s={search_term_string}"},"query-input":{"@type":"PropertyValueSpecification","valueRequired":true,"valueName":"search_term_string"}}],"inLanguage":"pl-PL"}]}},"_links":{"self":[{"href":"https:\/\/casino-vergleichstest.net\/pl\/wp-json\/wp\/v2\/pages\/215","targetHints":{"allow":["GET"]}}],"collection":[{"href":"https:\/\/casino-vergleichstest.net\/pl\/wp-json\/wp\/v2\/pages"}],"about":[{"href":"https:\/\/casino-vergleichstest.net\/pl\/wp-json\/wp\/v2\/types\/page"}],"author":[{"embeddable":true,"href":"https:\/\/casino-vergleichstest.net\/pl\/wp-json\/wp\/v2\/users\/1"}],"replies":[{"embeddable":true,"href":"https:\/\/casino-vergleichstest.net\/pl\/wp-json\/wp\/v2\/comments?post=215"}],"version-history":[{"count":0,"href":"https:\/\/casino-vergleichstest.net\/pl\/wp-json\/wp\/v2\/pages\/215\/revisions"}],"wp:attachment":[{"href":"https:\/\/casino-vergleichstest.net\/pl\/wp-json\/wp\/v2\/media?parent=215"}],"curies":[{"name":"wp","href":"https:\/\/api.w.org\/{rel}","templated":true}]}}