{"id":216,"date":"2025-08-02T11:56:07","date_gmt":"2025-08-02T11:56:07","guid":{"rendered":"https:\/\/casino-vergleichstest.net\/casa\/"},"modified":"2025-08-02T11:56:07","modified_gmt":"2025-08-02T11:56:07","slug":"casa","status":"publish","type":"page","link":"https:\/\/casino-vergleichstest.net\/pt-pt\/","title":{"rendered":"Casa"},"content":{"rendered":"<h2>Compara\u00e7\u00e3o e Teste de Casinos Online<\/h2>\n<p><img loading=\"lazy\" decoding=\"async\" style=\"margin-bottom: 10px; margin-left: 10px; float: right;\" alt=\"Teste de Casino Online\" src=\"images\/stories\/Jackpot1.jpg\" height=\"156\" width=\"234\" \/>Compar\u00e1mos e test\u00e1mos os melhores casinos online para si. A variedade de jogos, a qualidade do software, a seguran\u00e7a e a fiabilidade e, por \u00faltimo, mas n\u00e3o menos importante, as ofertas de b\u00f3nus dos casinos online s\u00e3o cruciais para todos os jogadores \u2013 apresentamos todas estas informa\u00e7\u00f5es de forma clara. Para usufruir das ofertas do casino e do b\u00f3nus que recebe com o seu primeiro dep\u00f3sito, a introdu\u00e7\u00e3o do c\u00f3digo de b\u00f3nus correto \u00e9 crucial em muitos casinos \u2013 aqui encontrar\u00e1 o respetivo c\u00f3digo de b\u00f3nus que garante o m\u00e1ximo e o melhor b\u00f3nus de casino!<\/p>\n<p>Para obter informa\u00e7\u00f5es detalhadas sobre os casinos individuais, clique no menu &#8220;Melhores Casinos Online em Teste&#8221; acima. Cri\u00e1mos um teste de casino para cada um dos principais fornecedores de casino online com todas as informa\u00e7\u00f5es importantes. <\/p>\n<p>Tamb\u00e9m oferecemos dicas valiosas sobre estrat\u00e9gias de casino para os jogos mais populares e respondemos \u00e0s perguntas mais frequentes sobre casinos online. Todos os fornecedores da nossa compara\u00e7\u00e3o s\u00e3o absolutamente fi\u00e1veis. Isto \u00e9 especialmente verdade no que diz respeito \u00e0 seguran\u00e7a dos dep\u00f3sitos e levantamentos, bem como \u00e0s probabilidades justas no jogo. <br \/>Certifique-se de que l\u00ea as nossas informa\u00e7\u00f5es e testes de casino antes de escolher um casino. O melhor casino online n\u00e3o \u00e9 necessariamente aquele que oferece o melhor c\u00f3digo de b\u00f3nus de casino \u2014 deve comparar por si pr\u00f3prio e depois escolher o casino que mais lhe agrada e onde gosta dos jogos oferecidos. <\/p>\n<p>J\u00e1 agora: as taxas de pagamento s\u00e3o quase as mesmas em praticamente todos os casinos \u2014 oscilam consistentemente em torno dos 97-98% nos testes de casino!<\/p>\n","protected":false},"excerpt":{"rendered":"<p>Compara\u00e7\u00e3o e Teste de Casinos Online Compar\u00e1mos e test\u00e1mos os melhores casinos online para si. A variedade de jogos, a qualidade do software, a seguran\u00e7a e a fiabilidade e, por \u00faltimo, mas n\u00e3o menos importante, as ofertas de b\u00f3nus dos casinos online s\u00e3o cruciais para todos os jogadores \u2013 apresentamos todas estas informa\u00e7\u00f5es de forma &#8230; <a title=\"Casa\" class=\"read-more\" href=\"https:\/\/casino-vergleichstest.net\/pt-pt\/\" aria-label=\"Leia mais sobre Casa\">Ler mais<\/a><\/p>\n","protected":false},"author":1,"featured_media":0,"parent":0,"menu_order":0,"comment_status":"closed","ping_status":"closed","template":"","meta":{"footnotes":""},"class_list":["post-216","page","type-page","status-publish"],"yoast_head":"<!-- This site is optimized with the Yoast SEO plugin v27.4 - https:\/\/yoast.com\/product\/yoast-seo-wordpress\/ -->\n<title>An\u00e1lise de casino online | Compara\u00e7\u00e3o de casinos online<\/title>\n<meta name=\"robots\" content=\"index, follow, max-snippet:-1, max-image-preview:large, max-video-preview:-1\" \/>\n<link rel=\"canonical\" href=\"https:\/\/casino-vergleichstest.net\/pt-pt\/\" \/>\n<meta property=\"og:locale\" content=\"pt_PT\" \/>\n<meta property=\"og:type\" content=\"article\" \/>\n<meta property=\"og:title\" content=\"An\u00e1lise de casino online | Compara\u00e7\u00e3o de casinos online\" \/>\n<meta property=\"og:description\" content=\"Compara\u00e7\u00e3o e Teste de Casinos Online Compar\u00e1mos e test\u00e1mos os melhores casinos online para si. A variedade de jogos, a qualidade do software, a seguran\u00e7a e a fiabilidade e, por \u00faltimo, mas n\u00e3o menos importante, as ofertas de b\u00f3nus dos casinos online s\u00e3o cruciais para todos os jogadores \u2013 apresentamos todas estas informa\u00e7\u00f5es de forma ... Ler mais\" \/>\n<meta property=\"og:url\" content=\"https:\/\/casino-vergleichstest.net\/pt-pt\/\" \/>\n<meta name=\"twitter:card\" content=\"summary_large_image\" \/>\n<meta name=\"twitter:label1\" content=\"Tempo estimado de leitura\" \/>\n\t<meta name=\"twitter:data1\" content=\"1 minuto\" \/>\n<script type=\"application\/ld+json\" class=\"yoast-schema-graph\">{\"@context\":\"https:\\\/\\\/schema.org\",\"@graph\":[{\"@type\":\"WebPage\",\"@id\":\"https:\\\/\\\/casino-vergleichstest.net\\\/pt-pt\\\/\",\"url\":\"https:\\\/\\\/casino-vergleichstest.net\\\/pt-pt\\\/\",\"name\":\"An\u00e1lise de casino online | Compara\u00e7\u00e3o de casinos online\",\"isPartOf\":{\"@id\":\"https:\\\/\\\/casino-vergleichstest.net\\\/pt-pt\\\/#website\"},\"datePublished\":\"2025-08-02T11:56:07+00:00\",\"breadcrumb\":{\"@id\":\"https:\\\/\\\/casino-vergleichstest.net\\\/pt-pt\\\/#breadcrumb\"},\"inLanguage\":\"pt-PT\",\"potentialAction\":[{\"@type\":\"ReadAction\",\"target\":[\"https:\\\/\\\/casino-vergleichstest.net\\\/pt-pt\\\/\"]}]},{\"@type\":\"BreadcrumbList\",\"@id\":\"https:\\\/\\\/casino-vergleichstest.net\\\/pt-pt\\\/#breadcrumb\",\"itemListElement\":[{\"@type\":\"ListItem\",\"position\":1,\"name\":\"Home\",\"item\":\"https:\\\/\\\/casino-vergleichstest.net\\\/pt-pt\\\/\"},{\"@type\":\"ListItem\",\"position\":2,\"name\":\"Casa\"}]},{\"@type\":\"WebSite\",\"@id\":\"https:\\\/\\\/casino-vergleichstest.net\\\/pt-pt\\\/#website\",\"url\":\"https:\\\/\\\/casino-vergleichstest.net\\\/pt-pt\\\/\",\"name\":\"\",\"description\":\"\",\"potentialAction\":[{\"@type\":\"SearchAction\",\"target\":{\"@type\":\"EntryPoint\",\"urlTemplate\":\"https:\\\/\\\/casino-vergleichstest.net\\\/pt-pt\\\/?s={search_term_string}\"},\"query-input\":{\"@type\":\"PropertyValueSpecification\",\"valueRequired\":true,\"valueName\":\"search_term_string\"}}],\"inLanguage\":\"pt-PT\"}]}<\/script>\n<!-- \/ Yoast SEO plugin. -->","yoast_head_json":{"title":"An\u00e1lise de casino online | Compara\u00e7\u00e3o de casinos online","robots":{"index":"index","follow":"follow","max-snippet":"max-snippet:-1","max-image-preview":"max-image-preview:large","max-video-preview":"max-video-preview:-1"},"canonical":"https:\/\/casino-vergleichstest.net\/pt-pt\/","og_locale":"pt_PT","og_type":"article","og_title":"An\u00e1lise de casino online | Compara\u00e7\u00e3o de casinos online","og_description":"Compara\u00e7\u00e3o e Teste de Casinos Online Compar\u00e1mos e test\u00e1mos os melhores casinos online para si. A variedade de jogos, a qualidade do software, a seguran\u00e7a e a fiabilidade e, por \u00faltimo, mas n\u00e3o menos importante, as ofertas de b\u00f3nus dos casinos online s\u00e3o cruciais para todos os jogadores \u2013 apresentamos todas estas informa\u00e7\u00f5es de forma ... Ler mais","og_url":"https:\/\/casino-vergleichstest.net\/pt-pt\/","twitter_card":"summary_large_image","twitter_misc":{"Tempo estimado de leitura":"1 minuto"},"schema":{"@context":"https:\/\/schema.org","@graph":[{"@type":"WebPage","@id":"https:\/\/casino-vergleichstest.net\/pt-pt\/","url":"https:\/\/casino-vergleichstest.net\/pt-pt\/","name":"An\u00e1lise de casino online | Compara\u00e7\u00e3o de casinos online","isPartOf":{"@id":"https:\/\/casino-vergleichstest.net\/pt-pt\/#website"},"datePublished":"2025-08-02T11:56:07+00:00","breadcrumb":{"@id":"https:\/\/casino-vergleichstest.net\/pt-pt\/#breadcrumb"},"inLanguage":"pt-PT","potentialAction":[{"@type":"ReadAction","target":["https:\/\/casino-vergleichstest.net\/pt-pt\/"]}]},{"@type":"BreadcrumbList","@id":"https:\/\/casino-vergleichstest.net\/pt-pt\/#breadcrumb","itemListElement":[{"@type":"ListItem","position":1,"name":"Home","item":"https:\/\/casino-vergleichstest.net\/pt-pt\/"},{"@type":"ListItem","position":2,"name":"Casa"}]},{"@type":"WebSite","@id":"https:\/\/casino-vergleichstest.net\/pt-pt\/#website","url":"https:\/\/casino-vergleichstest.net\/pt-pt\/","name":"","description":"","potentialAction":[{"@type":"SearchAction","target":{"@type":"EntryPoint","urlTemplate":"https:\/\/casino-vergleichstest.net\/pt-pt\/?s={search_term_string}"},"query-input":{"@type":"PropertyValueSpecification","valueRequired":true,"valueName":"search_term_string"}}],"inLanguage":"pt-PT"}]}},"_links":{"self":[{"href":"https:\/\/casino-vergleichstest.net\/pt-pt\/wp-json\/wp\/v2\/pages\/216","targetHints":{"allow":["GET"]}}],"collection":[{"href":"https:\/\/casino-vergleichstest.net\/pt-pt\/wp-json\/wp\/v2\/pages"}],"about":[{"href":"https:\/\/casino-vergleichstest.net\/pt-pt\/wp-json\/wp\/v2\/types\/page"}],"author":[{"embeddable":true,"href":"https:\/\/casino-vergleichstest.net\/pt-pt\/wp-json\/wp\/v2\/users\/1"}],"replies":[{"embeddable":true,"href":"https:\/\/casino-vergleichstest.net\/pt-pt\/wp-json\/wp\/v2\/comments?post=216"}],"version-history":[{"count":0,"href":"https:\/\/casino-vergleichstest.net\/pt-pt\/wp-json\/wp\/v2\/pages\/216\/revisions"}],"wp:attachment":[{"href":"https:\/\/casino-vergleichstest.net\/pt-pt\/wp-json\/wp\/v2\/media?parent=216"}],"curies":[{"name":"wp","href":"https:\/\/api.w.org\/{rel}","templated":true}]}}