{"id":217,"date":"2025-08-02T11:56:07","date_gmt":"2025-08-02T11:56:07","guid":{"rendered":"https:\/\/casino-vergleichstest.net\/acasa\/"},"modified":"2025-08-02T11:56:07","modified_gmt":"2025-08-02T11:56:07","slug":"acasa","status":"publish","type":"page","link":"https:\/\/casino-vergleichstest.net\/ro\/","title":{"rendered":"Acas\u0103"},"content":{"rendered":"<h2>Compara\u021bie \u0219i Test Cazinouri Online<\/h2>\n<p><img loading=\"lazy\" decoding=\"async\" style=\"margin-bottom: 10px; margin-left: 10px; float: right;\" alt=\"Test Cazinou Online\" src=\"images\/stories\/Jackpot1.jpg\" height=\"156\" width=\"234\" \/>Compar\u0103m \u0219i test\u0103m cele mai bune cazinouri online pentru tine. Gama de jocuri, calitatea software-ului, securitatea \u0219i fiabilitatea \u0219i, nu \u00een ultimul r\u00e2nd, ofertele de bonus ale cazinourilor online sunt cruciale pentru fiecare juc\u0103tor &#8211; prezent\u0103m toate aceste informa\u021bii \u00een mod clar. Pentru a profita de ofertele de cazinou \u0219i de bonusul de cazinou pe care \u00eel prime\u0219ti la prima depunere, introducerea codului bonus corect este crucial\u0103 la multe cazinouri &#8211; aici vei g\u0103si codul bonus respectiv care \u00ee\u021bi garanteaz\u0103 bonusul maxim \u0219i cel mai bun!<\/p>\n<p>Pentru a ob\u021bine informa\u021bii detaliate despre cazinourile individuale, d\u0103 clic pe meniul \u201eCele mai bune cazinouri online din Test\u201d de mai sus. Am creat un test de cazinou pentru fiecare dintre principalii furnizori de cazinouri online, cu toate informa\u021biile importante.<\/p>\n<p>De asemenea, v\u0103 oferim sfaturi valoroase despre strategia de cazinou pentru cele mai populare jocuri \u0219i r\u0103spundem la cele mai frecvente \u00eentreb\u0103ri despre cazinourile online. To\u021bi furnizorii din compara\u021bia noastr\u0103 sunt absolut reputa\u021bi. Acest lucru este valabil mai ales \u00een ceea ce prive\u0219te securitatea depozitelor \u0219i retragerilor, precum \u0219i \u0219ansele corecte \u00een joc.<br \/>Asigura\u021bi-v\u0103 c\u0103 citi\u021bi informa\u021biile \u0219i testele noastre de cazinou \u00eenainte de a alege un cazinou. Cel mai bun cazinou online nu este neap\u0103rat cel care ofer\u0103 cel mai bun cod bonus de cazinou &#8211; ar trebui s\u0103 compara\u021bi singur \u0219i apoi s\u0103 alege\u021bi cazinoul care v\u0103 atrage cel mai mult \u0219i unde v\u0103 plac jocurile oferite.<\/p>\n<p>Apropo: ratele de plat\u0103 sunt aproape acelea\u0219i la practic toate cazinourile &#8211; acestea se situeaz\u0103 constant \u00een jurul a 97-98% \u00een testele de cazinou!<\/p>\n","protected":false},"excerpt":{"rendered":"<p>Compara\u021bie \u0219i Test Cazinouri Online Compar\u0103m \u0219i test\u0103m cele mai bune cazinouri online pentru tine. Gama de jocuri, calitatea software-ului, securitatea \u0219i fiabilitatea \u0219i, nu \u00een ultimul r\u00e2nd, ofertele de bonus ale cazinourilor online sunt cruciale pentru fiecare juc\u0103tor &#8211; prezent\u0103m toate aceste informa\u021bii \u00een mod clar. Pentru a profita de ofertele de cazinou \u0219i &#8230; <a title=\"Acas\u0103\" class=\"read-more\" href=\"https:\/\/casino-vergleichstest.net\/ro\/\" aria-label=\"Cite\u0219te mai multe despre Acas\u0103\">Cite\u0219te mai mult<\/a><\/p>\n","protected":false},"author":1,"featured_media":0,"parent":0,"menu_order":0,"comment_status":"closed","ping_status":"closed","template":"","meta":{"footnotes":""},"class_list":["post-217","page","type-page","status-publish"],"yoast_head":"<!-- This site is optimized with the Yoast SEO plugin v27.5 - https:\/\/yoast.com\/product\/yoast-seo-wordpress\/ -->\n<title>Recenzie Cazinou Online | Compara\u021bie Cazinouri Online<\/title>\n<meta name=\"robots\" content=\"index, follow, max-snippet:-1, max-image-preview:large, max-video-preview:-1\" \/>\n<link rel=\"canonical\" href=\"https:\/\/casino-vergleichstest.net\/ro\/\" \/>\n<meta property=\"og:locale\" content=\"ro_RO\" \/>\n<meta property=\"og:type\" content=\"article\" \/>\n<meta property=\"og:title\" content=\"Recenzie Cazinou Online | Compara\u021bie Cazinouri Online\" \/>\n<meta property=\"og:description\" content=\"Compara\u021bie \u0219i Test Cazinouri Online Compar\u0103m \u0219i test\u0103m cele mai bune cazinouri online pentru tine. Gama de jocuri, calitatea software-ului, securitatea \u0219i fiabilitatea \u0219i, nu \u00een ultimul r\u00e2nd, ofertele de bonus ale cazinourilor online sunt cruciale pentru fiecare juc\u0103tor &#8211; prezent\u0103m toate aceste informa\u021bii \u00een mod clar. Pentru a profita de ofertele de cazinou \u0219i ... Cite\u0219te mai mult\" \/>\n<meta property=\"og:url\" content=\"https:\/\/casino-vergleichstest.net\/ro\/\" \/>\n<meta name=\"twitter:card\" content=\"summary_large_image\" \/>\n<meta name=\"twitter:label1\" content=\"Timp estimat pentru citire\" \/>\n\t<meta name=\"twitter:data1\" content=\"1 minut\" \/>\n<script type=\"application\/ld+json\" class=\"yoast-schema-graph\">{\"@context\":\"https:\\\/\\\/schema.org\",\"@graph\":[{\"@type\":\"WebPage\",\"@id\":\"https:\\\/\\\/casino-vergleichstest.net\\\/ro\\\/\",\"url\":\"https:\\\/\\\/casino-vergleichstest.net\\\/ro\\\/\",\"name\":\"Recenzie Cazinou Online | Compara\u021bie Cazinouri Online\",\"isPartOf\":{\"@id\":\"https:\\\/\\\/casino-vergleichstest.net\\\/ro\\\/#website\"},\"datePublished\":\"2025-08-02T11:56:07+00:00\",\"breadcrumb\":{\"@id\":\"https:\\\/\\\/casino-vergleichstest.net\\\/ro\\\/#breadcrumb\"},\"inLanguage\":\"ro-RO\",\"potentialAction\":[{\"@type\":\"ReadAction\",\"target\":[\"https:\\\/\\\/casino-vergleichstest.net\\\/ro\\\/\"]}]},{\"@type\":\"BreadcrumbList\",\"@id\":\"https:\\\/\\\/casino-vergleichstest.net\\\/ro\\\/#breadcrumb\",\"itemListElement\":[{\"@type\":\"ListItem\",\"position\":1,\"name\":\"Home\",\"item\":\"https:\\\/\\\/casino-vergleichstest.net\\\/ro\\\/\"},{\"@type\":\"ListItem\",\"position\":2,\"name\":\"Acas\u0103\"}]},{\"@type\":\"WebSite\",\"@id\":\"https:\\\/\\\/casino-vergleichstest.net\\\/ro\\\/#website\",\"url\":\"https:\\\/\\\/casino-vergleichstest.net\\\/ro\\\/\",\"name\":\"\",\"description\":\"\",\"potentialAction\":[{\"@type\":\"SearchAction\",\"target\":{\"@type\":\"EntryPoint\",\"urlTemplate\":\"https:\\\/\\\/casino-vergleichstest.net\\\/ro\\\/?s={search_term_string}\"},\"query-input\":{\"@type\":\"PropertyValueSpecification\",\"valueRequired\":true,\"valueName\":\"search_term_string\"}}],\"inLanguage\":\"ro-RO\"}]}<\/script>\n<!-- \/ Yoast SEO plugin. -->","yoast_head_json":{"title":"Recenzie Cazinou Online | Compara\u021bie Cazinouri Online","robots":{"index":"index","follow":"follow","max-snippet":"max-snippet:-1","max-image-preview":"max-image-preview:large","max-video-preview":"max-video-preview:-1"},"canonical":"https:\/\/casino-vergleichstest.net\/ro\/","og_locale":"ro_RO","og_type":"article","og_title":"Recenzie Cazinou Online | Compara\u021bie Cazinouri Online","og_description":"Compara\u021bie \u0219i Test Cazinouri Online Compar\u0103m \u0219i test\u0103m cele mai bune cazinouri online pentru tine. Gama de jocuri, calitatea software-ului, securitatea \u0219i fiabilitatea \u0219i, nu \u00een ultimul r\u00e2nd, ofertele de bonus ale cazinourilor online sunt cruciale pentru fiecare juc\u0103tor &#8211; prezent\u0103m toate aceste informa\u021bii \u00een mod clar. Pentru a profita de ofertele de cazinou \u0219i ... Cite\u0219te mai mult","og_url":"https:\/\/casino-vergleichstest.net\/ro\/","twitter_card":"summary_large_image","twitter_misc":{"Timp estimat pentru citire":"1 minut"},"schema":{"@context":"https:\/\/schema.org","@graph":[{"@type":"WebPage","@id":"https:\/\/casino-vergleichstest.net\/ro\/","url":"https:\/\/casino-vergleichstest.net\/ro\/","name":"Recenzie Cazinou Online | Compara\u021bie Cazinouri Online","isPartOf":{"@id":"https:\/\/casino-vergleichstest.net\/ro\/#website"},"datePublished":"2025-08-02T11:56:07+00:00","breadcrumb":{"@id":"https:\/\/casino-vergleichstest.net\/ro\/#breadcrumb"},"inLanguage":"ro-RO","potentialAction":[{"@type":"ReadAction","target":["https:\/\/casino-vergleichstest.net\/ro\/"]}]},{"@type":"BreadcrumbList","@id":"https:\/\/casino-vergleichstest.net\/ro\/#breadcrumb","itemListElement":[{"@type":"ListItem","position":1,"name":"Home","item":"https:\/\/casino-vergleichstest.net\/ro\/"},{"@type":"ListItem","position":2,"name":"Acas\u0103"}]},{"@type":"WebSite","@id":"https:\/\/casino-vergleichstest.net\/ro\/#website","url":"https:\/\/casino-vergleichstest.net\/ro\/","name":"","description":"","potentialAction":[{"@type":"SearchAction","target":{"@type":"EntryPoint","urlTemplate":"https:\/\/casino-vergleichstest.net\/ro\/?s={search_term_string}"},"query-input":{"@type":"PropertyValueSpecification","valueRequired":true,"valueName":"search_term_string"}}],"inLanguage":"ro-RO"}]}},"_links":{"self":[{"href":"https:\/\/casino-vergleichstest.net\/ro\/wp-json\/wp\/v2\/pages\/217","targetHints":{"allow":["GET"]}}],"collection":[{"href":"https:\/\/casino-vergleichstest.net\/ro\/wp-json\/wp\/v2\/pages"}],"about":[{"href":"https:\/\/casino-vergleichstest.net\/ro\/wp-json\/wp\/v2\/types\/page"}],"author":[{"embeddable":true,"href":"https:\/\/casino-vergleichstest.net\/ro\/wp-json\/wp\/v2\/users\/1"}],"replies":[{"embeddable":true,"href":"https:\/\/casino-vergleichstest.net\/ro\/wp-json\/wp\/v2\/comments?post=217"}],"version-history":[{"count":0,"href":"https:\/\/casino-vergleichstest.net\/ro\/wp-json\/wp\/v2\/pages\/217\/revisions"}],"wp:attachment":[{"href":"https:\/\/casino-vergleichstest.net\/ro\/wp-json\/wp\/v2\/media?parent=217"}],"curies":[{"name":"wp","href":"https:\/\/api.w.org\/{rel}","templated":true}]}}