{"id":220,"date":"2025-08-02T11:56:07","date_gmt":"2025-08-02T11:56:07","guid":{"rendered":"https:\/\/casino-vergleichstest.net\/domov\/"},"modified":"2025-08-02T11:56:07","modified_gmt":"2025-08-02T11:56:07","slug":"domov","status":"publish","type":"page","link":"https:\/\/casino-vergleichstest.net\/sk\/","title":{"rendered":"Domov"},"content":{"rendered":"<h2>Porovnanie a testovanie online kas\u00edn<\/h2>\n<p><img loading=\"lazy\" decoding=\"async\" style=\"margin-bottom: 10px; margin-left: 10px; float: right;\" alt=\"Testovanie online kas\u00edn\" src=\"images\/stories\/Jackpot1.jpg\" height=\"156\" width=\"234\" \/>Porovn\u00e1vame a testujeme pre v\u00e1s tie najlep\u0161ie online kas\u00edna. Ponuka hier, kvalita softv\u00e9ru, bezpe\u010dnos\u0165 a spo\u013eahlivos\u0165 a v neposlednom rade bonusov\u00e9 ponuky online kas\u00edn s\u00fa k\u013e\u00fa\u010dov\u00e9 pre ka\u017ed\u00e9ho hr\u00e1\u010da \u2013 v\u0161etky tieto inform\u00e1cie prezentujeme jasne. Ak chcete vyu\u017ei\u0165 ponuky kas\u00edna a kas\u00ednov\u00fd bonus, ktor\u00fd z\u00edskate s prv\u00fdm vkladom, je v mnoh\u00fdch kas\u00ednach k\u013e\u00fa\u010dov\u00e9 zada\u0165 spr\u00e1vny kas\u00ednov\u00fd bonusov\u00fd k\u00f3d \u2013 tu n\u00e1jdete pr\u00edslu\u0161n\u00fd kas\u00ednov\u00fd bonusov\u00fd k\u00f3d, ktor\u00fd v\u00e1m zaru\u010d\u00ed maxim\u00e1lny a najlep\u0161\u00ed kas\u00ednov\u00fd bonus!<\/p>\n<p>Ak chcete z\u00edska\u0165 podrobn\u00e9 inform\u00e1cie o jednotliv\u00fdch kas\u00ednach, kliknite na ponuku \u201eNajlep\u0161ie online kas\u00edna v testovan\u00ed\u201c vy\u0161\u0161ie. Pre ka\u017ed\u00e9ho z hlavn\u00fdch poskytovate\u013eov online kas\u00edn sme vytvorili kas\u00ednov\u00fd test so v\u0161etk\u00fdmi d\u00f4le\u017eit\u00fdmi inform\u00e1ciami.<\/p>\n<p>Poskytujeme v\u00e1m tie\u017e cenn\u00e9 tipy t\u00fdkaj\u00face sa kas\u00ednovej strat\u00e9gie pre najpopul\u00e1rnej\u0161ie hry a odpoved\u00e1me na naj\u010dastej\u0161ie ot\u00e1zky o online kas\u00ednach. V\u0161etci poskytovatelia v na\u0161om porovnan\u00ed s\u00fa absol\u00fatne renomovan\u00ed. Plat\u00ed to najm\u00e4 pre bezpe\u010dnos\u0165 vkladov a v\u00fdberov, ako aj pre f\u00e9rov\u00e9 \u200b\u200bkurzy v hre.<br \/>Pred v\u00fdberom kas\u00edna si ur\u010dite pre\u010d\u00edtajte na\u0161e inform\u00e1cie a kas\u00ednov\u00e9 testy. Najlep\u0161ie online kas\u00edno nie je nevyhnutne to, ktor\u00e9 pon\u00faka najlep\u0161\u00ed kas\u00ednov\u00fd bonusov\u00fd k\u00f3d \u2013 mali by ste si porovna\u0165 sami a potom si vybra\u0165 kas\u00edno, ktor\u00e9 v\u00e1s najviac oslovuje a kde si u\u017e\u00edvate pon\u00fakan\u00e9 hry.<\/p>\n<p>Mimochodom: miery v\u00fdplat s\u00fa takmer rovnak\u00e9 prakticky vo v\u0161etk\u00fdch kas\u00ednach \u2013 v kas\u00ednov\u00fdch testoch sa konzistentne pohybuj\u00fa okolo 97 \u2013 98 percent!<\/p>\n","protected":false},"excerpt":{"rendered":"<p>Porovnanie a testovanie online kas\u00edn Porovn\u00e1vame a testujeme pre v\u00e1s tie najlep\u0161ie online kas\u00edna. Ponuka hier, kvalita softv\u00e9ru, bezpe\u010dnos\u0165 a spo\u013eahlivos\u0165 a v neposlednom rade bonusov\u00e9 ponuky online kas\u00edn s\u00fa k\u013e\u00fa\u010dov\u00e9 pre ka\u017ed\u00e9ho hr\u00e1\u010da \u2013 v\u0161etky tieto inform\u00e1cie prezentujeme jasne. Ak chcete vyu\u017ei\u0165 ponuky kas\u00edna a kas\u00ednov\u00fd bonus, ktor\u00fd z\u00edskate s prv\u00fdm vkladom, je v &#8230; <a title=\"Domov\" class=\"read-more\" href=\"https:\/\/casino-vergleichstest.net\/sk\/\" aria-label=\"Pre\u010d\u00edtajte si viac o Domov\">\u010c\u00edta\u0165 viac<\/a><\/p>\n","protected":false},"author":1,"featured_media":0,"parent":0,"menu_order":0,"comment_status":"closed","ping_status":"closed","template":"","meta":{"footnotes":""},"class_list":["post-220","page","type-page","status-publish"],"yoast_head":"<!-- This site is optimized with the Yoast SEO plugin v27.4 - https:\/\/yoast.com\/product\/yoast-seo-wordpress\/ -->\n<title>Recenzia online kas\u00edna | Porovnanie online kas\u00edn<\/title>\n<meta name=\"robots\" content=\"index, follow, max-snippet:-1, max-image-preview:large, max-video-preview:-1\" \/>\n<link rel=\"canonical\" href=\"https:\/\/casino-vergleichstest.net\/sk\/\" \/>\n<meta property=\"og:locale\" content=\"sk_SK\" \/>\n<meta property=\"og:type\" content=\"article\" \/>\n<meta property=\"og:title\" content=\"Recenzia online kas\u00edna | Porovnanie online kas\u00edn\" \/>\n<meta property=\"og:description\" content=\"Porovnanie a testovanie online kas\u00edn Porovn\u00e1vame a testujeme pre v\u00e1s tie najlep\u0161ie online kas\u00edna. Ponuka hier, kvalita softv\u00e9ru, bezpe\u010dnos\u0165 a spo\u013eahlivos\u0165 a v neposlednom rade bonusov\u00e9 ponuky online kas\u00edn s\u00fa k\u013e\u00fa\u010dov\u00e9 pre ka\u017ed\u00e9ho hr\u00e1\u010da \u2013 v\u0161etky tieto inform\u00e1cie prezentujeme jasne. Ak chcete vyu\u017ei\u0165 ponuky kas\u00edna a kas\u00ednov\u00fd bonus, ktor\u00fd z\u00edskate s prv\u00fdm vkladom, je v ... \u010c\u00edta\u0165 viac\" \/>\n<meta property=\"og:url\" content=\"https:\/\/casino-vergleichstest.net\/sk\/\" \/>\n<meta name=\"twitter:card\" content=\"summary_large_image\" \/>\n<meta name=\"twitter:label1\" content=\"Predpokladan\u00fd \u010das \u010d\u00edtania\" \/>\n\t<meta name=\"twitter:data1\" content=\"2 min\u00faty\" \/>\n<script type=\"application\/ld+json\" class=\"yoast-schema-graph\">{\"@context\":\"https:\\\/\\\/schema.org\",\"@graph\":[{\"@type\":\"WebPage\",\"@id\":\"https:\\\/\\\/casino-vergleichstest.net\\\/sk\\\/\",\"url\":\"https:\\\/\\\/casino-vergleichstest.net\\\/sk\\\/\",\"name\":\"Recenzia online kas\u00edna | Porovnanie online kas\u00edn\",\"isPartOf\":{\"@id\":\"https:\\\/\\\/casino-vergleichstest.net\\\/sk\\\/#website\"},\"datePublished\":\"2025-08-02T11:56:07+00:00\",\"breadcrumb\":{\"@id\":\"https:\\\/\\\/casino-vergleichstest.net\\\/sk\\\/#breadcrumb\"},\"inLanguage\":\"sk-SK\",\"potentialAction\":[{\"@type\":\"ReadAction\",\"target\":[\"https:\\\/\\\/casino-vergleichstest.net\\\/sk\\\/\"]}]},{\"@type\":\"BreadcrumbList\",\"@id\":\"https:\\\/\\\/casino-vergleichstest.net\\\/sk\\\/#breadcrumb\",\"itemListElement\":[{\"@type\":\"ListItem\",\"position\":1,\"name\":\"Home\",\"item\":\"https:\\\/\\\/casino-vergleichstest.net\\\/sk\\\/\"},{\"@type\":\"ListItem\",\"position\":2,\"name\":\"Domov\"}]},{\"@type\":\"WebSite\",\"@id\":\"https:\\\/\\\/casino-vergleichstest.net\\\/sk\\\/#website\",\"url\":\"https:\\\/\\\/casino-vergleichstest.net\\\/sk\\\/\",\"name\":\"\",\"description\":\"\",\"potentialAction\":[{\"@type\":\"SearchAction\",\"target\":{\"@type\":\"EntryPoint\",\"urlTemplate\":\"https:\\\/\\\/casino-vergleichstest.net\\\/sk\\\/?s={search_term_string}\"},\"query-input\":{\"@type\":\"PropertyValueSpecification\",\"valueRequired\":true,\"valueName\":\"search_term_string\"}}],\"inLanguage\":\"sk-SK\"}]}<\/script>\n<!-- \/ Yoast SEO plugin. -->","yoast_head_json":{"title":"Recenzia online kas\u00edna | Porovnanie online kas\u00edn","robots":{"index":"index","follow":"follow","max-snippet":"max-snippet:-1","max-image-preview":"max-image-preview:large","max-video-preview":"max-video-preview:-1"},"canonical":"https:\/\/casino-vergleichstest.net\/sk\/","og_locale":"sk_SK","og_type":"article","og_title":"Recenzia online kas\u00edna | Porovnanie online kas\u00edn","og_description":"Porovnanie a testovanie online kas\u00edn Porovn\u00e1vame a testujeme pre v\u00e1s tie najlep\u0161ie online kas\u00edna. Ponuka hier, kvalita softv\u00e9ru, bezpe\u010dnos\u0165 a spo\u013eahlivos\u0165 a v neposlednom rade bonusov\u00e9 ponuky online kas\u00edn s\u00fa k\u013e\u00fa\u010dov\u00e9 pre ka\u017ed\u00e9ho hr\u00e1\u010da \u2013 v\u0161etky tieto inform\u00e1cie prezentujeme jasne. Ak chcete vyu\u017ei\u0165 ponuky kas\u00edna a kas\u00ednov\u00fd bonus, ktor\u00fd z\u00edskate s prv\u00fdm vkladom, je v ... \u010c\u00edta\u0165 viac","og_url":"https:\/\/casino-vergleichstest.net\/sk\/","twitter_card":"summary_large_image","twitter_misc":{"Predpokladan\u00fd \u010das \u010d\u00edtania":"2 min\u00faty"},"schema":{"@context":"https:\/\/schema.org","@graph":[{"@type":"WebPage","@id":"https:\/\/casino-vergleichstest.net\/sk\/","url":"https:\/\/casino-vergleichstest.net\/sk\/","name":"Recenzia online kas\u00edna | Porovnanie online kas\u00edn","isPartOf":{"@id":"https:\/\/casino-vergleichstest.net\/sk\/#website"},"datePublished":"2025-08-02T11:56:07+00:00","breadcrumb":{"@id":"https:\/\/casino-vergleichstest.net\/sk\/#breadcrumb"},"inLanguage":"sk-SK","potentialAction":[{"@type":"ReadAction","target":["https:\/\/casino-vergleichstest.net\/sk\/"]}]},{"@type":"BreadcrumbList","@id":"https:\/\/casino-vergleichstest.net\/sk\/#breadcrumb","itemListElement":[{"@type":"ListItem","position":1,"name":"Home","item":"https:\/\/casino-vergleichstest.net\/sk\/"},{"@type":"ListItem","position":2,"name":"Domov"}]},{"@type":"WebSite","@id":"https:\/\/casino-vergleichstest.net\/sk\/#website","url":"https:\/\/casino-vergleichstest.net\/sk\/","name":"","description":"","potentialAction":[{"@type":"SearchAction","target":{"@type":"EntryPoint","urlTemplate":"https:\/\/casino-vergleichstest.net\/sk\/?s={search_term_string}"},"query-input":{"@type":"PropertyValueSpecification","valueRequired":true,"valueName":"search_term_string"}}],"inLanguage":"sk-SK"}]}},"_links":{"self":[{"href":"https:\/\/casino-vergleichstest.net\/sk\/wp-json\/wp\/v2\/pages\/220","targetHints":{"allow":["GET"]}}],"collection":[{"href":"https:\/\/casino-vergleichstest.net\/sk\/wp-json\/wp\/v2\/pages"}],"about":[{"href":"https:\/\/casino-vergleichstest.net\/sk\/wp-json\/wp\/v2\/types\/page"}],"author":[{"embeddable":true,"href":"https:\/\/casino-vergleichstest.net\/sk\/wp-json\/wp\/v2\/users\/1"}],"replies":[{"embeddable":true,"href":"https:\/\/casino-vergleichstest.net\/sk\/wp-json\/wp\/v2\/comments?post=220"}],"version-history":[{"count":0,"href":"https:\/\/casino-vergleichstest.net\/sk\/wp-json\/wp\/v2\/pages\/220\/revisions"}],"wp:attachment":[{"href":"https:\/\/casino-vergleichstest.net\/sk\/wp-json\/wp\/v2\/media?parent=220"}],"curies":[{"name":"wp","href":"https:\/\/api.w.org\/{rel}","templated":true}]}}