{"id":221,"date":"2025-08-02T11:56:07","date_gmt":"2025-08-02T11:56:07","guid":{"rendered":"https:\/\/casino-vergleichstest.net\/domov\/"},"modified":"2025-08-02T11:56:07","modified_gmt":"2025-08-02T11:56:07","slug":"domov","status":"publish","type":"page","link":"https:\/\/casino-vergleichstest.net\/sl\/","title":{"rendered":"Domov"},"content":{"rendered":"<h2>Primerjava in testiranje spletnih igralnic<\/h2>\n<p><img loading=\"lazy\" decoding=\"async\" style=\"margin-bottom: 10px; margin-left: 10px; float: right;\" alt=\"Test spletne igralnice\" src=\"images\/stories\/Jackpot1.jpg\" height=\"156\" width=\"234\" \/>Za vas primerjamo in testiramo najbolj\u0161e spletne igralnice. Ponudba iger, kakovost programske opreme, varnost in zanesljivost ter nenazadnje bonus ponudbe spletnih igralnic so klju\u010dne za vsakega igralca \u2013 vse te informacije predstavimo jasno. \u010ce \u017eelite izkoristiti ponudbe igralnic in bonus igralnice, ki ga prejmete ob prvem pologu, je v mnogih igralnicah klju\u010dnega pomena vnos pravilne bonus kode igralnice \u2013 tukaj boste na\u0161li ustrezno bonus kodo igralnice, ki vam zagotavlja najve\u010dji in najbolj\u0161i bonus igralnice!<\/p>\n<p>Za podrobne informacije o posameznih igralnicah kliknite zgornji meni \u00bbNajbolj\u0161e spletne igralnice v testu\u00ab. Za vsakega od glavnih ponudnikov spletnih igralnic smo ustvarili test igralnic z vsemi pomembnimi informacijami.<\/p>\n<p>Ponujamo vam tudi dragocene nasvete o strategiji igralnic za najbolj priljubljene igre in odgovarjamo na najpogostej\u0161a vpra\u0161anja o spletnih igralnicah. Vsi ponudniki v na\u0161i primerjavi so popolnoma ugledni. To \u0161e posebej velja za varnost depozitov in dvigov ter po\u0161tene kvote v igri.<br \/>Preden izberete igralnico, preberite na\u0161e informacije in teste igralnic. Najbolj\u0161a spletna igralnica ni nujno tista, ki ponuja najbolj\u0161o bonus kodo za igralnico \u2013 primerjajte sami in nato izberite igralnico, ki vam je najbolj v\u0161e\u010d in kjer u\u017eivate v ponujenih igrah.<\/p>\n<p>Mimogrede: stopnje izpla\u010dil so v prakti\u010dno vseh igralnicah skoraj enake \u2013 v testih igralnic se dosledno gibljejo okoli 97\u201398 odstotkov!<\/p>\n","protected":false},"excerpt":{"rendered":"<p>Primerjava in testiranje spletnih igralnic Za vas primerjamo in testiramo najbolj\u0161e spletne igralnice. Ponudba iger, kakovost programske opreme, varnost in zanesljivost ter nenazadnje bonus ponudbe spletnih igralnic so klju\u010dne za vsakega igralca \u2013 vse te informacije predstavimo jasno. \u010ce \u017eelite izkoristiti ponudbe igralnic in bonus igralnice, ki ga prejmete ob prvem pologu, je v mnogih &#8230; <a title=\"Domov\" class=\"read-more\" href=\"https:\/\/casino-vergleichstest.net\/sl\/\" aria-label=\"Read more about Domov\">Read more<\/a><\/p>\n","protected":false},"author":1,"featured_media":0,"parent":0,"menu_order":0,"comment_status":"closed","ping_status":"closed","template":"","meta":{"footnotes":""},"class_list":["post-221","page","type-page","status-publish"],"yoast_head":"<!-- This site is optimized with the Yoast SEO plugin v27.5 - https:\/\/yoast.com\/product\/yoast-seo-wordpress\/ -->\n<title>Ocena spletne igralnice | Primerjava spletnih igralnic<\/title>\n<meta name=\"robots\" content=\"index, follow, max-snippet:-1, max-image-preview:large, max-video-preview:-1\" \/>\n<link rel=\"canonical\" href=\"https:\/\/casino-vergleichstest.net\/sl\/\" \/>\n<meta property=\"og:locale\" content=\"sl_SI\" \/>\n<meta property=\"og:type\" content=\"article\" \/>\n<meta property=\"og:title\" content=\"Ocena spletne igralnice | Primerjava spletnih igralnic\" \/>\n<meta property=\"og:description\" content=\"Primerjava in testiranje spletnih igralnic Za vas primerjamo in testiramo najbolj\u0161e spletne igralnice. Ponudba iger, kakovost programske opreme, varnost in zanesljivost ter nenazadnje bonus ponudbe spletnih igralnic so klju\u010dne za vsakega igralca \u2013 vse te informacije predstavimo jasno. \u010ce \u017eelite izkoristiti ponudbe igralnic in bonus igralnice, ki ga prejmete ob prvem pologu, je v mnogih ... Read more\" \/>\n<meta property=\"og:url\" content=\"https:\/\/casino-vergleichstest.net\/sl\/\" \/>\n<meta name=\"twitter:card\" content=\"summary_large_image\" \/>\n<meta name=\"twitter:label1\" content=\"Est. reading time\" \/>\n\t<meta name=\"twitter:data1\" content=\"1 minuta\" \/>\n<script type=\"application\/ld+json\" class=\"yoast-schema-graph\">{\"@context\":\"https:\\\/\\\/schema.org\",\"@graph\":[{\"@type\":\"WebPage\",\"@id\":\"https:\\\/\\\/casino-vergleichstest.net\\\/sl\\\/\",\"url\":\"https:\\\/\\\/casino-vergleichstest.net\\\/sl\\\/\",\"name\":\"Ocena spletne igralnice | Primerjava spletnih igralnic\",\"isPartOf\":{\"@id\":\"https:\\\/\\\/casino-vergleichstest.net\\\/sl\\\/#website\"},\"datePublished\":\"2025-08-02T11:56:07+00:00\",\"breadcrumb\":{\"@id\":\"https:\\\/\\\/casino-vergleichstest.net\\\/sl\\\/#breadcrumb\"},\"inLanguage\":\"sl-SI\",\"potentialAction\":[{\"@type\":\"ReadAction\",\"target\":[\"https:\\\/\\\/casino-vergleichstest.net\\\/sl\\\/\"]}]},{\"@type\":\"BreadcrumbList\",\"@id\":\"https:\\\/\\\/casino-vergleichstest.net\\\/sl\\\/#breadcrumb\",\"itemListElement\":[{\"@type\":\"ListItem\",\"position\":1,\"name\":\"Home\",\"item\":\"https:\\\/\\\/casino-vergleichstest.net\\\/sl\\\/\"},{\"@type\":\"ListItem\",\"position\":2,\"name\":\"Domov\"}]},{\"@type\":\"WebSite\",\"@id\":\"https:\\\/\\\/casino-vergleichstest.net\\\/sl\\\/#website\",\"url\":\"https:\\\/\\\/casino-vergleichstest.net\\\/sl\\\/\",\"name\":\"\",\"description\":\"\",\"potentialAction\":[{\"@type\":\"SearchAction\",\"target\":{\"@type\":\"EntryPoint\",\"urlTemplate\":\"https:\\\/\\\/casino-vergleichstest.net\\\/sl\\\/?s={search_term_string}\"},\"query-input\":{\"@type\":\"PropertyValueSpecification\",\"valueRequired\":true,\"valueName\":\"search_term_string\"}}],\"inLanguage\":\"sl-SI\"}]}<\/script>\n<!-- \/ Yoast SEO plugin. -->","yoast_head_json":{"title":"Ocena spletne igralnice | Primerjava spletnih igralnic","robots":{"index":"index","follow":"follow","max-snippet":"max-snippet:-1","max-image-preview":"max-image-preview:large","max-video-preview":"max-video-preview:-1"},"canonical":"https:\/\/casino-vergleichstest.net\/sl\/","og_locale":"sl_SI","og_type":"article","og_title":"Ocena spletne igralnice | Primerjava spletnih igralnic","og_description":"Primerjava in testiranje spletnih igralnic Za vas primerjamo in testiramo najbolj\u0161e spletne igralnice. Ponudba iger, kakovost programske opreme, varnost in zanesljivost ter nenazadnje bonus ponudbe spletnih igralnic so klju\u010dne za vsakega igralca \u2013 vse te informacije predstavimo jasno. \u010ce \u017eelite izkoristiti ponudbe igralnic in bonus igralnice, ki ga prejmete ob prvem pologu, je v mnogih ... Read more","og_url":"https:\/\/casino-vergleichstest.net\/sl\/","twitter_card":"summary_large_image","twitter_misc":{"Est. reading time":"1 minuta"},"schema":{"@context":"https:\/\/schema.org","@graph":[{"@type":"WebPage","@id":"https:\/\/casino-vergleichstest.net\/sl\/","url":"https:\/\/casino-vergleichstest.net\/sl\/","name":"Ocena spletne igralnice | Primerjava spletnih igralnic","isPartOf":{"@id":"https:\/\/casino-vergleichstest.net\/sl\/#website"},"datePublished":"2025-08-02T11:56:07+00:00","breadcrumb":{"@id":"https:\/\/casino-vergleichstest.net\/sl\/#breadcrumb"},"inLanguage":"sl-SI","potentialAction":[{"@type":"ReadAction","target":["https:\/\/casino-vergleichstest.net\/sl\/"]}]},{"@type":"BreadcrumbList","@id":"https:\/\/casino-vergleichstest.net\/sl\/#breadcrumb","itemListElement":[{"@type":"ListItem","position":1,"name":"Home","item":"https:\/\/casino-vergleichstest.net\/sl\/"},{"@type":"ListItem","position":2,"name":"Domov"}]},{"@type":"WebSite","@id":"https:\/\/casino-vergleichstest.net\/sl\/#website","url":"https:\/\/casino-vergleichstest.net\/sl\/","name":"","description":"","potentialAction":[{"@type":"SearchAction","target":{"@type":"EntryPoint","urlTemplate":"https:\/\/casino-vergleichstest.net\/sl\/?s={search_term_string}"},"query-input":{"@type":"PropertyValueSpecification","valueRequired":true,"valueName":"search_term_string"}}],"inLanguage":"sl-SI"}]}},"_links":{"self":[{"href":"https:\/\/casino-vergleichstest.net\/sl\/wp-json\/wp\/v2\/pages\/221","targetHints":{"allow":["GET"]}}],"collection":[{"href":"https:\/\/casino-vergleichstest.net\/sl\/wp-json\/wp\/v2\/pages"}],"about":[{"href":"https:\/\/casino-vergleichstest.net\/sl\/wp-json\/wp\/v2\/types\/page"}],"author":[{"embeddable":true,"href":"https:\/\/casino-vergleichstest.net\/sl\/wp-json\/wp\/v2\/users\/1"}],"replies":[{"embeddable":true,"href":"https:\/\/casino-vergleichstest.net\/sl\/wp-json\/wp\/v2\/comments?post=221"}],"version-history":[{"count":0,"href":"https:\/\/casino-vergleichstest.net\/sl\/wp-json\/wp\/v2\/pages\/221\/revisions"}],"wp:attachment":[{"href":"https:\/\/casino-vergleichstest.net\/sl\/wp-json\/wp\/v2\/media?parent=221"}],"curies":[{"name":"wp","href":"https:\/\/api.w.org\/{rel}","templated":true}]}}