{"id":223,"date":"2025-08-02T11:56:07","date_gmt":"2025-08-02T11:56:07","guid":{"rendered":"https:\/\/casino-vergleichstest.net\/hem\/"},"modified":"2025-08-02T11:56:07","modified_gmt":"2025-08-02T11:56:07","slug":"hem","status":"publish","type":"page","link":"https:\/\/casino-vergleichstest.net\/sv\/","title":{"rendered":"Hem"},"content":{"rendered":"<h2>J\u00e4mf\u00f6relse och test av onlinekasinon<\/h2>\n<p><img loading=\"lazy\" decoding=\"async\" style=\"margin-bottom: 10px; margin-left: 10px; float: right;\" alt=\"Test av onlinekasinon\" src=\"images\/stories\/Jackpot1.jpg\" height=\"156\" width=\"234\" \/>Vi j\u00e4mf\u00f6r och testar de b\u00e4sta onlinekasinona \u00e5t dig. Spelutbudet, mjukvarukvaliteten, s\u00e4kerheten och tillf\u00f6rlitligheten, och sist men inte minst, bonuserbjudandena fr\u00e5n onlinekasinon \u00e4r avg\u00f6rande f\u00f6r varje spelare \u2013 vi presenterar all denna information tydligt. F\u00f6r att dra nytta av casinoerbjudandena och casinobonusen du f\u00e5r med din f\u00f6rsta ins\u00e4ttning \u00e4r det viktigt att ange r\u00e4tt casinobonuskod p\u00e5 m\u00e5nga casinon \u2013 h\u00e4r hittar du respektive casinobonuskod som garanterar dig den maximala, b\u00e4sta casinobonusen!<\/p>\n<p>F\u00f6r att f\u00e5 detaljerad information om de enskilda casinona, klicka p\u00e5 menyn &#8221;B\u00e4sta onlinekasinon i test&#8221; ovan. Vi har skapat ett casinotest f\u00f6r var och en av de stora online casino-leverant\u00f6rerna med all viktig information.<\/p>\n<p>Vi ger dig ocks\u00e5 v\u00e4rdefulla tips om casinostrategi f\u00f6r de mest popul\u00e4ra spelen och svarar p\u00e5 de vanligaste fr\u00e5gorna om online casinon. Alla leverant\u00f6rer i v\u00e5r j\u00e4mf\u00f6relse \u00e4r absolut v\u00e4lrenommerade. Detta g\u00e4ller s\u00e4rskilt n\u00e4r det g\u00e4ller s\u00e4kerheten f\u00f6r ins\u00e4ttningar och uttag, samt r\u00e4ttvisa odds i spelet.<br \/>Se till att l\u00e4sa v\u00e5r information och casinotester innan du v\u00e4ljer ett casino. Det b\u00e4sta online casinot \u00e4r inte n\u00f6dv\u00e4ndigtvis det som erbjuder den b\u00e4sta casinobonuskoden \u2013 du b\u00f6r j\u00e4mf\u00f6ra sj\u00e4lv och sedan v\u00e4lja det casino som tilltalar dig mest och d\u00e4r du gillar de spel som erbjuds.<\/p>\n<p>F\u00f6rresten: utbetalningsprocenten \u00e4r n\u00e4stan desamma p\u00e5 praktiskt taget alla casinon \u2013 de ligger konsekvent runt 97-98 procent i casinotester!<\/p>\n","protected":false},"excerpt":{"rendered":"<p>J\u00e4mf\u00f6relse och test av onlinekasinon Vi j\u00e4mf\u00f6r och testar de b\u00e4sta onlinekasinona \u00e5t dig. Spelutbudet, mjukvarukvaliteten, s\u00e4kerheten och tillf\u00f6rlitligheten, och sist men inte minst, bonuserbjudandena fr\u00e5n onlinekasinon \u00e4r avg\u00f6rande f\u00f6r varje spelare \u2013 vi presenterar all denna information tydligt. F\u00f6r att dra nytta av casinoerbjudandena och casinobonusen du f\u00e5r med din f\u00f6rsta ins\u00e4ttning \u00e4r det &#8230; <a title=\"Hem\" class=\"read-more\" href=\"https:\/\/casino-vergleichstest.net\/sv\/\" aria-label=\"L\u00e4s mer om Hem\">L\u00e4s mer<\/a><\/p>\n","protected":false},"author":1,"featured_media":0,"parent":0,"menu_order":0,"comment_status":"closed","ping_status":"closed","template":"","meta":{"footnotes":""},"class_list":["post-223","page","type-page","status-publish"],"yoast_head":"<!-- This site is optimized with the Yoast SEO plugin v27.4 - https:\/\/yoast.com\/product\/yoast-seo-wordpress\/ -->\n<title>Recension av onlinekasino | J\u00e4mf\u00f6relse av onlinekasino<\/title>\n<meta name=\"robots\" content=\"index, follow, max-snippet:-1, max-image-preview:large, max-video-preview:-1\" \/>\n<link rel=\"canonical\" href=\"https:\/\/casino-vergleichstest.net\/sv\/\" \/>\n<meta property=\"og:locale\" content=\"sv_SE\" \/>\n<meta property=\"og:type\" content=\"article\" \/>\n<meta property=\"og:title\" content=\"Recension av onlinekasino | J\u00e4mf\u00f6relse av onlinekasino\" \/>\n<meta property=\"og:description\" content=\"J\u00e4mf\u00f6relse och test av onlinekasinon Vi j\u00e4mf\u00f6r och testar de b\u00e4sta onlinekasinona \u00e5t dig. Spelutbudet, mjukvarukvaliteten, s\u00e4kerheten och tillf\u00f6rlitligheten, och sist men inte minst, bonuserbjudandena fr\u00e5n onlinekasinon \u00e4r avg\u00f6rande f\u00f6r varje spelare \u2013 vi presenterar all denna information tydligt. F\u00f6r att dra nytta av casinoerbjudandena och casinobonusen du f\u00e5r med din f\u00f6rsta ins\u00e4ttning \u00e4r det ... L\u00e4s mer\" \/>\n<meta property=\"og:url\" content=\"https:\/\/casino-vergleichstest.net\/sv\/\" \/>\n<meta name=\"twitter:card\" content=\"summary_large_image\" \/>\n<meta name=\"twitter:label1\" content=\"Ber\u00e4knad l\u00e4stid\" \/>\n\t<meta name=\"twitter:data1\" content=\"1 minut\" \/>\n<script type=\"application\/ld+json\" class=\"yoast-schema-graph\">{\"@context\":\"https:\\\/\\\/schema.org\",\"@graph\":[{\"@type\":\"WebPage\",\"@id\":\"https:\\\/\\\/casino-vergleichstest.net\\\/sv\\\/\",\"url\":\"https:\\\/\\\/casino-vergleichstest.net\\\/sv\\\/\",\"name\":\"Recension av onlinekasino | J\u00e4mf\u00f6relse av onlinekasino\",\"isPartOf\":{\"@id\":\"https:\\\/\\\/casino-vergleichstest.net\\\/sv\\\/#website\"},\"datePublished\":\"2025-08-02T11:56:07+00:00\",\"breadcrumb\":{\"@id\":\"https:\\\/\\\/casino-vergleichstest.net\\\/sv\\\/#breadcrumb\"},\"inLanguage\":\"sv-SE\",\"potentialAction\":[{\"@type\":\"ReadAction\",\"target\":[\"https:\\\/\\\/casino-vergleichstest.net\\\/sv\\\/\"]}]},{\"@type\":\"BreadcrumbList\",\"@id\":\"https:\\\/\\\/casino-vergleichstest.net\\\/sv\\\/#breadcrumb\",\"itemListElement\":[{\"@type\":\"ListItem\",\"position\":1,\"name\":\"Home\",\"item\":\"https:\\\/\\\/casino-vergleichstest.net\\\/sv\\\/\"},{\"@type\":\"ListItem\",\"position\":2,\"name\":\"Hem\"}]},{\"@type\":\"WebSite\",\"@id\":\"https:\\\/\\\/casino-vergleichstest.net\\\/sv\\\/#website\",\"url\":\"https:\\\/\\\/casino-vergleichstest.net\\\/sv\\\/\",\"name\":\"\",\"description\":\"\",\"potentialAction\":[{\"@type\":\"SearchAction\",\"target\":{\"@type\":\"EntryPoint\",\"urlTemplate\":\"https:\\\/\\\/casino-vergleichstest.net\\\/sv\\\/?s={search_term_string}\"},\"query-input\":{\"@type\":\"PropertyValueSpecification\",\"valueRequired\":true,\"valueName\":\"search_term_string\"}}],\"inLanguage\":\"sv-SE\"}]}<\/script>\n<!-- \/ Yoast SEO plugin. -->","yoast_head_json":{"title":"Recension av onlinekasino | J\u00e4mf\u00f6relse av onlinekasino","robots":{"index":"index","follow":"follow","max-snippet":"max-snippet:-1","max-image-preview":"max-image-preview:large","max-video-preview":"max-video-preview:-1"},"canonical":"https:\/\/casino-vergleichstest.net\/sv\/","og_locale":"sv_SE","og_type":"article","og_title":"Recension av onlinekasino | J\u00e4mf\u00f6relse av onlinekasino","og_description":"J\u00e4mf\u00f6relse och test av onlinekasinon Vi j\u00e4mf\u00f6r och testar de b\u00e4sta onlinekasinona \u00e5t dig. Spelutbudet, mjukvarukvaliteten, s\u00e4kerheten och tillf\u00f6rlitligheten, och sist men inte minst, bonuserbjudandena fr\u00e5n onlinekasinon \u00e4r avg\u00f6rande f\u00f6r varje spelare \u2013 vi presenterar all denna information tydligt. F\u00f6r att dra nytta av casinoerbjudandena och casinobonusen du f\u00e5r med din f\u00f6rsta ins\u00e4ttning \u00e4r det ... L\u00e4s mer","og_url":"https:\/\/casino-vergleichstest.net\/sv\/","twitter_card":"summary_large_image","twitter_misc":{"Ber\u00e4knad l\u00e4stid":"1 minut"},"schema":{"@context":"https:\/\/schema.org","@graph":[{"@type":"WebPage","@id":"https:\/\/casino-vergleichstest.net\/sv\/","url":"https:\/\/casino-vergleichstest.net\/sv\/","name":"Recension av onlinekasino | J\u00e4mf\u00f6relse av onlinekasino","isPartOf":{"@id":"https:\/\/casino-vergleichstest.net\/sv\/#website"},"datePublished":"2025-08-02T11:56:07+00:00","breadcrumb":{"@id":"https:\/\/casino-vergleichstest.net\/sv\/#breadcrumb"},"inLanguage":"sv-SE","potentialAction":[{"@type":"ReadAction","target":["https:\/\/casino-vergleichstest.net\/sv\/"]}]},{"@type":"BreadcrumbList","@id":"https:\/\/casino-vergleichstest.net\/sv\/#breadcrumb","itemListElement":[{"@type":"ListItem","position":1,"name":"Home","item":"https:\/\/casino-vergleichstest.net\/sv\/"},{"@type":"ListItem","position":2,"name":"Hem"}]},{"@type":"WebSite","@id":"https:\/\/casino-vergleichstest.net\/sv\/#website","url":"https:\/\/casino-vergleichstest.net\/sv\/","name":"","description":"","potentialAction":[{"@type":"SearchAction","target":{"@type":"EntryPoint","urlTemplate":"https:\/\/casino-vergleichstest.net\/sv\/?s={search_term_string}"},"query-input":{"@type":"PropertyValueSpecification","valueRequired":true,"valueName":"search_term_string"}}],"inLanguage":"sv-SE"}]}},"_links":{"self":[{"href":"https:\/\/casino-vergleichstest.net\/sv\/wp-json\/wp\/v2\/pages\/223","targetHints":{"allow":["GET"]}}],"collection":[{"href":"https:\/\/casino-vergleichstest.net\/sv\/wp-json\/wp\/v2\/pages"}],"about":[{"href":"https:\/\/casino-vergleichstest.net\/sv\/wp-json\/wp\/v2\/types\/page"}],"author":[{"embeddable":true,"href":"https:\/\/casino-vergleichstest.net\/sv\/wp-json\/wp\/v2\/users\/1"}],"replies":[{"embeddable":true,"href":"https:\/\/casino-vergleichstest.net\/sv\/wp-json\/wp\/v2\/comments?post=223"}],"version-history":[{"count":0,"href":"https:\/\/casino-vergleichstest.net\/sv\/wp-json\/wp\/v2\/pages\/223\/revisions"}],"wp:attachment":[{"href":"https:\/\/casino-vergleichstest.net\/sv\/wp-json\/wp\/v2\/media?parent=223"}],"curies":[{"name":"wp","href":"https:\/\/api.w.org\/{rel}","templated":true}]}}