{"id":224,"date":"2025-08-02T11:56:07","date_gmt":"2025-08-02T11:56:07","guid":{"rendered":"https:\/\/casino-vergleichstest.net\/ev\/"},"modified":"2025-08-02T11:56:07","modified_gmt":"2025-08-02T11:56:07","slug":"ev","status":"publish","type":"page","link":"https:\/\/casino-vergleichstest.net\/tr\/","title":{"rendered":"Ev"},"content":{"rendered":"<h2>\u00c7evrimi\u00e7i Casino Kar\u015f\u0131la\u015ft\u0131rmas\u0131 ve Testi<\/h2>\n<p><img loading=\"lazy\" decoding=\"async\" style=\"margin-bottom: 10px; margin-left: 10px; float: right;\" alt=\"\u00c7evrimi\u00e7i Casino Testi\" src=\"images\/stories\/Jackpot1.jpg\" height=\"156\" width=\"234\" \/>Sizin i\u00e7in en iyi \u00e7evrimi\u00e7i casinolar\u0131 kar\u015f\u0131la\u015ft\u0131r\u0131yor ve test ediyoruz. Oyun yelpazesi, yaz\u0131l\u0131m kalitesi, g\u00fcvenlik ve g\u00fcvenilirlik ve en \u00f6nemlisi, \u00e7evrimi\u00e7i casinolar\u0131n bonus teklifleri her oyuncu i\u00e7in \u00e7ok \u00f6nemlidir; t\u00fcm bu bilgileri a\u00e7\u0131k\u00e7a sunuyoruz. Casino tekliflerinden ve ilk para yat\u0131rma i\u015fleminizle ald\u0131\u011f\u0131n\u0131z casino bonusundan yararlanmak i\u00e7in, bir\u00e7ok casinoda do\u011fru casino bonus kodunu girmek \u00e7ok \u00f6nemlidir; burada size maksimum, en iyi casino bonusunu garanti eden ilgili casino bonus kodunu bulacaks\u0131n\u0131z!<\/p>\n<p>Her bir casino hakk\u0131nda ayr\u0131nt\u0131l\u0131 bilgi edinmek i\u00e7in yukar\u0131daki &#8220;Testteki En \u0130yi \u00c7evrimi\u00e7i Casinolar&#8221; men\u00fcs\u00fcne t\u0131klay\u0131n. T\u00fcm \u00f6nemli bilgileri i\u00e7eren, \u00f6nde gelen online casino sa\u011flay\u0131c\u0131lar\u0131n\u0131n her biri i\u00e7in bir casino testi olu\u015fturduk.<\/p>\n<p>Ayr\u0131ca, en pop\u00fcler oyunlar i\u00e7in casino stratejileri hakk\u0131nda de\u011ferli ipu\u00e7lar\u0131 veriyor ve online casinolar hakk\u0131nda en s\u0131k sorulan sorular\u0131 yan\u0131tl\u0131yoruz. Kar\u015f\u0131la\u015ft\u0131rmam\u0131zdaki t\u00fcm sa\u011flay\u0131c\u0131lar kesinlikle sayg\u0131nd\u0131r. Bu, \u00f6zellikle para yat\u0131rma ve \u00e7ekme i\u015flemlerinin g\u00fcvenli\u011fi ve oyundaki adil oranlar a\u00e7\u0131s\u0131ndan ge\u00e7erlidir.<br \/>Bir casino se\u00e7meden \u00f6nce bilgilerimizi ve casino testlerimizi mutlaka okuyun. En iyi online casino, en iyi casino bonus kodunu sunan casino olmak zorunda de\u011fildir; \u00f6nce kendiniz kar\u015f\u0131la\u015ft\u0131rmal\u0131, ard\u0131ndan size en \u00e7ok hitap eden ve sunulan oyunlardan keyif ald\u0131\u011f\u0131n\u0131z casinoyu se\u00e7melisiniz.<\/p>\n<p>Bu arada: \u00f6deme oranlar\u0131 neredeyse t\u00fcm casinolarda hemen hemen ayn\u0131d\u0131r; casino testlerinde s\u00fcrekli olarak %97-98 civar\u0131nda seyreder!<\/p>\n","protected":false},"excerpt":{"rendered":"<p>\u00c7evrimi\u00e7i Casino Kar\u015f\u0131la\u015ft\u0131rmas\u0131 ve Testi Sizin i\u00e7in en iyi \u00e7evrimi\u00e7i casinolar\u0131 kar\u015f\u0131la\u015ft\u0131r\u0131yor ve test ediyoruz. Oyun yelpazesi, yaz\u0131l\u0131m kalitesi, g\u00fcvenlik ve g\u00fcvenilirlik ve en \u00f6nemlisi, \u00e7evrimi\u00e7i casinolar\u0131n bonus teklifleri her oyuncu i\u00e7in \u00e7ok \u00f6nemlidir; t\u00fcm bu bilgileri a\u00e7\u0131k\u00e7a sunuyoruz. Casino tekliflerinden ve ilk para yat\u0131rma i\u015fleminizle ald\u0131\u011f\u0131n\u0131z casino bonusundan yararlanmak i\u00e7in, bir\u00e7ok casinoda do\u011fru casino &#8230; <a title=\"Ev\" class=\"read-more\" href=\"https:\/\/casino-vergleichstest.net\/tr\/\" aria-label=\"Read more about Ev\">Devam\u0131n\u0131 oku<\/a><\/p>\n","protected":false},"author":1,"featured_media":0,"parent":0,"menu_order":0,"comment_status":"closed","ping_status":"closed","template":"","meta":{"footnotes":""},"class_list":["post-224","page","type-page","status-publish"],"yoast_head":"<!-- This site is optimized with the Yoast SEO plugin v27.4 - https:\/\/yoast.com\/product\/yoast-seo-wordpress\/ -->\n<title>\u00c7evrimi\u00e7i Casino \u0130ncelemesi | \u00c7evrimi\u00e7i Casino Kar\u015f\u0131la\u015ft\u0131rmas\u0131<\/title>\n<meta name=\"robots\" content=\"index, follow, max-snippet:-1, max-image-preview:large, max-video-preview:-1\" \/>\n<link rel=\"canonical\" href=\"https:\/\/casino-vergleichstest.net\/tr\/\" \/>\n<meta property=\"og:locale\" content=\"tr_TR\" \/>\n<meta property=\"og:type\" content=\"article\" \/>\n<meta property=\"og:title\" content=\"\u00c7evrimi\u00e7i Casino \u0130ncelemesi | \u00c7evrimi\u00e7i Casino Kar\u015f\u0131la\u015ft\u0131rmas\u0131\" \/>\n<meta property=\"og:description\" content=\"\u00c7evrimi\u00e7i Casino Kar\u015f\u0131la\u015ft\u0131rmas\u0131 ve Testi Sizin i\u00e7in en iyi \u00e7evrimi\u00e7i casinolar\u0131 kar\u015f\u0131la\u015ft\u0131r\u0131yor ve test ediyoruz. Oyun yelpazesi, yaz\u0131l\u0131m kalitesi, g\u00fcvenlik ve g\u00fcvenilirlik ve en \u00f6nemlisi, \u00e7evrimi\u00e7i casinolar\u0131n bonus teklifleri her oyuncu i\u00e7in \u00e7ok \u00f6nemlidir; t\u00fcm bu bilgileri a\u00e7\u0131k\u00e7a sunuyoruz. Casino tekliflerinden ve ilk para yat\u0131rma i\u015fleminizle ald\u0131\u011f\u0131n\u0131z casino bonusundan yararlanmak i\u00e7in, bir\u00e7ok casinoda do\u011fru casino ... Devam\u0131n\u0131 oku\" \/>\n<meta property=\"og:url\" content=\"https:\/\/casino-vergleichstest.net\/tr\/\" \/>\n<meta name=\"twitter:card\" content=\"summary_large_image\" \/>\n<meta name=\"twitter:label1\" content=\"Tahmini okuma s\u00fcresi\" \/>\n\t<meta name=\"twitter:data1\" content=\"1 dakika\" \/>\n<script type=\"application\/ld+json\" class=\"yoast-schema-graph\">{\"@context\":\"https:\\\/\\\/schema.org\",\"@graph\":[{\"@type\":\"WebPage\",\"@id\":\"https:\\\/\\\/casino-vergleichstest.net\\\/tr\\\/\",\"url\":\"https:\\\/\\\/casino-vergleichstest.net\\\/tr\\\/\",\"name\":\"\u00c7evrimi\u00e7i Casino \u0130ncelemesi | \u00c7evrimi\u00e7i Casino Kar\u015f\u0131la\u015ft\u0131rmas\u0131\",\"isPartOf\":{\"@id\":\"https:\\\/\\\/casino-vergleichstest.net\\\/tr\\\/#website\"},\"datePublished\":\"2025-08-02T11:56:07+00:00\",\"breadcrumb\":{\"@id\":\"https:\\\/\\\/casino-vergleichstest.net\\\/tr\\\/#breadcrumb\"},\"inLanguage\":\"tr\",\"potentialAction\":[{\"@type\":\"ReadAction\",\"target\":[\"https:\\\/\\\/casino-vergleichstest.net\\\/tr\\\/\"]}]},{\"@type\":\"BreadcrumbList\",\"@id\":\"https:\\\/\\\/casino-vergleichstest.net\\\/tr\\\/#breadcrumb\",\"itemListElement\":[{\"@type\":\"ListItem\",\"position\":1,\"name\":\"Home\",\"item\":\"https:\\\/\\\/casino-vergleichstest.net\\\/tr\\\/\"},{\"@type\":\"ListItem\",\"position\":2,\"name\":\"Ev\"}]},{\"@type\":\"WebSite\",\"@id\":\"https:\\\/\\\/casino-vergleichstest.net\\\/tr\\\/#website\",\"url\":\"https:\\\/\\\/casino-vergleichstest.net\\\/tr\\\/\",\"name\":\"\",\"description\":\"\",\"potentialAction\":[{\"@type\":\"SearchAction\",\"target\":{\"@type\":\"EntryPoint\",\"urlTemplate\":\"https:\\\/\\\/casino-vergleichstest.net\\\/tr\\\/?s={search_term_string}\"},\"query-input\":{\"@type\":\"PropertyValueSpecification\",\"valueRequired\":true,\"valueName\":\"search_term_string\"}}],\"inLanguage\":\"tr\"}]}<\/script>\n<!-- \/ Yoast SEO plugin. -->","yoast_head_json":{"title":"\u00c7evrimi\u00e7i Casino \u0130ncelemesi | \u00c7evrimi\u00e7i Casino Kar\u015f\u0131la\u015ft\u0131rmas\u0131","robots":{"index":"index","follow":"follow","max-snippet":"max-snippet:-1","max-image-preview":"max-image-preview:large","max-video-preview":"max-video-preview:-1"},"canonical":"https:\/\/casino-vergleichstest.net\/tr\/","og_locale":"tr_TR","og_type":"article","og_title":"\u00c7evrimi\u00e7i Casino \u0130ncelemesi | \u00c7evrimi\u00e7i Casino Kar\u015f\u0131la\u015ft\u0131rmas\u0131","og_description":"\u00c7evrimi\u00e7i Casino Kar\u015f\u0131la\u015ft\u0131rmas\u0131 ve Testi Sizin i\u00e7in en iyi \u00e7evrimi\u00e7i casinolar\u0131 kar\u015f\u0131la\u015ft\u0131r\u0131yor ve test ediyoruz. Oyun yelpazesi, yaz\u0131l\u0131m kalitesi, g\u00fcvenlik ve g\u00fcvenilirlik ve en \u00f6nemlisi, \u00e7evrimi\u00e7i casinolar\u0131n bonus teklifleri her oyuncu i\u00e7in \u00e7ok \u00f6nemlidir; t\u00fcm bu bilgileri a\u00e7\u0131k\u00e7a sunuyoruz. Casino tekliflerinden ve ilk para yat\u0131rma i\u015fleminizle ald\u0131\u011f\u0131n\u0131z casino bonusundan yararlanmak i\u00e7in, bir\u00e7ok casinoda do\u011fru casino ... Devam\u0131n\u0131 oku","og_url":"https:\/\/casino-vergleichstest.net\/tr\/","twitter_card":"summary_large_image","twitter_misc":{"Tahmini okuma s\u00fcresi":"1 dakika"},"schema":{"@context":"https:\/\/schema.org","@graph":[{"@type":"WebPage","@id":"https:\/\/casino-vergleichstest.net\/tr\/","url":"https:\/\/casino-vergleichstest.net\/tr\/","name":"\u00c7evrimi\u00e7i Casino \u0130ncelemesi | \u00c7evrimi\u00e7i Casino Kar\u015f\u0131la\u015ft\u0131rmas\u0131","isPartOf":{"@id":"https:\/\/casino-vergleichstest.net\/tr\/#website"},"datePublished":"2025-08-02T11:56:07+00:00","breadcrumb":{"@id":"https:\/\/casino-vergleichstest.net\/tr\/#breadcrumb"},"inLanguage":"tr","potentialAction":[{"@type":"ReadAction","target":["https:\/\/casino-vergleichstest.net\/tr\/"]}]},{"@type":"BreadcrumbList","@id":"https:\/\/casino-vergleichstest.net\/tr\/#breadcrumb","itemListElement":[{"@type":"ListItem","position":1,"name":"Home","item":"https:\/\/casino-vergleichstest.net\/tr\/"},{"@type":"ListItem","position":2,"name":"Ev"}]},{"@type":"WebSite","@id":"https:\/\/casino-vergleichstest.net\/tr\/#website","url":"https:\/\/casino-vergleichstest.net\/tr\/","name":"","description":"","potentialAction":[{"@type":"SearchAction","target":{"@type":"EntryPoint","urlTemplate":"https:\/\/casino-vergleichstest.net\/tr\/?s={search_term_string}"},"query-input":{"@type":"PropertyValueSpecification","valueRequired":true,"valueName":"search_term_string"}}],"inLanguage":"tr"}]}},"_links":{"self":[{"href":"https:\/\/casino-vergleichstest.net\/tr\/wp-json\/wp\/v2\/pages\/224","targetHints":{"allow":["GET"]}}],"collection":[{"href":"https:\/\/casino-vergleichstest.net\/tr\/wp-json\/wp\/v2\/pages"}],"about":[{"href":"https:\/\/casino-vergleichstest.net\/tr\/wp-json\/wp\/v2\/types\/page"}],"author":[{"embeddable":true,"href":"https:\/\/casino-vergleichstest.net\/tr\/wp-json\/wp\/v2\/users\/1"}],"replies":[{"embeddable":true,"href":"https:\/\/casino-vergleichstest.net\/tr\/wp-json\/wp\/v2\/comments?post=224"}],"version-history":[{"count":0,"href":"https:\/\/casino-vergleichstest.net\/tr\/wp-json\/wp\/v2\/pages\/224\/revisions"}],"wp:attachment":[{"href":"https:\/\/casino-vergleichstest.net\/tr\/wp-json\/wp\/v2\/media?parent=224"}],"curies":[{"name":"wp","href":"https:\/\/api.w.org\/{rel}","templated":true}]}}